{"id":20180,"date":"2011-11-17T21:25:28","date_gmt":"2011-11-17T21:25:28","guid":{"rendered":"https:\/\/shop.metal-badge.ch\/?product=reveil-matin"},"modified":"2020-08-02T00:00:07","modified_gmt":"2020-08-01T22:00:07","slug":"reveil-matin","status":"publish","type":"product","link":"https:\/\/metal-badge.ch\/fr\/product\/20180\/reveil-matin\/","title":{"rendered":"r\u00e9veil matin"},"content":{"rendered":"<p>Cet innovant r\u00e9veil matin se distingue par son design, compacit\u00e9 et fonctionnement intuitif.<br \/>\nOutre aux fonctions traditionnelles de r\u00e9veil et horloge, son \u00e9cran indique encore la temp\u00e9rature ambiante en Celsius ou Fahrenheit.<br \/>\nIl suffit d\u2019appuyer un simple bouton pour activer la fonction vocale, la temp\u00e9rature ambiante et l&rsquo;heure sont annonc\u00e9es toutes les heures dans la langue anglaise.<\/p>\n<p>La fonction d&rsquo;alarme est \u00e9quip\u00e9e avec plusieurs tons et signaux.<br \/>\nQuand on touche l&rsquo;\u00e9cran, il s&rsquo;allume en 7 couleurs diff\u00e9rentes qui changent automatiquement pendant une p\u00e9riode de 20 secondes.<\/p>\n<p><strong>Donn\u00e9es techniques:<\/strong><br \/>\nDimensions: Hauteur 6,7cm \/ 8,7 cm \/ 8,7 cm<br \/>\nFonctionnement \u00e0 piles: 3 * AAA<br \/>\nCouleurs: rouge ou bleu<\/p>\n","protected":false},"excerpt":{"rendered":"<p>Cet innovant r\u00e9veil matin se distingue par son design, compacit\u00e9 et fonctionnement intuitif. Outre aux fonctions traditionnelles de r\u00e9veil et horloge, son \u00e9cran indique encore la temp\u00e9rature ambiante en Celsius ou Fahrenheit. Il suffit d\u2019appuyer un simple bouton pour activer la fonction vocale, la temp\u00e9rature ambiante et l&rsquo;heure sont annonc\u00e9es toutes les heures dans la [&hellip;]<\/p>\n","protected":false},"featured_media":87514,"comment_status":"open","ping_status":"closed","template":"","meta":{"inline_featured_image":false},"product_brand":[],"product_cat":[1435],"product_tag":[1777,1773],"class_list":{"0":"post-20180","1":"product","2":"type-product","3":"status-publish","4":"has-post-thumbnail","6":"product_cat-camping-voyage","7":"product_tag-camping-voyage","8":"product_tag-chasse-peche","10":"first","11":"instock","12":"sale","13":"taxable","14":"shipping-taxable","15":"purchasable","16":"product-type-simple"},"_links":{"self":[{"href":"https:\/\/metal-badge.ch\/fr\/wp-json\/wp\/v2\/product\/20180","targetHints":{"allow":["GET"]}}],"collection":[{"href":"https:\/\/metal-badge.ch\/fr\/wp-json\/wp\/v2\/product"}],"about":[{"href":"https:\/\/metal-badge.ch\/fr\/wp-json\/wp\/v2\/types\/product"}],"replies":[{"embeddable":true,"href":"https:\/\/metal-badge.ch\/fr\/wp-json\/wp\/v2\/comments?post=20180"}],"wp:featuredmedia":[{"embeddable":true,"href":"https:\/\/metal-badge.ch\/fr\/wp-json\/wp\/v2\/media\/87514"}],"wp:attachment":[{"href":"https:\/\/metal-badge.ch\/fr\/wp-json\/wp\/v2\/media?parent=20180"}],"wp:term":[{"taxonomy":"product_brand","embeddable":true,"href":"https:\/\/metal-badge.ch\/fr\/wp-json\/wp\/v2\/product_brand?post=20180"},{"taxonomy":"product_cat","embeddable":true,"href":"https:\/\/metal-badge.ch\/fr\/wp-json\/wp\/v2\/product_cat?post=20180"},{"taxonomy":"product_tag","embeddable":true,"href":"https:\/\/metal-badge.ch\/fr\/wp-json\/wp\/v2\/product_tag?post=20180"}],"curies":[{"name":"wp","href":"https:\/\/api.w.org\/{rel}","templated":true}]}}