{"id":20173,"date":"2011-11-09T23:47:40","date_gmt":"2011-11-09T23:47:40","guid":{"rendered":"https:\/\/shop.metal-badge.ch\/?product=bouteille"},"modified":"2012-03-11T21:45:40","modified_gmt":"2012-03-11T21:45:40","slug":"bouteille","status":"publish","type":"product","link":"https:\/\/metal-badge.ch\/fr\/product\/20173\/bouteille\/","title":{"rendered":"Bouteille"},"content":{"rendered":"<p><img decoding=\"async\" src=\"https:\/\/metal-badge.ch\/wp-content\/uploads\/content\/wenger_logo_2nd.jpg\" title=\"Wenger\" aligne=\"left\" alt=\"\"><\/p>\n<p>Wenger bouteilles en aluminium de 800 ml et 650 ml en deux tailles et quatre couleurs.<\/p>\n<p><strong>Bouteilles Wenger<\/strong> \u00e9tablissent de nouvelles normes dans le design, fonctionnalit\u00e9, qualit\u00e9, s\u00e9curit\u00e9 et m\u00e9thodes de production \u00e9cologiques.<\/p>\n<p><strong>Fabrication en pur aluminium<\/strong> Les bouteilles d&rsquo;aluminium sont facilement recycl\u00e9es et ne transf\u00e8rent qu\u2019une odeur minimale au contenu et sont comparables \u00e0 l&rsquo;acier inoxydable ou d\u2019autres mat\u00e9riaux couramment utilis\u00e9s.<\/p>\n<p><strong>Le rev\u00eatement interne produit en Suisse est 100% libre de Bisph\u00e9nol A et de Phthalate<\/strong><\/p>\n<p>Sans BPA (bisph\u00e9nol A), et sans phtalates certifi\u00e9 conform\u00e9ment aux r\u00e8gles strictes de la Food and Drug Administration am\u00e9ricaine.<br \/>\nUn rev\u00eatement permanent assure une excellente durabilit\u00e9.<\/p>\n<p><strong>Avantages du syst\u00e8me de triple serrure<\/strong><br \/>\nAvec le syst\u00e8me triple serrure il ne faut qu\u2019un demi-tour pour ouvrir ou fermer la bouteille. La serrure est fiable et durable.<\/p>\n<p>Une bague d&rsquo;\u00e9tanch\u00e9it\u00e9 facilement rempla\u00e7able pr\u00e9voit la fermeture s\u00e9curis\u00e9e. Chaque bouteille est livr\u00e9e avec un joint de remplacement gratuit.<\/p>\n<p>La bague d&rsquo;\u00e9tanch\u00e9it\u00e9 est faite de thermoplastique, inoffensif pour la sant\u00e9. Elle assure que la bouteille soit scell\u00e9e et durable et qu\u2019elle r\u00e9siste \u00e0 la pression de fermeture. La bague d&rsquo;\u00e9tanch\u00e9it\u00e9 ne doit jamais \u00eatre faite de silicone, ce qui a tendance \u00e0 s\u00e9cr\u00e9ter de substances nocives.<\/p>\n<p><strong>Avantages de la grande ouverture de la bouteille<br \/>\n(41 mm de diam\u00e8tre)<\/strong><br \/>\nAvec un diam\u00e8tre de 41 mm, l&rsquo;ouverture de la bouteille est assez grande pour un remplissage ais\u00e9 &#8211; des morceaux de fruits, des m\u00e9langes en poudre ou gla\u00e7ons.<\/p>\n<p>Nettoyage facile de l&rsquo;int\u00e9rieur de la bouteille.<br \/>\nOuverture id\u00e9ale de la bouteille pour boire.<br \/>\nRev\u00eatement int\u00e9rieur produit par un fabricant leader en Suisse.<\/p>\n<p>Rev\u00eatement extr\u00eamement souple qui reste stable et ne casse pas lors des bosses.<\/p>\n<p><strong>Bouteilles en aluminium Wenger 800 ml<\/strong><br \/>\nPoids: 165 g<br \/>\nDiam\u00e8tre de l&rsquo;ouverture: 41 mm<br \/>\nDiam\u00e8tre ext\u00e9rieur: 72 mm<br \/>\nHauteur avec bouchon: 265 mm<br \/>\nR\u00e9f\u00e9rence : L23.1017.01 noir mat<br \/>\nR\u00e9f\u00e9rence : L23.1017.02 blanc brillant<br \/>\nR\u00e9f\u00e9rence :  L23.1017.03 rouge brillant<br \/>\nR\u00e9f\u00e9rence : L23.1017.04 jaune brillant<br \/>\nPrix: 800 ml CHF 25.-<\/p>\n<p><strong>Bouteilles en aluminium Wenger 650 ml<\/strong><br \/>\nPoids: 145 g<br \/>\nDiam\u00e8tre de l&rsquo;ouverture: 41 mm<br \/>\nDiam\u00e8tre ext\u00e9rieur: 72 mm<br \/>\nHauteur avec bouchon: 230 mm<br \/>\nR\u00e9f\u00e9rence : L23.1016.01 noir mat<br \/>\nR\u00e9f\u00e9rence : L23.1016.02 blanc brillant<br \/>\nR\u00e9f\u00e9rence : L23.1016.03 rouge brillant<br \/>\nR\u00e9f\u00e9rence : L23.1016.04 jaune brillant<br \/>\nPrix: 650 ml CHF22.-<\/p>\n<p><center><br \/>\n<strong>Acheter sans risque. Nous sommes partenaire et agent agr\u00e9\u00e9 de WENGER!<\/strong><\/p>\n<p><img decoding=\"async\" src=\"https:\/\/metal-badge.ch\/wp-content\/uploads\/content\/wengerwerbung.gif\" alt=\"Wenger authorized retailer\" title=\"Wenger authorized retailer\" \/><\/p>\n<p><\/center><\/p>\n","protected":false},"excerpt":{"rendered":"<p>Wenger bouteilles en aluminium de 800 ml et 650 ml en deux tailles et quatre couleurs. Bouteilles Wenger \u00e9tablissent de nouvelles normes dans le design, fonctionnalit\u00e9, qualit\u00e9, s\u00e9curit\u00e9 et m\u00e9thodes de production \u00e9cologiques. Fabrication en pur aluminium Les bouteilles d&rsquo;aluminium sont facilement recycl\u00e9es et ne transf\u00e8rent qu\u2019une odeur minimale au contenu et sont comparables \u00e0 [&hellip;]<\/p>\n","protected":false},"featured_media":54914,"comment_status":"open","ping_status":"closed","template":"","meta":{"inline_featured_image":false},"product_brand":[1485],"product_cat":[1347,1275],"product_tag":[1769,1777,1773,1765],"class_list":{"0":"post-20173","1":"product","2":"type-product","3":"status-publish","4":"has-post-thumbnail","6":"product_brand-wenger","7":"product_cat-accessoires-militaires-de-chasse","8":"product_cat-bouteilles-poele-recipient","9":"product_tag-army-survival-fr","10":"product_tag-camping-voyage","11":"product_tag-chasse-peche","12":"product_tag-sport-outdoor-fr","14":"first","15":"outofstock","16":"taxable","17":"shipping-taxable","18":"purchasable","19":"product-type-simple"},"_links":{"self":[{"href":"https:\/\/metal-badge.ch\/fr\/wp-json\/wp\/v2\/product\/20173","targetHints":{"allow":["GET"]}}],"collection":[{"href":"https:\/\/metal-badge.ch\/fr\/wp-json\/wp\/v2\/product"}],"about":[{"href":"https:\/\/metal-badge.ch\/fr\/wp-json\/wp\/v2\/types\/product"}],"replies":[{"embeddable":true,"href":"https:\/\/metal-badge.ch\/fr\/wp-json\/wp\/v2\/comments?post=20173"}],"wp:featuredmedia":[{"embeddable":true,"href":"https:\/\/metal-badge.ch\/fr\/wp-json\/wp\/v2\/media\/54914"}],"wp:attachment":[{"href":"https:\/\/metal-badge.ch\/fr\/wp-json\/wp\/v2\/media?parent=20173"}],"wp:term":[{"taxonomy":"product_brand","embeddable":true,"href":"https:\/\/metal-badge.ch\/fr\/wp-json\/wp\/v2\/product_brand?post=20173"},{"taxonomy":"product_cat","embeddable":true,"href":"https:\/\/metal-badge.ch\/fr\/wp-json\/wp\/v2\/product_cat?post=20173"},{"taxonomy":"product_tag","embeddable":true,"href":"https:\/\/metal-badge.ch\/fr\/wp-json\/wp\/v2\/product_tag?post=20173"}],"curies":[{"name":"wp","href":"https:\/\/api.w.org\/{rel}","templated":true}]}}