{"id":20164,"date":"2011-11-09T23:03:21","date_gmt":"2011-11-09T23:03:21","guid":{"rendered":"https:\/\/shop.metal-badge.ch\/?product=wenger-hybrid"},"modified":"2015-06-04T09:51:09","modified_gmt":"2015-06-04T09:51:09","slug":"wenger-hybrid","status":"publish","type":"product","link":"https:\/\/metal-badge.ch\/fr\/product\/20164\/wenger-hybrid\/","title":{"rendered":"Wenger Hybrid"},"content":{"rendered":"<p><img decoding=\"async\" src=\"https:\/\/metal-badge.ch\/wp-content\/uploads\/content\/wenger_logo_2nd.jpg\" title=\"Wenger\" aligne=\"left\" alt=\"\"><\/p>\n<p>Le compagnon de voyage id\u00e9al par Wenger, cette valise noire multi-fonctionnelle, l\u00e9g\u00e8re en polycarbonate noir et nylon balistique, avec une poign\u00e9e confort et poign\u00e9e de traction t\u00e9lescopique ergonomique, il ne reste rien \u00e0 d\u00e9sirer.  <\/p>\n<p>Equip\u00e9 d\u2019un syst\u00e8me \u00e0 4 galets de rouets 360 degr\u00e9s, grand compartiment principal avec deux poches frontales.  <br \/>Des protections en polycarbonate au-dessus et dessous offrent une r\u00e9sistance suppl\u00e9mentaire \u00e0 l&rsquo;impact.   <br \/>A l\u2019int\u00e9rieur un diviseur en filet \u00e0 glissi\u00e8re et sangles de compression r\u00e9glable.<\/p>\n<p>Preis: 369.- \/\/ 90 Litres Hybrid 30 R\u00e9f\u00e9rence L21.1001.03  <br \/>\nPreis: 349.- \/\/ 45 Litres Hybrid 26 R\u00e9f\u00e9rence L21.1001.02  <br \/>\nPreis: 295.- \/\/ 20 Litres Hybrid 21 R\u00e9f\u00e9rence L21.1001.01  <\/p>\n<p>\nIllustr\u00e9: Hybride 21 mod\u00e8le: L21.1001.01 <br \/>\nDimensions: largeur 40 cm \/ profondeur 26 cm \/ hauteur 56 cm<br \/>Mod\u00e8le: L21.1001.01 \/ 20 litres <br \/>\nCouleur: Noir <\/p>\n<p><strong>Acheter sans risque. Nous sommes partenaire et agent agr\u00e9\u00e9 de WENGER!<\/strong><br \/>\n<center><\/p>\n<p><img decoding=\"async\" src=\"https:\/\/metal-badge.ch\/wp-content\/uploads\/content\/wengerwerbung.gif\" alt=\"Wenger authorized retailer\" title=\"Wenger authorized retailer\" \/><\/p>\n<p><\/center><\/p>\n","protected":false},"excerpt":{"rendered":"<p>Le compagnon de voyage id\u00e9al par Wenger, cette valise noire multi-fonctionnelle, l\u00e9g\u00e8re en polycarbonate noir et nylon balistique, avec une poign\u00e9e confort et poign\u00e9e de traction t\u00e9lescopique ergonomique, il ne reste rien \u00e0 d\u00e9sirer. Equip\u00e9 d\u2019un syst\u00e8me \u00e0 4 galets de rouets 360 degr\u00e9s, grand compartiment principal avec deux poches frontales. Des protections en polycarbonate [&hellip;]<\/p>\n","protected":false},"featured_media":93351,"comment_status":"open","ping_status":"closed","template":"","meta":{"inline_featured_image":false},"product_brand":[1485],"product_cat":[1059,1815],"product_tag":[1777,1773,1765],"class_list":{"0":"post-20164","1":"product","2":"type-product","3":"status-publish","4":"has-post-thumbnail","6":"product_brand-wenger","7":"product_cat-sacs","8":"product_cat-sacs-de-transport-de-voyage","9":"product_tag-camping-voyage","10":"product_tag-chasse-peche","11":"product_tag-sport-outdoor-fr","13":"first","14":"instock","15":"taxable","16":"shipping-taxable","17":"purchasable","18":"product-type-simple"},"_links":{"self":[{"href":"https:\/\/metal-badge.ch\/fr\/wp-json\/wp\/v2\/product\/20164","targetHints":{"allow":["GET"]}}],"collection":[{"href":"https:\/\/metal-badge.ch\/fr\/wp-json\/wp\/v2\/product"}],"about":[{"href":"https:\/\/metal-badge.ch\/fr\/wp-json\/wp\/v2\/types\/product"}],"replies":[{"embeddable":true,"href":"https:\/\/metal-badge.ch\/fr\/wp-json\/wp\/v2\/comments?post=20164"}],"wp:featuredmedia":[{"embeddable":true,"href":"https:\/\/metal-badge.ch\/fr\/wp-json\/wp\/v2\/media\/93351"}],"wp:attachment":[{"href":"https:\/\/metal-badge.ch\/fr\/wp-json\/wp\/v2\/media?parent=20164"}],"wp:term":[{"taxonomy":"product_brand","embeddable":true,"href":"https:\/\/metal-badge.ch\/fr\/wp-json\/wp\/v2\/product_brand?post=20164"},{"taxonomy":"product_cat","embeddable":true,"href":"https:\/\/metal-badge.ch\/fr\/wp-json\/wp\/v2\/product_cat?post=20164"},{"taxonomy":"product_tag","embeddable":true,"href":"https:\/\/metal-badge.ch\/fr\/wp-json\/wp\/v2\/product_tag?post=20164"}],"curies":[{"name":"wp","href":"https:\/\/api.w.org\/{rel}","templated":true}]}}