{"id":20154,"date":"2011-11-09T22:49:37","date_gmt":"2011-11-09T22:49:37","guid":{"rendered":"https:\/\/shop.metal-badge.ch\/?product=techno"},"modified":"2012-01-12T12:34:37","modified_gmt":"2012-01-12T12:34:37","slug":"techno","status":"publish","type":"product","link":"https:\/\/metal-badge.ch\/fr\/product\/20154\/techno\/","title":{"rendered":"Techno"},"content":{"rendered":"<p><img decoding=\"async\" src=\"https:\/\/metal-badge.ch\/wp-content\/uploads\/content\/wenger_logo_2nd.jpg\" title=\"Wenger\" aligne=\"left\" alt=\"\"><\/p>\n<p>Le portefeuille Wenger en nylon \/ caoutchouc PVC avec fermeture Velcro. <br \/>Poche de monnaie avec fermeture zipp\u00e9e. Deux emplacements pour cartes de cr\u00e9dit pour au moins 6 cartes de cr\u00e9dit. <br \/>Derri\u00e8re le compartiment \u00e0 cartes de cr\u00e9dit, encore un compartiment d\u2019insertion pour les cartes d&rsquo;identit\u00e9, cartes, etc.<br \/> <br \/>\n\u00c9galement inclus dans ce portefeuille, une fen\u00eatre d&rsquo;identification en filet de nylon et un compartiment s\u00e9par\u00e9 pour billets. <br \/>Sur le dos ext\u00e9rieur encore un compartiment d\u2019insertion pour les cartes d\u2019identit\u00e9 et cartes.<\/p>\n<p>Couleur: Noir \/ Gris<br \/>\nDimensions: hauteur 8 cm \/ 12 cm<\/p>\n<p><center><br \/>\n<strong>Acheter sans risque. Nous sommes partenaire et agent agr\u00e9\u00e9 de WENGER!<\/strong><\/p>\n<p><img decoding=\"async\" src=\"https:\/\/metal-badge.ch\/wp-content\/uploads\/content\/wengerwerbung.gif\" alt=\"Wenger authorized retailer\" title=\"Wenger authorized retailer\" \/><\/p>\n<p><\/center><\/p>\n","protected":false},"excerpt":{"rendered":"<p>Le portefeuille Wenger en nylon \/ caoutchouc PVC avec fermeture Velcro. Poche de monnaie avec fermeture zipp\u00e9e. Deux emplacements pour cartes de cr\u00e9dit pour au moins 6 cartes de cr\u00e9dit. Derri\u00e8re le compartiment \u00e0 cartes de cr\u00e9dit, encore un compartiment d\u2019insertion pour les cartes d&rsquo;identit\u00e9, cartes, etc. \u00c9galement inclus dans ce portefeuille, une fen\u00eatre d&rsquo;identification [&hellip;]<\/p>\n","protected":false},"featured_media":93353,"comment_status":"open","ping_status":"closed","template":"","meta":{"inline_featured_image":false},"product_brand":[1485],"product_cat":[907,947],"product_tag":[1773],"class_list":{"0":"post-20154","1":"product","2":"type-product","3":"status-publish","4":"has-post-thumbnail","6":"product_brand-wenger","7":"product_cat-etuis-en-cuir-sans-badge","8":"product_cat-portemonnaies-etuis-en-cuir","9":"product_tag-chasse-peche","11":"first","12":"instock","13":"taxable","14":"shipping-taxable","15":"purchasable","16":"product-type-simple"},"_links":{"self":[{"href":"https:\/\/metal-badge.ch\/fr\/wp-json\/wp\/v2\/product\/20154","targetHints":{"allow":["GET"]}}],"collection":[{"href":"https:\/\/metal-badge.ch\/fr\/wp-json\/wp\/v2\/product"}],"about":[{"href":"https:\/\/metal-badge.ch\/fr\/wp-json\/wp\/v2\/types\/product"}],"replies":[{"embeddable":true,"href":"https:\/\/metal-badge.ch\/fr\/wp-json\/wp\/v2\/comments?post=20154"}],"wp:featuredmedia":[{"embeddable":true,"href":"https:\/\/metal-badge.ch\/fr\/wp-json\/wp\/v2\/media\/93353"}],"wp:attachment":[{"href":"https:\/\/metal-badge.ch\/fr\/wp-json\/wp\/v2\/media?parent=20154"}],"wp:term":[{"taxonomy":"product_brand","embeddable":true,"href":"https:\/\/metal-badge.ch\/fr\/wp-json\/wp\/v2\/product_brand?post=20154"},{"taxonomy":"product_cat","embeddable":true,"href":"https:\/\/metal-badge.ch\/fr\/wp-json\/wp\/v2\/product_cat?post=20154"},{"taxonomy":"product_tag","embeddable":true,"href":"https:\/\/metal-badge.ch\/fr\/wp-json\/wp\/v2\/product_tag?post=20154"}],"curies":[{"name":"wp","href":"https:\/\/api.w.org\/{rel}","templated":true}]}}