{"id":20146,"date":"2011-11-09T22:38:26","date_gmt":"2011-11-09T22:38:26","guid":{"rendered":"https:\/\/shop.metal-badge.ch\/?product=wenger-classic"},"modified":"2012-01-07T13:40:12","modified_gmt":"2012-01-07T13:40:12","slug":"wenger-classic","status":"publish","type":"product","link":"https:\/\/metal-badge.ch\/fr\/product\/20146\/wenger-classic\/","title":{"rendered":"Wenger Classic"},"content":{"rendered":"<p><img decoding=\"async\" src=\"https:\/\/metal-badge.ch\/wp-content\/uploads\/content\/wenger_logo_2nd.jpg\" title=\"Wenger\" aligne=\"left\" alt=\"\"><\/p>\n<p>Ce portefeuille Wenger en cuir noir avec coutures rouges sur le haut et le bas captive par son \u00e9l\u00e9gance. <br \/>L\u2019\u00e9tui comporte une poche monnaie \u00e0 fermeture pression et deux compartiments \u00e0 billets s\u00e9par\u00e9s. <br \/>\nEgalement inclus trois emplacements pour cartes de cr\u00e9dit pour au moins 6-9 cartes de cr\u00e9dit. <br \/>Derri\u00e8re la poche monnaie, ainsi que derri\u00e8re l\u2019emplacement de carte de cr\u00e9dit, encore deux compartiments d\u2019insertion. <br \/>Un autre avantage de ce portefeuille, le casier ID amovible \u00e9quip\u00e9 de deux fen\u00eatres ID en filet de nylon.<\/p>\n<p>Couleur: noir<br \/>\nDimensions: largeur 11cm x hauteur 9 cm<\/p>\n<p><center><br \/>\n<strong>Acheter sans risque. Nous sommes partenaire et agent agr\u00e9\u00e9 de WENGER!<\/strong><\/p>\n<p><img decoding=\"async\" src=\"https:\/\/metal-badge.ch\/wp-content\/uploads\/content\/wengerwerbung.gif\" alt=\"Wenger authorized retailer\" title=\"Wenger authorized retailer\" \/><\/p>\n<p><\/center><\/p>\n","protected":false},"excerpt":{"rendered":"<p>Ce portefeuille Wenger en cuir noir avec coutures rouges sur le haut et le bas captive par son \u00e9l\u00e9gance. L\u2019\u00e9tui comporte une poche monnaie \u00e0 fermeture pression et deux compartiments \u00e0 billets s\u00e9par\u00e9s. Egalement inclus trois emplacements pour cartes de cr\u00e9dit pour au moins 6-9 cartes de cr\u00e9dit. Derri\u00e8re la poche monnaie, ainsi que derri\u00e8re [&hellip;]<\/p>\n","protected":false},"featured_media":93355,"comment_status":"open","ping_status":"closed","template":"","meta":{"inline_featured_image":false},"product_brand":[1485],"product_cat":[907,947],"product_tag":[1773],"class_list":{"0":"post-20146","1":"product","2":"type-product","3":"status-publish","4":"has-post-thumbnail","6":"product_brand-wenger","7":"product_cat-etuis-en-cuir-sans-badge","8":"product_cat-portemonnaies-etuis-en-cuir","9":"product_tag-chasse-peche","11":"first","12":"instock","13":"taxable","14":"shipping-taxable","15":"purchasable","16":"product-type-simple"},"_links":{"self":[{"href":"https:\/\/metal-badge.ch\/fr\/wp-json\/wp\/v2\/product\/20146","targetHints":{"allow":["GET"]}}],"collection":[{"href":"https:\/\/metal-badge.ch\/fr\/wp-json\/wp\/v2\/product"}],"about":[{"href":"https:\/\/metal-badge.ch\/fr\/wp-json\/wp\/v2\/types\/product"}],"replies":[{"embeddable":true,"href":"https:\/\/metal-badge.ch\/fr\/wp-json\/wp\/v2\/comments?post=20146"}],"wp:featuredmedia":[{"embeddable":true,"href":"https:\/\/metal-badge.ch\/fr\/wp-json\/wp\/v2\/media\/93355"}],"wp:attachment":[{"href":"https:\/\/metal-badge.ch\/fr\/wp-json\/wp\/v2\/media?parent=20146"}],"wp:term":[{"taxonomy":"product_brand","embeddable":true,"href":"https:\/\/metal-badge.ch\/fr\/wp-json\/wp\/v2\/product_brand?post=20146"},{"taxonomy":"product_cat","embeddable":true,"href":"https:\/\/metal-badge.ch\/fr\/wp-json\/wp\/v2\/product_cat?post=20146"},{"taxonomy":"product_tag","embeddable":true,"href":"https:\/\/metal-badge.ch\/fr\/wp-json\/wp\/v2\/product_tag?post=20146"}],"curies":[{"name":"wp","href":"https:\/\/api.w.org\/{rel}","templated":true}]}}