{"id":20125,"date":"2011-11-09T22:03:59","date_gmt":"2011-11-09T22:03:59","guid":{"rendered":"https:\/\/shop.metal-badge.ch\/?product=wenger-cross"},"modified":"2015-06-04T09:28:14","modified_gmt":"2015-06-04T09:28:14","slug":"wenger-cross","status":"publish","type":"product","link":"https:\/\/metal-badge.ch\/fr\/product\/20125\/wenger-cross\/","title":{"rendered":"Wenger Cross"},"content":{"rendered":"<p><img decoding=\"async\" src=\"https:\/\/metal-badge.ch\/wp-content\/uploads\/content\/wenger_logo_2nd.jpg\" title=\"Wenger\" aligne=\"left\" alt=\"\"><br \/>\nSac \u00e0 dos multi-fonctionnel en polyester, poche audio pour lecteur MP3, bretelles ergonomiques, le dos respirant et rembourr\u00e9 assure un grand confort de port\u00e9e, deux porte-bouteilles lat\u00e9raux, organisateur \/ poche \u00e0 stylos, compartiment rembourr\u00e9 pour ordinateur portable, deux grandes poches ext\u00e9rieures avec fermeture \u00e0 glissi\u00e8re. <\/p>\n<p>Poign\u00e9e de transport confortable. Ce sac \u00e0 dos est id\u00e9al pour des excursions et des randonn\u00e9es ainsi que pour une utilisation quotidienne dans la ville.<\/p>\n<p>Couleur: rouge \/ noir<br \/>\nDimensions: largeur 35 cm \/ profondeur 25 cm \/ hauteur 47 cm \/ capacit\u00e9 20 litres<\/p>\n<p><center><br \/>\n<strong>Acheter sans risque. Nous sommes partenaire et agent agr\u00e9\u00e9 de WENGER!<\/strong><\/p>\n<p><img decoding=\"async\" src=\"https:\/\/metal-badge.ch\/wp-content\/uploads\/content\/wengerwerbung.gif\" alt=\"Wenger authorized retailer\" title=\"Wenger authorized retailer\" \/><\/p>\n<p><\/center><\/p>\n","protected":false},"excerpt":{"rendered":"<p>Sac \u00e0 dos multi-fonctionnel en polyester, poche audio pour lecteur MP3, bretelles ergonomiques, le dos respirant et rembourr\u00e9 assure un grand confort de port\u00e9e, deux porte-bouteilles lat\u00e9raux, organisateur \/ poche \u00e0 stylos, compartiment rembourr\u00e9 pour ordinateur portable, deux grandes poches ext\u00e9rieures avec fermeture \u00e0 glissi\u00e8re. Poign\u00e9e de transport confortable. Ce sac \u00e0 dos est id\u00e9al [&hellip;]<\/p>\n","protected":false},"featured_media":71780,"comment_status":"open","ping_status":"closed","template":"","meta":{"inline_featured_image":false},"product_brand":[1485],"product_cat":[1255],"product_tag":[1769,1777,1773,1765],"class_list":{"0":"post-20125","1":"product","2":"type-product","3":"status-publish","4":"has-post-thumbnail","6":"product_brand-wenger","7":"product_cat-sacs-a-dos-et-systemes-de-boisson","8":"product_tag-army-survival-fr","9":"product_tag-camping-voyage","10":"product_tag-chasse-peche","11":"product_tag-sport-outdoor-fr","13":"first","14":"outofstock","15":"taxable","16":"shipping-taxable","17":"purchasable","18":"product-type-simple"},"_links":{"self":[{"href":"https:\/\/metal-badge.ch\/fr\/wp-json\/wp\/v2\/product\/20125","targetHints":{"allow":["GET"]}}],"collection":[{"href":"https:\/\/metal-badge.ch\/fr\/wp-json\/wp\/v2\/product"}],"about":[{"href":"https:\/\/metal-badge.ch\/fr\/wp-json\/wp\/v2\/types\/product"}],"replies":[{"embeddable":true,"href":"https:\/\/metal-badge.ch\/fr\/wp-json\/wp\/v2\/comments?post=20125"}],"wp:featuredmedia":[{"embeddable":true,"href":"https:\/\/metal-badge.ch\/fr\/wp-json\/wp\/v2\/media\/71780"}],"wp:attachment":[{"href":"https:\/\/metal-badge.ch\/fr\/wp-json\/wp\/v2\/media?parent=20125"}],"wp:term":[{"taxonomy":"product_brand","embeddable":true,"href":"https:\/\/metal-badge.ch\/fr\/wp-json\/wp\/v2\/product_brand?post=20125"},{"taxonomy":"product_cat","embeddable":true,"href":"https:\/\/metal-badge.ch\/fr\/wp-json\/wp\/v2\/product_cat?post=20125"},{"taxonomy":"product_tag","embeddable":true,"href":"https:\/\/metal-badge.ch\/fr\/wp-json\/wp\/v2\/product_tag?post=20125"}],"curies":[{"name":"wp","href":"https:\/\/api.w.org\/{rel}","templated":true}]}}