{"id":20089,"date":"2011-11-09T01:22:09","date_gmt":"2011-11-09T01:22:09","guid":{"rendered":"https:\/\/shop.metal-badge.ch\/?product=jumbo"},"modified":"2019-02-22T08:33:47","modified_gmt":"2019-02-22T08:33:47","slug":"jumbo","status":"publish","type":"product","link":"https:\/\/metal-badge.ch\/fr\/product\/20089\/jumbo\/","title":{"rendered":"Jumbo"},"content":{"rendered":"<p><img decoding=\"async\" src=\"https:\/\/metal-badge.ch\/wp-content\/uploads\/content\/wenger_logo_2nd.jpg\" title=\"Wenger\" aligne=\"left\" alt=\"\"><\/p>\n<p>Pour la sportivit\u00e9 \u00e9l\u00e9gante est cette trousse de toilette Wenger aux mesures<br \/>\n 18 cm de largeur \/ 26 cm de longueur \/ 13 cm d\u2019hauteur. <br \/>\nUn compartiment principal \u00e0 glissi\u00e8re en haut avec son m\u00e9canisme de pliage c\u00f4t\u00e9 offre assez de place pour les articles de toilette.<br \/>\n<br \/>\nAu fond, encore un grand compartiment \u00e0 glissi\u00e8re lat\u00e9rale.<br \/>\n<br \/>\nLe compartiment avec une poche int\u00e9gr\u00e9e filet de nylon ainsi qu\u2019un syst\u00e8me sophistiqu\u00e9 de stockage comprenant de bouteilles en plastique et une bo\u00eete pour la brosse \u00e0 dents.<br \/>\n<br \/>\nUne poign\u00e9e de transport compl\u00e8te ce n\u00e9cessaire de toilette.<br \/>\n<br \/>\nLe sac est bien rembourr\u00e9 \u00e0 l\\\\\\&rsquo;int\u00e9rieur et le fond est \u00e9quip\u00e9 d\\\\\\&rsquo;un tapis antid\u00e9rapant \u00e0 l\u2019ext\u00e9rieur. <\/p>\n<p>Cette trousse de toilette est faite de tissu r\u00e9sistant, hydrofuge en nylon \/ polyester et est le compagnon de voyage id\u00e9al.<\/p>\n<p>Couleur: noir<br \/>\nDimensions: 26 x 18 x 13 cm<\/p>\n<p><center><br \/>\n<strong>Acheter sans risque. Nous sommes partenaire et agent agr\u00e9\u00e9 de WENGER!<\/strong><\/p>\n<p><img decoding=\"async\" src=\"https:\/\/metal-badge.ch\/wp-content\/uploads\/content\/wengerwerbung.gif\" alt=\"Wenger authorized retailer\" title=\"Wenger authorized retailer\" \/><\/p>\n<p><\/center><\/p>\n","protected":false},"excerpt":{"rendered":"<p>Pour la sportivit\u00e9 \u00e9l\u00e9gante est cette trousse de toilette Wenger aux mesures 18 cm de largeur \/ 26 cm de longueur \/ 13 cm d\u2019hauteur. Un compartiment principal \u00e0 glissi\u00e8re en haut avec son m\u00e9canisme de pliage c\u00f4t\u00e9 offre assez de place pour les articles de toilette. Au fond, encore un grand compartiment \u00e0 glissi\u00e8re [&hellip;]<\/p>\n","protected":false},"featured_media":93373,"comment_status":"open","ping_status":"closed","template":"","meta":{"inline_featured_image":false},"product_brand":[1485],"product_cat":[1435,1059,1815],"product_tag":[1777,1773,1765],"class_list":{"0":"post-20089","1":"product","2":"type-product","3":"status-publish","4":"has-post-thumbnail","6":"product_brand-wenger","7":"product_cat-camping-voyage","8":"product_cat-sacs","9":"product_cat-sacs-de-transport-de-voyage","10":"product_tag-camping-voyage","11":"product_tag-chasse-peche","12":"product_tag-sport-outdoor-fr","14":"first","15":"instock","16":"taxable","17":"shipping-taxable","18":"purchasable","19":"product-type-simple"},"_links":{"self":[{"href":"https:\/\/metal-badge.ch\/fr\/wp-json\/wp\/v2\/product\/20089","targetHints":{"allow":["GET"]}}],"collection":[{"href":"https:\/\/metal-badge.ch\/fr\/wp-json\/wp\/v2\/product"}],"about":[{"href":"https:\/\/metal-badge.ch\/fr\/wp-json\/wp\/v2\/types\/product"}],"replies":[{"embeddable":true,"href":"https:\/\/metal-badge.ch\/fr\/wp-json\/wp\/v2\/comments?post=20089"}],"wp:featuredmedia":[{"embeddable":true,"href":"https:\/\/metal-badge.ch\/fr\/wp-json\/wp\/v2\/media\/93373"}],"wp:attachment":[{"href":"https:\/\/metal-badge.ch\/fr\/wp-json\/wp\/v2\/media?parent=20089"}],"wp:term":[{"taxonomy":"product_brand","embeddable":true,"href":"https:\/\/metal-badge.ch\/fr\/wp-json\/wp\/v2\/product_brand?post=20089"},{"taxonomy":"product_cat","embeddable":true,"href":"https:\/\/metal-badge.ch\/fr\/wp-json\/wp\/v2\/product_cat?post=20089"},{"taxonomy":"product_tag","embeddable":true,"href":"https:\/\/metal-badge.ch\/fr\/wp-json\/wp\/v2\/product_tag?post=20089"}],"curies":[{"name":"wp","href":"https:\/\/api.w.org\/{rel}","templated":true}]}}