{"id":20071,"date":"2011-11-09T00:36:59","date_gmt":"2011-11-09T00:36:59","guid":{"rendered":"https:\/\/shop.metal-badge.ch\/?product=triplex"},"modified":"2019-02-20T14:07:09","modified_gmt":"2019-02-20T14:07:09","slug":"triplex","status":"publish","type":"product","link":"https:\/\/metal-badge.ch\/fr\/product\/20071\/triplex\/","title":{"rendered":"Triplex"},"content":{"rendered":"<p><img decoding=\"async\" src=\"https:\/\/metal-badge.ch\/wp-content\/uploads\/content\/wenger_logo_2nd.jpg\" title=\"Wenger\" alt=\"\"><br \/>\nDans cette trousse de toilette de Wenger on peut tout mettre.<\/p>\n<p>Tripartie, avec plusieurs compartiments pratiques.<br \/>\nLa trousse de toilette pli\u00e9e mesure<br \/>\nhorizontalement 16 cm d\u2019hauteur \/ 24 cm de largeur \/ 9 cm de profondeur.<\/p>\n<p>Ce n\u00e9cessaire de toilette est \u00e9quip\u00e9 d&rsquo;un cintre id\u00e9al pour accrocher. En dehors de la trousse de toilette, il y a deux spacieux compartiments \u00e0 fermeture-\u00e9clair.<br \/>\nDans la partie int\u00e9rieure de la poche on trouve deux grands compartiments.<br \/>\nL\u2019un des compartiments en filet de nylon muni d&rsquo;une fermeture \u00e0 glissi\u00e8re et le deuxi\u00e8me avec fermeture \u00e0 glissi\u00e8re, qui offre une place de stockage suppl\u00e9mentaire.<\/p>\n<p>A l\u2019int\u00e9rieur encore deux compartiments d\u2019insertion pour divers petits articles de toilette.<\/p>\n<p>La trousse est l\u00e9g\u00e8re et portable, pliable en trois parties et ferm\u00e9e par velcro.<\/p>\n<p>Produit en polyester imperm\u00e9able.<\/p>\n<p>\n<strong>Acheter sans risque. Nous sommes partenaire et agent agr\u00e9\u00e9 de WENGER!<\/strong><\/p>\n<p><img decoding=\"async\" alt=\"Wenger authorized retailer\" src=\"https:\/\/metal-badge.ch\/wp-content\/uploads\/content\/wengerwerbung.gif\" title=\"Wenger authorized retailer\" \/><\/p>\n","protected":false},"excerpt":{"rendered":"<p>Dans cette trousse de toilette de Wenger on peut tout mettre. Tripartie, avec plusieurs compartiments pratiques. La trousse de toilette pli\u00e9e mesure horizontalement 16 cm d\u2019hauteur \/ 24 cm de largeur \/ 9 cm de profondeur. Ce n\u00e9cessaire de toilette est \u00e9quip\u00e9 d&rsquo;un cintre id\u00e9al pour accrocher. En dehors de la trousse de toilette, il [&hellip;]<\/p>\n","protected":false},"featured_media":93377,"comment_status":"open","ping_status":"closed","template":"","meta":{"inline_featured_image":false},"product_brand":[1485],"product_cat":[1059,1815],"product_tag":[1777,1773,1765],"class_list":{"0":"post-20071","1":"product","2":"type-product","3":"status-publish","4":"has-post-thumbnail","6":"product_brand-wenger","7":"product_cat-sacs","8":"product_cat-sacs-de-transport-de-voyage","9":"product_tag-camping-voyage","10":"product_tag-chasse-peche","11":"product_tag-sport-outdoor-fr","13":"first","14":"instock","15":"taxable","16":"shipping-taxable","17":"purchasable","18":"product-type-simple"},"_links":{"self":[{"href":"https:\/\/metal-badge.ch\/fr\/wp-json\/wp\/v2\/product\/20071","targetHints":{"allow":["GET"]}}],"collection":[{"href":"https:\/\/metal-badge.ch\/fr\/wp-json\/wp\/v2\/product"}],"about":[{"href":"https:\/\/metal-badge.ch\/fr\/wp-json\/wp\/v2\/types\/product"}],"replies":[{"embeddable":true,"href":"https:\/\/metal-badge.ch\/fr\/wp-json\/wp\/v2\/comments?post=20071"}],"wp:featuredmedia":[{"embeddable":true,"href":"https:\/\/metal-badge.ch\/fr\/wp-json\/wp\/v2\/media\/93377"}],"wp:attachment":[{"href":"https:\/\/metal-badge.ch\/fr\/wp-json\/wp\/v2\/media?parent=20071"}],"wp:term":[{"taxonomy":"product_brand","embeddable":true,"href":"https:\/\/metal-badge.ch\/fr\/wp-json\/wp\/v2\/product_brand?post=20071"},{"taxonomy":"product_cat","embeddable":true,"href":"https:\/\/metal-badge.ch\/fr\/wp-json\/wp\/v2\/product_cat?post=20071"},{"taxonomy":"product_tag","embeddable":true,"href":"https:\/\/metal-badge.ch\/fr\/wp-json\/wp\/v2\/product_tag?post=20071"}],"curies":[{"name":"wp","href":"https:\/\/api.w.org\/{rel}","templated":true}]}}