{"id":19852,"date":"2011-07-20T16:32:25","date_gmt":"2011-07-20T16:32:25","guid":{"rendered":"https:\/\/shop.metal-badge.ch\/?product=etui-en-cuir-economy-sapeurs-pompiers-gravure"},"modified":"2020-11-22T06:28:55","modified_gmt":"2020-11-22T05:28:55","slug":"etui-en-cuir-economy-sapeurs-pompiers-gravure","status":"publish","type":"product","link":"https:\/\/metal-badge.ch\/fr\/product\/19852\/etui-en-cuir-economy-sapeurs-pompiers-gravure\/","title":{"rendered":"Etui en cuir \u00ab\u00a0Economy\u00a0\u00bb Sapeurs-Pompiers, gravure"},"content":{"rendered":"<p>\u00c9tui en textile coton, format vertical \u201eCamouflage\u00a0\u00bb(couleurs de camouflage) avec grand compartiment pour la monnaie et fermeture \u00e0 bouton-pression.<\/p>\n<p>\u00c0 l&rsquo;int\u00e9rieur une fen\u00eatre transparente pour carte d&rsquo;identit\u00e9. En plus, il y a 3 compartiments pour au moins 9 cartes de cr\u00e9dit. L&rsquo;\u00e9tui est \u00e9quip\u00e9 d&rsquo;une fermeture \u00e9clair noire et \u00e9l\u00e9gante. Une autre s\u00e9paration se trouve sous le compartiment \u00e0 monnaie qui offre en plus la place pour diff\u00e9rentes cartes d&rsquo;identit\u00e9, notes, r\u00e9c\u00e9piss\u00e9s ainsi que 2 cartes de cr\u00e9dit, etc.<\/p>\n<p>Deux compartiments s\u00e9par\u00e9s pour les billets de banque sont \u00e9galement contenus dans l&rsquo;\u00e9tui. Cet \u00e9tui peut \u00eatre port\u00e9 \u00e0 la ceinture de pantalon et est ainsi parfaitement adapt\u00e9 pour les activit\u00e9s de plein air. Le support pratique peut \u00eatre facilement fix\u00e9 \u00e0 la ceinture avec du velcro et une fermeture \u00e9clair de s\u00e9curit\u00e9 suppl\u00e9mentaire.<\/p>\n<p>Dimension : largeur 9 cm\/hauteur 12.5 cm.<\/p>\n<p class=\"GravurAnmerkung\">S&rsquo;il vous pla\u00eet entrez le texte de votre gravure dans commentaires \u00e0 l&rsquo;ordre (voir troisi\u00e8me photo). La longueur maximale du texte est de 10 caract\u00e8res.<\/p>\n<p class=\"GravurZahlung\">Attention: les badges avec gravure sont envoy\u00e9s seulement contre paiement d&rsquo;avance (pas contre-remboursement).<\/p>\n<p class=\"GravurPreise\">Prix gravure : 1 badge = CHF 30.-<\/p>\n<p>Prix gravure : 2 &#8211; 5 badges = CHF 25.-<\/p>\n<p>Prix gravure : 6 &#8211; 10 badges = CHF 20.-<\/p>\n<p>Prix gravure : d\u00e8s 10 pi\u00e8ces = CHF 15.-<\/p>\n<p class=\"GravurBestellungen\">Pour les commandes de \u201ebadges avec gravure\u201c, le d\u00e9lai de livraison est de 3 \u00e0 4 semaines.<\/p>\n","protected":false},"excerpt":{"rendered":"<p>\u00c9tui en textile coton, format vertical \u201eCamouflage\u00a0\u00bb(couleurs de camouflage) avec grand compartiment pour la monnaie et fermeture \u00e0 bouton-pression. \u00c0 l&rsquo;int\u00e9rieur une fen\u00eatre transparente pour carte d&rsquo;identit\u00e9. En plus, il y a 3 compartiments pour au moins 9 cartes de cr\u00e9dit. L&rsquo;\u00e9tui est \u00e9quip\u00e9 d&rsquo;une fermeture \u00e9clair noire et \u00e9l\u00e9gante. Une autre s\u00e9paration se trouve [&hellip;]<\/p>\n","protected":false},"featured_media":19850,"comment_status":"open","ping_status":"closed","template":"","meta":{"inline_featured_image":false},"product_brand":[],"product_cat":[1019],"product_tag":[],"class_list":{"0":"post-19852","1":"product","2":"type-product","3":"status-publish","4":"has-post-thumbnail","6":"product_cat-sapeurs-pompiers-gravures","8":"first","9":"instock","10":"taxable","11":"shipping-taxable","12":"purchasable","13":"product-type-simple"},"_links":{"self":[{"href":"https:\/\/metal-badge.ch\/fr\/wp-json\/wp\/v2\/product\/19852","targetHints":{"allow":["GET"]}}],"collection":[{"href":"https:\/\/metal-badge.ch\/fr\/wp-json\/wp\/v2\/product"}],"about":[{"href":"https:\/\/metal-badge.ch\/fr\/wp-json\/wp\/v2\/types\/product"}],"replies":[{"embeddable":true,"href":"https:\/\/metal-badge.ch\/fr\/wp-json\/wp\/v2\/comments?post=19852"}],"wp:featuredmedia":[{"embeddable":true,"href":"https:\/\/metal-badge.ch\/fr\/wp-json\/wp\/v2\/media\/19850"}],"wp:attachment":[{"href":"https:\/\/metal-badge.ch\/fr\/wp-json\/wp\/v2\/media?parent=19852"}],"wp:term":[{"taxonomy":"product_brand","embeddable":true,"href":"https:\/\/metal-badge.ch\/fr\/wp-json\/wp\/v2\/product_brand?post=19852"},{"taxonomy":"product_cat","embeddable":true,"href":"https:\/\/metal-badge.ch\/fr\/wp-json\/wp\/v2\/product_cat?post=19852"},{"taxonomy":"product_tag","embeddable":true,"href":"https:\/\/metal-badge.ch\/fr\/wp-json\/wp\/v2\/product_tag?post=19852"}],"curies":[{"name":"wp","href":"https:\/\/api.w.org\/{rel}","templated":true}]}}