{"id":19773,"date":"2011-07-20T16:19:53","date_gmt":"2011-07-20T16:19:53","guid":{"rendered":"https:\/\/shop.metal-badge.ch\/?product=etui-en-cuir-economy-ipa-suisse"},"modified":"2011-12-01T21:03:16","modified_gmt":"2011-12-01T21:03:16","slug":"etui-en-cuir-economy-ipa-suisse","status":"publish","type":"product","link":"https:\/\/metal-badge.ch\/fr\/product\/19773\/etui-en-cuir-economy-ipa-suisse\/","title":{"rendered":"Etui en cuir \u00ab\u00a0Economy\u00a0\u00bb IPA Suisse"},"content":{"rendered":"<p>\u00c9tui en textile coton, format vertical \u201eCamouflage\u00a0\u00bb(couleurs de camouflage) avec grand compartiment pour la monnaie et fermeture \u00e0 bouton-pression. <\/p>\n<p>\u00c0 l&rsquo;int\u00e9rieur une fen\u00eatre transparente pour carte d&rsquo;identit\u00e9. En plus, il y a 3 compartiments pour au moins 9 cartes de cr\u00e9dit. L&rsquo;\u00e9tui est \u00e9quip\u00e9 d&rsquo;une fermeture \u00e9clair noire et \u00e9l\u00e9gante. Une autre s\u00e9paration se trouve sous le compartiment \u00e0 monnaie qui offre en plus la place pour diff\u00e9rentes cartes d&rsquo;identit\u00e9, notes, r\u00e9c\u00e9piss\u00e9s ainsi que 2 cartes de cr\u00e9dit, etc. <\/p>\n<p>Deux compartiments s\u00e9par\u00e9s pour les billets de banque sont \u00e9galement contenus dans l&rsquo;\u00e9tui. Cet \u00e9tui peut \u00eatre port\u00e9 \u00e0 la ceinture de pantalon et est ainsi parfaitement adapt\u00e9 pour les activit\u00e9s de plein air. Le support pratique peut \u00eatre facilement fix\u00e9 \u00e0 la ceinture avec du velcro et une fermeture \u00e9clair de s\u00e9curit\u00e9 suppl\u00e9mentaire. <\/p>\n<p>\nDimension : largeur 9 cm\/hauteur 12.5 cm. <\/p>\n","protected":false},"excerpt":{"rendered":"<p>\u00c9tui en textile coton, format vertical \u201eCamouflage\u00a0\u00bb(couleurs de camouflage) avec grand compartiment pour la monnaie et fermeture \u00e0 bouton-pression. \u00c0 l&rsquo;int\u00e9rieur une fen\u00eatre transparente pour carte d&rsquo;identit\u00e9. En plus, il y a 3 compartiments pour au moins 9 cartes de cr\u00e9dit. L&rsquo;\u00e9tui est \u00e9quip\u00e9 d&rsquo;une fermeture \u00e9clair noire et \u00e9l\u00e9gante. Une autre s\u00e9paration se trouve [&hellip;]<\/p>\n","protected":false},"featured_media":93463,"comment_status":"open","ping_status":"closed","template":"","meta":{"inline_featured_image":false},"product_brand":[],"product_cat":[839],"product_tag":[],"class_list":{"0":"post-19773","1":"product","2":"type-product","3":"status-publish","4":"has-post-thumbnail","6":"product_cat-suisse","8":"first","9":"instock","10":"taxable","11":"shipping-taxable","12":"purchasable","13":"product-type-simple"},"_links":{"self":[{"href":"https:\/\/metal-badge.ch\/fr\/wp-json\/wp\/v2\/product\/19773","targetHints":{"allow":["GET"]}}],"collection":[{"href":"https:\/\/metal-badge.ch\/fr\/wp-json\/wp\/v2\/product"}],"about":[{"href":"https:\/\/metal-badge.ch\/fr\/wp-json\/wp\/v2\/types\/product"}],"replies":[{"embeddable":true,"href":"https:\/\/metal-badge.ch\/fr\/wp-json\/wp\/v2\/comments?post=19773"}],"wp:featuredmedia":[{"embeddable":true,"href":"https:\/\/metal-badge.ch\/fr\/wp-json\/wp\/v2\/media\/93463"}],"wp:attachment":[{"href":"https:\/\/metal-badge.ch\/fr\/wp-json\/wp\/v2\/media?parent=19773"}],"wp:term":[{"taxonomy":"product_brand","embeddable":true,"href":"https:\/\/metal-badge.ch\/fr\/wp-json\/wp\/v2\/product_brand?post=19773"},{"taxonomy":"product_cat","embeddable":true,"href":"https:\/\/metal-badge.ch\/fr\/wp-json\/wp\/v2\/product_cat?post=19773"},{"taxonomy":"product_tag","embeddable":true,"href":"https:\/\/metal-badge.ch\/fr\/wp-json\/wp\/v2\/product_tag?post=19773"}],"curies":[{"name":"wp","href":"https:\/\/api.w.org\/{rel}","templated":true}]}}