{"id":19704,"date":"2011-07-20T14:06:44","date_gmt":"2011-07-20T14:06:44","guid":{"rendered":"https:\/\/shop.metal-badge.ch\/?product=etui-en-cuir-diplomat-sapeurs-pompiers-gravure"},"modified":"2020-11-22T07:27:27","modified_gmt":"2020-11-22T06:27:27","slug":"etui-en-cuir-diplomat-sapeurs-pompiers-gravure","status":"publish","type":"product","link":"https:\/\/metal-badge.ch\/fr\/product\/19704\/etui-en-cuir-diplomat-sapeurs-pompiers-gravure\/","title":{"rendered":"Etui en cuir \u00ab\u00a0Diplomat\u00a0\u00bb Sapeurs-Pompiers, gravure"},"content":{"rendered":"<p>Confectionn\u00e9 en cuir vachette de premi\u00e8re qualit\u00e9, cet \u00e9tui est tr\u00e8s pratique et a une finition sophistiqu\u00e9e. Porte-monnaie robuste mais tr\u00e8s finement cisel\u00e9 \u00e0 la main en \u201eGeniune Leather\u00a0\u00bb. Grand compartiment pour la monnaie avec bouton-pression.<\/p>\n<p>En outre, l&rsquo;\u00e9tui contient trois fen\u00eatres transparentes pour cartes d&rsquo;identit\u00e9 et deux compartiments s\u00e9par\u00e9s pour les billets de banque ainsi que plusieurs s\u00e9parations pour cartes de cr\u00e9dit. Il offre de la place pour au moins 30 cartes de cr\u00e9dit.<\/p>\n<p>Un autre compartiment offre la place pour de petites choses comme les r\u00e9c\u00e9piss\u00e9s, les adresses etc. Il contient en tout 4 c\u00f4t\u00e9s rabattables. Et cependant, ce porte-monnaie a un format pratique. Couleur : noir mat, brun avec une tr\u00e8s belle couture externe lumineuse. \u00c0 l&rsquo;ext\u00e9rieur, le porte-monnaie est s\u00e9curis\u00e9 avec une fermeture de s\u00fbret\u00e9.<\/p>\n<p>Taille\/dimensions : hauteur 10 cm \/ largeur 12.5 cm<\/p>\n<p class=\"GravurAnmerkung\">S&rsquo;il vous pla\u00eet entrez le texte de votre gravure dans commentaires \u00e0 l&rsquo;ordre (voir troisi\u00e8me photo). La longueur maximale du texte est de 10 caract\u00e8res.<\/p>\n<p class=\"GravurZahlung\">Attention: les badges avec gravure sont envoy\u00e9s seulement contre paiement d&rsquo;avance (pas contre-remboursement).<\/p>\n<p class=\"GravurPreise\">Prix gravure : 1 badge = CHF 30.-<\/p>\n<p>Prix gravure : 2 &#8211; 5 badges = CHF 25.-<\/p>\n<p>Prix gravure : 6 &#8211; 10 badges = CHF 20.-<\/p>\n<p>Prix gravure : d\u00e8s 10 pi\u00e8ces = CHF 15.-<\/p>\n<p class=\"GravurBestellungen\">Pour les commandes de \u201ebadges avec gravure\u201c, le d\u00e9lai de livraison est de 3 \u00e0 4 semaines.<\/p>\n<p><span style=\"font-size: 16px\"><strong>\u201eDiplomat\u201c Special Edition (coffret cadeau)<br \/>\n<\/strong><\/span><\/p>\n<p>Coffret cadeau (stylo \u00e0 bille, porte-cl\u00e9s et \u00e9tui avec badge)<\/p>\n<p><a class=\"fresco\" href=\"https:\/\/metal-badge.ch\/wp-content\/uploads\/2020\/10\/geschenkbox_diplomat.jpg\" data-fresco-group=\"geschenkbox\"><img decoding=\"async\" title=\" Coffret cadeau \" src=\"https:\/\/metal-badge.ch\/wp-content\/uploads\/content\/geschenkbox_diplomat_thumb.jpg\" alt=\"Coffret cadeau\" width=\"200\" height=\"133\" border=\"0\" hspace=\"1\" vspace=\"1\" \/><\/a><br \/>\n<a class=\"fresco\" href=\"https:\/\/metal-badge.ch\/wp-content\/uploads\/2020\/10\/geschenkbox2_diplomat.jpg\" data-fresco-group=\"geschenkbox\"><img decoding=\"async\" title=\" Geschenkbox \" src=\"https:\/\/metal-badge.ch\/wp-content\/uploads\/content\/geschenkbox2_diplomat_thumb.jpg\" alt=\"Geschenkbox\" width=\"200\" height=\"133\" border=\"0\" hspace=\"1\" vspace=\"1\" \/><\/a><\/p>\n<p>&nbsp;<\/p>\n","protected":false},"excerpt":{"rendered":"<p>Confectionn\u00e9 en cuir vachette de premi\u00e8re qualit\u00e9, cet \u00e9tui est tr\u00e8s pratique et a une finition sophistiqu\u00e9e. Porte-monnaie robuste mais tr\u00e8s finement cisel\u00e9 \u00e0 la main en \u201eGeniune Leather\u00a0\u00bb. Grand compartiment pour la monnaie avec bouton-pression. En outre, l&rsquo;\u00e9tui contient trois fen\u00eatres transparentes pour cartes d&rsquo;identit\u00e9 et deux compartiments s\u00e9par\u00e9s pour les billets de banque [&hellip;]<\/p>\n","protected":false},"featured_media":19702,"comment_status":"open","ping_status":"closed","template":"","meta":{"inline_featured_image":false},"product_brand":[],"product_cat":[1019],"product_tag":[],"class_list":{"0":"post-19704","1":"product","2":"type-product","3":"status-publish","4":"has-post-thumbnail","6":"product_cat-sapeurs-pompiers-gravures","8":"first","9":"instock","10":"taxable","11":"shipping-taxable","12":"purchasable","13":"product-type-simple"},"_links":{"self":[{"href":"https:\/\/metal-badge.ch\/fr\/wp-json\/wp\/v2\/product\/19704","targetHints":{"allow":["GET"]}}],"collection":[{"href":"https:\/\/metal-badge.ch\/fr\/wp-json\/wp\/v2\/product"}],"about":[{"href":"https:\/\/metal-badge.ch\/fr\/wp-json\/wp\/v2\/types\/product"}],"replies":[{"embeddable":true,"href":"https:\/\/metal-badge.ch\/fr\/wp-json\/wp\/v2\/comments?post=19704"}],"wp:featuredmedia":[{"embeddable":true,"href":"https:\/\/metal-badge.ch\/fr\/wp-json\/wp\/v2\/media\/19702"}],"wp:attachment":[{"href":"https:\/\/metal-badge.ch\/fr\/wp-json\/wp\/v2\/media?parent=19704"}],"wp:term":[{"taxonomy":"product_brand","embeddable":true,"href":"https:\/\/metal-badge.ch\/fr\/wp-json\/wp\/v2\/product_brand?post=19704"},{"taxonomy":"product_cat","embeddable":true,"href":"https:\/\/metal-badge.ch\/fr\/wp-json\/wp\/v2\/product_cat?post=19704"},{"taxonomy":"product_tag","embeddable":true,"href":"https:\/\/metal-badge.ch\/fr\/wp-json\/wp\/v2\/product_tag?post=19704"}],"curies":[{"name":"wp","href":"https:\/\/api.w.org\/{rel}","templated":true}]}}