{"id":19548,"date":"2011-07-20T10:21:11","date_gmt":"2011-07-20T10:21:11","guid":{"rendered":"https:\/\/shop.metal-badge.ch\/?product=etui-en-cuir-biker-ipa-belgique"},"modified":"2016-04-21T17:34:13","modified_gmt":"2016-04-21T17:34:13","slug":"etui-en-cuir-biker-ipa-belgique","status":"publish","type":"product","link":"https:\/\/metal-badge.ch\/fr\/product\/19548\/etui-en-cuir-biker-ipa-belgique\/","title":{"rendered":"Etui en cuir \u00ab\u00a0Biker\u00a0\u00bb IPA Belgique"},"content":{"rendered":"<p>Le choix id\u00e9al pour les motocyclistes, les camionneurs ou les amateurs de plein air. Cuir vachette brun, dur et lisse. L \u00e9tui est \u00e9quip\u00e9 de deux fen\u00eatres pour cartes d identit\u00e9 ainsi que de six compartiments s\u00e9par\u00e9s pour cartes de cr\u00e9dit et billets de banque.<\/p>\n<p>Un petit compartiment suppl\u00e9mentaire, pour diff\u00e9rentes cartes d identit\u00e9 et notices, compl\u00e8te cet \u00e9tui. L&rsquo;\u00e9tui est \u00e9quip\u00e9 des deux boutons pression d\u00e9coratifs. Reli\u00e9 \u00e0 une cha\u00eene, l&rsquo;\u00e9tui peut \u00eatre fix\u00e9 facilement \u00e0 chaque courroie de pantalon et convient \u00e0 chaque poche. La cha\u00eene de s\u00fbret\u00e9 amovible, avec un fermoir carabine a une longueur de 42 cm.<\/p>\n<p>Ce cuir r\u00e9sistant souligne la structure naturelle du produit et donne \u00e0 chaque \u00e9tui son caract\u00e8re individuel &#8211; les connaisseurs de cuir estiment le look du cuir port\u00e9 comme un \u00ab\u00a0charme tr\u00e8s particulier\u00a0\u00bb.<\/p>\n<p>Veuillez noter\u00a0!<br \/>\nChaque \u00e9tui est unique en son genre, c est pourquoi les photos (couleur et structure du cuir) peuvent diff\u00e9rer dans les nuances de la marchandise livr\u00e9e !<\/p>\n<p>Le cuir est une peau animale tann\u00e9e. C est un produit naturel d&rsquo;une beaut\u00e9 exceptionnelle avec toutes ses irr\u00e9gularit\u00e9s typiques, comme les traces et les erreurs de pigment. Chaque pi\u00e8ce a son identit\u00e9 unique.<\/p>\n<p>Dimension: largeur 10 cm \/ hauteur 12 cm.<br \/>\nLongueur de cha\u00eene 42 cm avec fermoir carabine.<br \/>\nCouleur : brun.<\/p>\n<p>Attention: badge uniquement disponible pour les membres IPA!<\/p>\n","protected":false},"excerpt":{"rendered":"<p>Le choix id\u00e9al pour les motocyclistes, les camionneurs ou les amateurs de plein air. Cuir vachette brun, dur et lisse. L \u00e9tui est \u00e9quip\u00e9 de deux fen\u00eatres pour cartes d identit\u00e9 ainsi que de six compartiments s\u00e9par\u00e9s pour cartes de cr\u00e9dit et billets de banque. Un petit compartiment suppl\u00e9mentaire, pour diff\u00e9rentes cartes d identit\u00e9 et [&hellip;]<\/p>\n","protected":false},"featured_media":93523,"comment_status":"open","ping_status":"closed","template":"","meta":{"inline_featured_image":false},"product_brand":[],"product_cat":[1043],"product_tag":[],"class_list":{"0":"post-19548","1":"product","2":"type-product","3":"status-publish","4":"has-post-thumbnail","6":"product_cat-belgique","8":"first","9":"instock","10":"taxable","11":"shipping-taxable","12":"purchasable","13":"product-type-simple"},"_links":{"self":[{"href":"https:\/\/metal-badge.ch\/fr\/wp-json\/wp\/v2\/product\/19548","targetHints":{"allow":["GET"]}}],"collection":[{"href":"https:\/\/metal-badge.ch\/fr\/wp-json\/wp\/v2\/product"}],"about":[{"href":"https:\/\/metal-badge.ch\/fr\/wp-json\/wp\/v2\/types\/product"}],"replies":[{"embeddable":true,"href":"https:\/\/metal-badge.ch\/fr\/wp-json\/wp\/v2\/comments?post=19548"}],"wp:featuredmedia":[{"embeddable":true,"href":"https:\/\/metal-badge.ch\/fr\/wp-json\/wp\/v2\/media\/93523"}],"wp:attachment":[{"href":"https:\/\/metal-badge.ch\/fr\/wp-json\/wp\/v2\/media?parent=19548"}],"wp:term":[{"taxonomy":"product_brand","embeddable":true,"href":"https:\/\/metal-badge.ch\/fr\/wp-json\/wp\/v2\/product_brand?post=19548"},{"taxonomy":"product_cat","embeddable":true,"href":"https:\/\/metal-badge.ch\/fr\/wp-json\/wp\/v2\/product_cat?post=19548"},{"taxonomy":"product_tag","embeddable":true,"href":"https:\/\/metal-badge.ch\/fr\/wp-json\/wp\/v2\/product_tag?post=19548"}],"curies":[{"name":"wp","href":"https:\/\/api.w.org\/{rel}","templated":true}]}}