{"id":19498,"date":"2011-07-19T21:02:34","date_gmt":"2011-07-19T21:02:34","guid":{"rendered":"https:\/\/shop.metal-badge.ch\/?product=etui-en-cuir-liberty-ipa-france"},"modified":"2013-07-22T09:21:20","modified_gmt":"2013-07-22T09:21:20","slug":"etui-en-cuir-liberty-ipa-france","status":"publish","type":"product","link":"https:\/\/metal-badge.ch\/fr\/product\/19498\/etui-en-cuir-liberty-ipa-france\/","title":{"rendered":"Etui en cuir \u00ab\u00a0Liberty\u00a0\u00bb IPA France"},"content":{"rendered":"<p>Petit \u00e9tui de cuir brun, robuste avec une fen\u00eatre pour carte d&rsquo;identit\u00e9 et deux compartiments pour cartes de cr\u00e9dit, pour au moins 4 cartes de cr\u00e9dit. L&rsquo;\u00e9tui est muni d&rsquo;un compartiment pour la monnaie avec un bouton pression. En plus, deux compartiments s\u00e9par\u00e9s pour les billets de banque. Un petit compartiment suppl\u00e9mentaire pour diff\u00e9rentes cartes d&rsquo;identit\u00e9, notices etc., compl\u00e8te cet \u00e9tui. Excellente qualit\u00e9. <\/p>\n<p><b>Ce cuir r\u00e9sistant souligne la structure naturelle du produit et donne \u00e0 chaque \u00e9tui son caract\u00e8re individuel &#8211; les connaisseurs de cuir estiment le look du cuir port\u00e9 comme un \u00a0\u00bb charme tr\u00e8s particulier \u00ab\u00a0. <\/b><\/p>\n<p>Veuillez noter ! <\/p>\n<p>Chaque \u00e9tui est unique en son genre, c&rsquo;est pourquoi les photos (couleur et structure du cuir) peuvent diff\u00e9rer dans les nuances de la marchandise livr\u00e9e ! <\/p>\n<p>Le cuir est une peau animale tann\u00e9e. C&rsquo;est un produit naturel d&rsquo;une beaut\u00e9 exceptionnelle avec toutes ses irr\u00e9gularit\u00e9s typiques, comme les traces et les erreurs de pigment. Chaque pi\u00e8ce a son identit\u00e9 unique. <\/p>\n<p>\nDimension de l&rsquo;\u00e9tui : hauteur 8 cm \/ largeur 10 cm<\/p>\n<p class=\"red_underline\"> Attention: badge uniquement disponible pour les membres IPA!<\/p>\n","protected":false},"excerpt":{"rendered":"<p>Petit \u00e9tui de cuir brun, robuste avec une fen\u00eatre pour carte d&rsquo;identit\u00e9 et deux compartiments pour cartes de cr\u00e9dit, pour au moins 4 cartes de cr\u00e9dit. L&rsquo;\u00e9tui est muni d&rsquo;un compartiment pour la monnaie avec un bouton pression. En plus, deux compartiments s\u00e9par\u00e9s pour les billets de banque. Un petit compartiment suppl\u00e9mentaire pour diff\u00e9rentes cartes [&hellip;]<\/p>\n","protected":false},"featured_media":93543,"comment_status":"open","ping_status":"closed","template":"","meta":{"inline_featured_image":false},"product_brand":[],"product_cat":[847],"product_tag":[],"class_list":{"0":"post-19498","1":"product","2":"type-product","3":"status-publish","4":"has-post-thumbnail","6":"product_cat-france-fr","8":"first","9":"instock","10":"taxable","11":"shipping-taxable","12":"purchasable","13":"product-type-simple"},"_links":{"self":[{"href":"https:\/\/metal-badge.ch\/fr\/wp-json\/wp\/v2\/product\/19498","targetHints":{"allow":["GET"]}}],"collection":[{"href":"https:\/\/metal-badge.ch\/fr\/wp-json\/wp\/v2\/product"}],"about":[{"href":"https:\/\/metal-badge.ch\/fr\/wp-json\/wp\/v2\/types\/product"}],"replies":[{"embeddable":true,"href":"https:\/\/metal-badge.ch\/fr\/wp-json\/wp\/v2\/comments?post=19498"}],"wp:featuredmedia":[{"embeddable":true,"href":"https:\/\/metal-badge.ch\/fr\/wp-json\/wp\/v2\/media\/93543"}],"wp:attachment":[{"href":"https:\/\/metal-badge.ch\/fr\/wp-json\/wp\/v2\/media?parent=19498"}],"wp:term":[{"taxonomy":"product_brand","embeddable":true,"href":"https:\/\/metal-badge.ch\/fr\/wp-json\/wp\/v2\/product_brand?post=19498"},{"taxonomy":"product_cat","embeddable":true,"href":"https:\/\/metal-badge.ch\/fr\/wp-json\/wp\/v2\/product_cat?post=19498"},{"taxonomy":"product_tag","embeddable":true,"href":"https:\/\/metal-badge.ch\/fr\/wp-json\/wp\/v2\/product_tag?post=19498"}],"curies":[{"name":"wp","href":"https:\/\/api.w.org\/{rel}","templated":true}]}}