{"id":19478,"date":"2011-07-19T10:10:29","date_gmt":"2011-07-19T10:10:29","guid":{"rendered":"https:\/\/shop.metal-badge.ch\/?product=etui-en-cuir-diplomat-sans-badge"},"modified":"2017-04-17T02:47:57","modified_gmt":"2017-04-17T02:47:57","slug":"etui-en-cuir-diplomat-sans-badge","status":"publish","type":"product","link":"https:\/\/metal-badge.ch\/fr\/product\/19478\/etui-en-cuir-diplomat-sans-badge\/","title":{"rendered":"Etui en cuir \u00ab\u00a0Diplomat\u00a0\u00bb (sans badge)"},"content":{"rendered":"<p>Confectionn\u00e9 en cuir vachette de premi\u00e8re qualit\u00e9, cet \u00e9tui est tr\u00e8s pratique et a une finition sophistiqu\u00e9e. Porte-monnaie robuste mais tr\u00e8s finement cisel\u00e9 \u00e0 la main en \u201eGeniune Leather\u00a0\u00bb. Grand compartiment pour la monnaie avec bouton-pression.<\/p>\n<p>En outre, l&rsquo;\u00e9tui contient trois fen\u00eatres transparentes pour cartes d&rsquo;identit\u00e9 et deux compartiments s\u00e9par\u00e9s pour les billets de banque ainsi que plusieurs s\u00e9parations pour cartes de cr\u00e9dit. Il offre de la place pour au moins 30 cartes de cr\u00e9dit.<\/p>\n<p>Un autre compartiment offre la place pour de petites choses comme les r\u00e9c\u00e9piss\u00e9s, les adresses etc. Il contient en tout 4 c\u00f4t\u00e9s rabattables. Et cependant, ce porte-monnaie a un format pratique. Couleur : noir mat, brun avec une tr\u00e8s belle couture externe lumineuse. \u00c0 l&rsquo;ext\u00e9rieur, le porte-monnaie est s\u00e9curis\u00e9 avec une fermeture de s\u00fbret\u00e9.<\/p>\n<p>\nTaille\/dimensions : hauteur 10 cm \/ largeur 12.5 cm<\/p>\n","protected":false},"excerpt":{"rendered":"<p>Confectionn\u00e9 en cuir vachette de premi\u00e8re qualit\u00e9, cet \u00e9tui est tr\u00e8s pratique et a une finition sophistiqu\u00e9e. Porte-monnaie robuste mais tr\u00e8s finement cisel\u00e9 \u00e0 la main en \u201eGeniune Leather\u00a0\u00bb. Grand compartiment pour la monnaie avec bouton-pression. En outre, l&rsquo;\u00e9tui contient trois fen\u00eatres transparentes pour cartes d&rsquo;identit\u00e9 et deux compartiments s\u00e9par\u00e9s pour les billets de banque [&hellip;]<\/p>\n","protected":false},"featured_media":93551,"comment_status":"open","ping_status":"closed","template":"","meta":{"inline_featured_image":false},"product_brand":[],"product_cat":[907,947],"product_tag":[],"class_list":{"0":"post-19478","1":"product","2":"type-product","3":"status-publish","4":"has-post-thumbnail","6":"product_cat-etuis-en-cuir-sans-badge","7":"product_cat-portemonnaies-etuis-en-cuir","9":"first","10":"instock","11":"taxable","12":"shipping-taxable","13":"purchasable","14":"product-type-simple"},"_links":{"self":[{"href":"https:\/\/metal-badge.ch\/fr\/wp-json\/wp\/v2\/product\/19478","targetHints":{"allow":["GET"]}}],"collection":[{"href":"https:\/\/metal-badge.ch\/fr\/wp-json\/wp\/v2\/product"}],"about":[{"href":"https:\/\/metal-badge.ch\/fr\/wp-json\/wp\/v2\/types\/product"}],"replies":[{"embeddable":true,"href":"https:\/\/metal-badge.ch\/fr\/wp-json\/wp\/v2\/comments?post=19478"}],"wp:featuredmedia":[{"embeddable":true,"href":"https:\/\/metal-badge.ch\/fr\/wp-json\/wp\/v2\/media\/93551"}],"wp:attachment":[{"href":"https:\/\/metal-badge.ch\/fr\/wp-json\/wp\/v2\/media?parent=19478"}],"wp:term":[{"taxonomy":"product_brand","embeddable":true,"href":"https:\/\/metal-badge.ch\/fr\/wp-json\/wp\/v2\/product_brand?post=19478"},{"taxonomy":"product_cat","embeddable":true,"href":"https:\/\/metal-badge.ch\/fr\/wp-json\/wp\/v2\/product_cat?post=19478"},{"taxonomy":"product_tag","embeddable":true,"href":"https:\/\/metal-badge.ch\/fr\/wp-json\/wp\/v2\/product_tag?post=19478"}],"curies":[{"name":"wp","href":"https:\/\/api.w.org\/{rel}","templated":true}]}}