{"id":19469,"date":"2011-07-17T12:10:01","date_gmt":"2011-07-17T12:10:01","guid":{"rendered":"https:\/\/shop.metal-badge.ch\/?product=isopack-mini"},"modified":"2011-07-17T15:46:29","modified_gmt":"2011-07-17T15:46:29","slug":"isopack-mini","status":"publish","type":"product","link":"https:\/\/metal-badge.ch\/fr\/product\/19469\/isopack-mini\/","title":{"rendered":"Isopack Mini"},"content":{"rendered":"<p>Isopack Mini<br \/>\nPetit sac bandouli\u00e8re pour appareil de photo compact et t\u00e9l\u00e9phone mobile 100% \u00e9tanche.<br \/>\nFermeture \u00e9claire PVC.<br \/>\n3 plis depuis le col du sac pour assurer l\u2019imperm\u00e9abilit\u00e9 (folding line).<br \/>\nBouclage par sangles lat\u00e9rales de compression.<br \/>\nCompartiment int\u00e9rieur mouss\u00e9 et amovible pour la protection des appareils.<br \/>\nPoche avant zipp\u00e9e et perfor\u00e9e.<br \/>\nSangle \u00e9paule r\u00e9glable.<\/p>\n<p>Dimensions : 20 x 20 x 13 cm <\/p>\n<p>Mati\u00e8re Nylon 420 D double enduction PVC<\/p>\n","protected":false},"excerpt":{"rendered":"<p>Isopack Mini Petit sac bandouli\u00e8re pour appareil de photo compact et t\u00e9l\u00e9phone mobile 100% \u00e9tanche. Fermeture \u00e9claire PVC. 3 plis depuis le col du sac pour assurer l\u2019imperm\u00e9abilit\u00e9 (folding line). Bouclage par sangles lat\u00e9rales de compression. Compartiment int\u00e9rieur mouss\u00e9 et amovible pour la protection des appareils. Poche avant zipp\u00e9e et perfor\u00e9e. Sangle \u00e9paule r\u00e9glable. Dimensions [&hellip;]<\/p>\n","protected":false},"featured_media":93553,"comment_status":"open","ping_status":"closed","template":"","meta":{"inline_featured_image":false},"product_brand":[],"product_cat":[1059,1831,1815],"product_tag":[1777,1773,1765],"class_list":{"0":"post-19469","1":"product","2":"type-product","3":"status-publish","4":"has-post-thumbnail","6":"product_cat-sacs","7":"product_cat-sacs-demballage","8":"product_cat-sacs-de-transport-de-voyage","9":"product_tag-camping-voyage","10":"product_tag-chasse-peche","11":"product_tag-sport-outdoor-fr","13":"first","14":"instock","15":"taxable","16":"shipping-taxable","17":"purchasable","18":"product-type-simple"},"_links":{"self":[{"href":"https:\/\/metal-badge.ch\/fr\/wp-json\/wp\/v2\/product\/19469","targetHints":{"allow":["GET"]}}],"collection":[{"href":"https:\/\/metal-badge.ch\/fr\/wp-json\/wp\/v2\/product"}],"about":[{"href":"https:\/\/metal-badge.ch\/fr\/wp-json\/wp\/v2\/types\/product"}],"replies":[{"embeddable":true,"href":"https:\/\/metal-badge.ch\/fr\/wp-json\/wp\/v2\/comments?post=19469"}],"wp:featuredmedia":[{"embeddable":true,"href":"https:\/\/metal-badge.ch\/fr\/wp-json\/wp\/v2\/media\/93553"}],"wp:attachment":[{"href":"https:\/\/metal-badge.ch\/fr\/wp-json\/wp\/v2\/media?parent=19469"}],"wp:term":[{"taxonomy":"product_brand","embeddable":true,"href":"https:\/\/metal-badge.ch\/fr\/wp-json\/wp\/v2\/product_brand?post=19469"},{"taxonomy":"product_cat","embeddable":true,"href":"https:\/\/metal-badge.ch\/fr\/wp-json\/wp\/v2\/product_cat?post=19469"},{"taxonomy":"product_tag","embeddable":true,"href":"https:\/\/metal-badge.ch\/fr\/wp-json\/wp\/v2\/product_tag?post=19469"}],"curies":[{"name":"wp","href":"https:\/\/api.w.org\/{rel}","templated":true}]}}