{"id":19462,"date":"2011-07-17T12:05:47","date_gmt":"2011-07-17T12:05:47","guid":{"rendered":"https:\/\/shop.metal-badge.ch\/?product=isopack-maxi"},"modified":"2011-07-17T15:46:13","modified_gmt":"2011-07-17T15:46:13","slug":"isopack-maxi","status":"publish","type":"product","link":"https:\/\/metal-badge.ch\/fr\/product\/19462\/isopack-maxi\/","title":{"rendered":"Isopack Maxi"},"content":{"rendered":"<p>Sac pour appareil photo, 100% \u00e9tanche.<br \/>\nFermeture \u00e9claire PVC.<br \/>\n3 plis depuis le col du sac pour s\u00e9curiser l\u2019\u00e9tanch\u00e9it\u00e9 (folding line).<br \/>\nBouclage par sangles lat\u00e9rales de compression.<br \/>\n30L de compartiment \u00e9tanche. <br \/>\nSangle d&rsquo;\u00e9paule en mousse et dos rembourr\u00e9 avec de la mousse de<br \/>\nhaute densit\u00e9 E.V.A, am\u00e9liorant le confort lorsque le sac est lourdement charg\u00e9.<br \/>\n1 poign\u00e9e en caoutchouc inject\u00e9.<br \/>\nCompartiment int\u00e9rieur mouss\u00e9 et amovible pour la protection des appareils.<br \/>\n2 poches avant perm\u00e9ables \u00e0 l\u2019air et zipp\u00e9es.<br \/>\nSangles de fixation pour tr\u00e9pied de cam\u00e9ra. <\/p>\n<p>Dimensions : 36 X 28 x 28 cm <\/p>\n<p>Mati\u00e8re Nylon 420 D double enduction PVC <\/p>\n","protected":false},"excerpt":{"rendered":"<p>Sac pour appareil photo, 100% \u00e9tanche. Fermeture \u00e9claire PVC. 3 plis depuis le col du sac pour s\u00e9curiser l\u2019\u00e9tanch\u00e9it\u00e9 (folding line). Bouclage par sangles lat\u00e9rales de compression. 30L de compartiment \u00e9tanche. Sangle d&rsquo;\u00e9paule en mousse et dos rembourr\u00e9 avec de la mousse de haute densit\u00e9 E.V.A, am\u00e9liorant le confort lorsque le sac est lourdement charg\u00e9. [&hellip;]<\/p>\n","protected":false},"featured_media":93555,"comment_status":"open","ping_status":"closed","template":"","meta":{"inline_featured_image":false},"product_brand":[],"product_cat":[1059,1831,1815],"product_tag":[1777,1773,1765],"class_list":{"0":"post-19462","1":"product","2":"type-product","3":"status-publish","4":"has-post-thumbnail","6":"product_cat-sacs","7":"product_cat-sacs-demballage","8":"product_cat-sacs-de-transport-de-voyage","9":"product_tag-camping-voyage","10":"product_tag-chasse-peche","11":"product_tag-sport-outdoor-fr","13":"first","14":"instock","15":"taxable","16":"shipping-taxable","17":"purchasable","18":"product-type-simple"},"_links":{"self":[{"href":"https:\/\/metal-badge.ch\/fr\/wp-json\/wp\/v2\/product\/19462","targetHints":{"allow":["GET"]}}],"collection":[{"href":"https:\/\/metal-badge.ch\/fr\/wp-json\/wp\/v2\/product"}],"about":[{"href":"https:\/\/metal-badge.ch\/fr\/wp-json\/wp\/v2\/types\/product"}],"replies":[{"embeddable":true,"href":"https:\/\/metal-badge.ch\/fr\/wp-json\/wp\/v2\/comments?post=19462"}],"wp:featuredmedia":[{"embeddable":true,"href":"https:\/\/metal-badge.ch\/fr\/wp-json\/wp\/v2\/media\/93555"}],"wp:attachment":[{"href":"https:\/\/metal-badge.ch\/fr\/wp-json\/wp\/v2\/media?parent=19462"}],"wp:term":[{"taxonomy":"product_brand","embeddable":true,"href":"https:\/\/metal-badge.ch\/fr\/wp-json\/wp\/v2\/product_brand?post=19462"},{"taxonomy":"product_cat","embeddable":true,"href":"https:\/\/metal-badge.ch\/fr\/wp-json\/wp\/v2\/product_cat?post=19462"},{"taxonomy":"product_tag","embeddable":true,"href":"https:\/\/metal-badge.ch\/fr\/wp-json\/wp\/v2\/product_tag?post=19462"}],"curies":[{"name":"wp","href":"https:\/\/api.w.org\/{rel}","templated":true}]}}