{"id":19455,"date":"2011-07-17T11:56:47","date_gmt":"2011-07-17T11:56:47","guid":{"rendered":"https:\/\/shop.metal-badge.ch\/?product=bandit"},"modified":"2011-07-17T15:45:39","modified_gmt":"2011-07-17T15:45:39","slug":"bandit","status":"publish","type":"product","link":"https:\/\/metal-badge.ch\/fr\/product\/19455\/bandit\/","title":{"rendered":"Bandit"},"content":{"rendered":"<p>Sac \u00e0 dos.<br \/>\n1 compartiment avec poche \u00e9tanche amovible.<br \/>\nPoche suspendue int\u00e9rieure.<br \/>\nPoche avant plaqu\u00e9e.<br \/>\nPorte casque\/accessoires amovible.<br \/>\nDos et bretelles mouss\u00e9s.<br \/>\n1 poign\u00e9e confortable inject\u00e9e sur le haut.<br \/>\nSangle abdominale amovible.<br \/>\nSangle poitrine.<\/p>\n<p>Dimensions : 48 x 24 x 20 cm<\/p>\n<p>Mati\u00e8re Nylon 420 D double enduction <\/p>\n","protected":false},"excerpt":{"rendered":"<p>Sac \u00e0 dos. 1 compartiment avec poche \u00e9tanche amovible. Poche suspendue int\u00e9rieure. Poche avant plaqu\u00e9e. Porte casque\/accessoires amovible. Dos et bretelles mouss\u00e9s. 1 poign\u00e9e confortable inject\u00e9e sur le haut. Sangle abdominale amovible. Sangle poitrine. Dimensions : 48 x 24 x 20 cm Mati\u00e8re Nylon 420 D double enduction<\/p>\n","protected":false},"featured_media":93557,"comment_status":"open","ping_status":"closed","template":"","meta":{"inline_featured_image":false},"product_brand":[],"product_cat":[1059,1815],"product_tag":[1777,1773,1765],"class_list":{"0":"post-19455","1":"product","2":"type-product","3":"status-publish","4":"has-post-thumbnail","6":"product_cat-sacs","7":"product_cat-sacs-de-transport-de-voyage","8":"product_tag-camping-voyage","9":"product_tag-chasse-peche","10":"product_tag-sport-outdoor-fr","12":"first","13":"instock","14":"taxable","15":"shipping-taxable","16":"purchasable","17":"product-type-simple"},"_links":{"self":[{"href":"https:\/\/metal-badge.ch\/fr\/wp-json\/wp\/v2\/product\/19455","targetHints":{"allow":["GET"]}}],"collection":[{"href":"https:\/\/metal-badge.ch\/fr\/wp-json\/wp\/v2\/product"}],"about":[{"href":"https:\/\/metal-badge.ch\/fr\/wp-json\/wp\/v2\/types\/product"}],"replies":[{"embeddable":true,"href":"https:\/\/metal-badge.ch\/fr\/wp-json\/wp\/v2\/comments?post=19455"}],"wp:featuredmedia":[{"embeddable":true,"href":"https:\/\/metal-badge.ch\/fr\/wp-json\/wp\/v2\/media\/93557"}],"wp:attachment":[{"href":"https:\/\/metal-badge.ch\/fr\/wp-json\/wp\/v2\/media?parent=19455"}],"wp:term":[{"taxonomy":"product_brand","embeddable":true,"href":"https:\/\/metal-badge.ch\/fr\/wp-json\/wp\/v2\/product_brand?post=19455"},{"taxonomy":"product_cat","embeddable":true,"href":"https:\/\/metal-badge.ch\/fr\/wp-json\/wp\/v2\/product_cat?post=19455"},{"taxonomy":"product_tag","embeddable":true,"href":"https:\/\/metal-badge.ch\/fr\/wp-json\/wp\/v2\/product_tag?post=19455"}],"curies":[{"name":"wp","href":"https:\/\/api.w.org\/{rel}","templated":true}]}}