{"id":19448,"date":"2011-07-17T11:52:21","date_gmt":"2011-07-17T11:52:21","guid":{"rendered":"https:\/\/shop.metal-badge.ch\/?product=borneo-85-l"},"modified":"2011-07-17T15:45:56","modified_gmt":"2011-07-17T15:45:56","slug":"borneo-85-l","status":"publish","type":"product","link":"https:\/\/metal-badge.ch\/fr\/product\/19448\/borneo-85-l\/","title":{"rendered":"Borneo 85 L"},"content":{"rendered":"<p>Borneo 85 L<br \/>\nSac de voyage grand format 100% \u00e9tanche.<br \/>\nFermeture par 2 ou 3 tours depuis le haut + attaches rapides<br \/>\nlarges sangles de compression r\u00e9glables.<br \/>\n3 possibilit\u00e9s de portage gr\u00e2ce aux bretelles r\u00e9glables en mousse E.V.A. haute densit\u00e9 afin d\u2019assurer le confort lorsque la charge est lourde.<br \/>\nPortage dos avec sangle poitrine.<br \/>\nPortage \u00e9paule.<br \/>\n2 poign\u00e9es inject\u00e9es.<br \/>\nLarge poche avant perfor\u00e9e et zipp\u00e9e pour tout le mat\u00e9riel humide.<br \/>\n1 compartiment zipp\u00e9.<br \/>\nValve \u00e9tanche d&rsquo;\u00e9vacuation de l&rsquo;eau.<br \/>\n4 oeillets de fixation.<\/p>\n<p>Dimensions : 70 x 35 x 35 cm<\/p>\n<p>Mati\u00e8re Nylon 420 D double enduction PVC <\/p>\n","protected":false},"excerpt":{"rendered":"<p>Borneo 85 L Sac de voyage grand format 100% \u00e9tanche. Fermeture par 2 ou 3 tours depuis le haut + attaches rapides larges sangles de compression r\u00e9glables. 3 possibilit\u00e9s de portage gr\u00e2ce aux bretelles r\u00e9glables en mousse E.V.A. haute densit\u00e9 afin d\u2019assurer le confort lorsque la charge est lourde. Portage dos avec sangle poitrine. Portage [&hellip;]<\/p>\n","protected":false},"featured_media":93559,"comment_status":"open","ping_status":"closed","template":"","meta":{"inline_featured_image":false},"product_brand":[],"product_cat":[1059,1650,1815],"product_tag":[1777,1773,1765],"class_list":{"0":"post-19448","1":"product","2":"type-product","3":"status-publish","4":"has-post-thumbnail","6":"product_cat-sacs","7":"product_cat-sacs-dintervention","8":"product_cat-sacs-de-transport-de-voyage","9":"product_tag-camping-voyage","10":"product_tag-chasse-peche","11":"product_tag-sport-outdoor-fr","13":"first","14":"instock","15":"taxable","16":"shipping-taxable","17":"purchasable","18":"product-type-simple"},"_links":{"self":[{"href":"https:\/\/metal-badge.ch\/fr\/wp-json\/wp\/v2\/product\/19448","targetHints":{"allow":["GET"]}}],"collection":[{"href":"https:\/\/metal-badge.ch\/fr\/wp-json\/wp\/v2\/product"}],"about":[{"href":"https:\/\/metal-badge.ch\/fr\/wp-json\/wp\/v2\/types\/product"}],"replies":[{"embeddable":true,"href":"https:\/\/metal-badge.ch\/fr\/wp-json\/wp\/v2\/comments?post=19448"}],"wp:featuredmedia":[{"embeddable":true,"href":"https:\/\/metal-badge.ch\/fr\/wp-json\/wp\/v2\/media\/93559"}],"wp:attachment":[{"href":"https:\/\/metal-badge.ch\/fr\/wp-json\/wp\/v2\/media?parent=19448"}],"wp:term":[{"taxonomy":"product_brand","embeddable":true,"href":"https:\/\/metal-badge.ch\/fr\/wp-json\/wp\/v2\/product_brand?post=19448"},{"taxonomy":"product_cat","embeddable":true,"href":"https:\/\/metal-badge.ch\/fr\/wp-json\/wp\/v2\/product_cat?post=19448"},{"taxonomy":"product_tag","embeddable":true,"href":"https:\/\/metal-badge.ch\/fr\/wp-json\/wp\/v2\/product_tag?post=19448"}],"curies":[{"name":"wp","href":"https:\/\/api.w.org\/{rel}","templated":true}]}}