{"id":19441,"date":"2011-07-17T11:45:51","date_gmt":"2011-07-17T11:45:51","guid":{"rendered":"https:\/\/shop.metal-badge.ch\/?product=antipode-55-l"},"modified":"2011-07-17T15:44:47","modified_gmt":"2011-07-17T15:44:47","slug":"antipode-55-l","status":"publish","type":"product","link":"https:\/\/metal-badge.ch\/fr\/product\/19441\/antipode-55-l\/","title":{"rendered":"Antipode 55 L"},"content":{"rendered":"<p>Sac de voyage de taille moyenne.<br \/>\nSangles pour dos et \u00e9paules en mousse, r\u00e9glables avec rappel de charge et sangle pectorale.<br \/>\nSangles \u00e9paules escamotables. <br \/>\n2 poign\u00e9es inject\u00e9es en caoutchouc. <br \/>\n2 poign\u00e9es avant, sangle + n\u00e9opr\u00e8ne. <br \/>\nCompartiment principal zipp\u00e9, large ouverture en \u00ab\u00a0portefeuille\u00a0\u00bb.<br \/>\n45L. <br \/>\n1 large compartiment avant zipp\u00e9, ouverture en \u00ab\u00a0portefeuille\u00a0\u00bb. 10L. <br \/>\nPetite poche int\u00e9rieure suspendue.<br \/>\n4 sangles pour 3 zones de compression. <br \/>\n2 sangles de fixation mat\u00e9riel au dessus du compartiment avant.<\/p>\n<p>Dimensions : 60 x 40 x 26 cm <\/p>\n<p>Nylon 420 D double enduction PVC<\/p>\n","protected":false},"excerpt":{"rendered":"<p>Sac de voyage de taille moyenne. Sangles pour dos et \u00e9paules en mousse, r\u00e9glables avec rappel de charge et sangle pectorale. Sangles \u00e9paules escamotables. 2 poign\u00e9es inject\u00e9es en caoutchouc. 2 poign\u00e9es avant, sangle + n\u00e9opr\u00e8ne. Compartiment principal zipp\u00e9, large ouverture en \u00ab\u00a0portefeuille\u00a0\u00bb. 45L. 1 large compartiment avant zipp\u00e9, ouverture en \u00ab\u00a0portefeuille\u00a0\u00bb. 10L. Petite poche int\u00e9rieure [&hellip;]<\/p>\n","protected":false},"featured_media":93561,"comment_status":"open","ping_status":"closed","template":"","meta":{"inline_featured_image":false},"product_brand":[],"product_cat":[1059,1815],"product_tag":[1777,1773,1765],"class_list":{"0":"post-19441","1":"product","2":"type-product","3":"status-publish","4":"has-post-thumbnail","6":"product_cat-sacs","7":"product_cat-sacs-de-transport-de-voyage","8":"product_tag-camping-voyage","9":"product_tag-chasse-peche","10":"product_tag-sport-outdoor-fr","12":"first","13":"instock","14":"taxable","15":"shipping-taxable","16":"purchasable","17":"product-type-simple"},"_links":{"self":[{"href":"https:\/\/metal-badge.ch\/fr\/wp-json\/wp\/v2\/product\/19441","targetHints":{"allow":["GET"]}}],"collection":[{"href":"https:\/\/metal-badge.ch\/fr\/wp-json\/wp\/v2\/product"}],"about":[{"href":"https:\/\/metal-badge.ch\/fr\/wp-json\/wp\/v2\/types\/product"}],"replies":[{"embeddable":true,"href":"https:\/\/metal-badge.ch\/fr\/wp-json\/wp\/v2\/comments?post=19441"}],"wp:featuredmedia":[{"embeddable":true,"href":"https:\/\/metal-badge.ch\/fr\/wp-json\/wp\/v2\/media\/93561"}],"wp:attachment":[{"href":"https:\/\/metal-badge.ch\/fr\/wp-json\/wp\/v2\/media?parent=19441"}],"wp:term":[{"taxonomy":"product_brand","embeddable":true,"href":"https:\/\/metal-badge.ch\/fr\/wp-json\/wp\/v2\/product_brand?post=19441"},{"taxonomy":"product_cat","embeddable":true,"href":"https:\/\/metal-badge.ch\/fr\/wp-json\/wp\/v2\/product_cat?post=19441"},{"taxonomy":"product_tag","embeddable":true,"href":"https:\/\/metal-badge.ch\/fr\/wp-json\/wp\/v2\/product_tag?post=19441"}],"curies":[{"name":"wp","href":"https:\/\/api.w.org\/{rel}","templated":true}]}}