{"id":19432,"date":"2011-07-17T11:39:11","date_gmt":"2011-07-17T11:39:11","guid":{"rendered":"https:\/\/shop.metal-badge.ch\/?product=propack-laptop"},"modified":"2025-03-26T19:26:50","modified_gmt":"2025-03-26T18:26:50","slug":"propack-laptop","status":"publish","type":"product","link":"https:\/\/metal-badge.ch\/fr\/product\/19432\/propack-laptop\/","title":{"rendered":"Propack Laptop"},"content":{"rendered":"<p>Sac pour laptop, 100% \u00e9tanche.<br \/>Int\u00e9rieur comprenant une housse en mousse amovible avec poche.<br \/>Filet et multipoches stylos.<br \/>2 versions de transport.<br \/>Sangle \u00e9paule amovible et r\u00e9glable.<br \/>Poign\u00e9e confortable inject\u00e9e sur le haut.<br \/>Poche avant creus\u00e9e et zipp\u00e9e.<br \/>Poche arri\u00e8re plaqu\u00e9e et zipp\u00e9e.<br \/>Fermeture \u00e9claire PVC<br \/>3 plis depuis le col du sac.<br \/>Bouclage par sangles lat\u00e9rales de compression.<\/p>\n<p>Dimensions : 34 x 40 x 13 cm<\/p>\n<p>Mati\u00e8re Nylon 420 D double enduction PVC<\/p>\n","protected":false},"excerpt":{"rendered":"<p><br data-mce-bogus=\"1\"><\/p>\n","protected":false},"featured_media":93563,"comment_status":"open","ping_status":"closed","template":"","meta":{"inline_featured_image":false},"product_brand":[],"product_cat":[1059,1831,1815],"product_tag":[1777,1773,1765],"class_list":{"0":"post-19432","1":"product","2":"type-product","3":"status-publish","4":"has-post-thumbnail","6":"product_cat-sacs","7":"product_cat-sacs-demballage","8":"product_cat-sacs-de-transport-de-voyage","9":"product_tag-camping-voyage","10":"product_tag-chasse-peche","11":"product_tag-sport-outdoor-fr","13":"first","14":"outofstock","15":"taxable","16":"shipping-taxable","17":"purchasable","18":"product-type-simple"},"_links":{"self":[{"href":"https:\/\/metal-badge.ch\/fr\/wp-json\/wp\/v2\/product\/19432","targetHints":{"allow":["GET"]}}],"collection":[{"href":"https:\/\/metal-badge.ch\/fr\/wp-json\/wp\/v2\/product"}],"about":[{"href":"https:\/\/metal-badge.ch\/fr\/wp-json\/wp\/v2\/types\/product"}],"replies":[{"embeddable":true,"href":"https:\/\/metal-badge.ch\/fr\/wp-json\/wp\/v2\/comments?post=19432"}],"wp:featuredmedia":[{"embeddable":true,"href":"https:\/\/metal-badge.ch\/fr\/wp-json\/wp\/v2\/media\/93563"}],"wp:attachment":[{"href":"https:\/\/metal-badge.ch\/fr\/wp-json\/wp\/v2\/media?parent=19432"}],"wp:term":[{"taxonomy":"product_brand","embeddable":true,"href":"https:\/\/metal-badge.ch\/fr\/wp-json\/wp\/v2\/product_brand?post=19432"},{"taxonomy":"product_cat","embeddable":true,"href":"https:\/\/metal-badge.ch\/fr\/wp-json\/wp\/v2\/product_cat?post=19432"},{"taxonomy":"product_tag","embeddable":true,"href":"https:\/\/metal-badge.ch\/fr\/wp-json\/wp\/v2\/product_tag?post=19432"}],"curies":[{"name":"wp","href":"https:\/\/api.w.org\/{rel}","templated":true}]}}