{"id":19425,"date":"2011-07-17T11:21:40","date_gmt":"2011-07-17T11:21:40","guid":{"rendered":"https:\/\/shop.metal-badge.ch\/?product=backpack-60-l"},"modified":"2011-07-17T15:45:22","modified_gmt":"2011-07-17T15:45:22","slug":"backpack-60-l","status":"publish","type":"product","link":"https:\/\/metal-badge.ch\/fr\/product\/19425\/backpack-60-l\/","title":{"rendered":"Backpack 60 L"},"content":{"rendered":"<p>Sac fourre-tout 100% \u00e9tanche.<br \/>\nFermeture par glissi\u00e8re plastique et 3 tours depuis le col du sac.<br \/>\n1 compartiment \u00e9tanche. <br \/>\n2 poches avant perfor\u00e9es et zipp\u00e9es. <br \/>\nDos et bretelles mouss\u00e9s en E.V.A. haute densit\u00e9. <br \/>\n2 poign\u00e9es inject\u00e9es.<br \/>\n1 poign\u00e9e sangle.<br \/>\n1 poche plaqu\u00e9e zipp\u00e9e. <br \/>\nSangle poitrine. <\/p>\n<p>Dimensions : 60 x 40 x 30 cm<\/p>\n<p>Mati\u00e8re : Nylon 420 D double enduction <\/p>\n","protected":false},"excerpt":{"rendered":"<p>Sac fourre-tout 100% \u00e9tanche. Fermeture par glissi\u00e8re plastique et 3 tours depuis le col du sac. 1 compartiment \u00e9tanche. 2 poches avant perfor\u00e9es et zipp\u00e9es. Dos et bretelles mouss\u00e9s en E.V.A. haute densit\u00e9. 2 poign\u00e9es inject\u00e9es. 1 poign\u00e9e sangle. 1 poche plaqu\u00e9e zipp\u00e9e. Sangle poitrine. Dimensions : 60 x 40 x 30 cm Mati\u00e8re : [&hellip;]<\/p>\n","protected":false},"featured_media":93565,"comment_status":"open","ping_status":"closed","template":"","meta":{"inline_featured_image":false},"product_brand":[],"product_cat":[1059,1831,1815],"product_tag":[1777,1773,1765],"class_list":{"0":"post-19425","1":"product","2":"type-product","3":"status-publish","4":"has-post-thumbnail","6":"product_cat-sacs","7":"product_cat-sacs-demballage","8":"product_cat-sacs-de-transport-de-voyage","9":"product_tag-camping-voyage","10":"product_tag-chasse-peche","11":"product_tag-sport-outdoor-fr","13":"first","14":"instock","15":"taxable","16":"shipping-taxable","17":"purchasable","18":"product-type-simple"},"_links":{"self":[{"href":"https:\/\/metal-badge.ch\/fr\/wp-json\/wp\/v2\/product\/19425","targetHints":{"allow":["GET"]}}],"collection":[{"href":"https:\/\/metal-badge.ch\/fr\/wp-json\/wp\/v2\/product"}],"about":[{"href":"https:\/\/metal-badge.ch\/fr\/wp-json\/wp\/v2\/types\/product"}],"replies":[{"embeddable":true,"href":"https:\/\/metal-badge.ch\/fr\/wp-json\/wp\/v2\/comments?post=19425"}],"wp:featuredmedia":[{"embeddable":true,"href":"https:\/\/metal-badge.ch\/fr\/wp-json\/wp\/v2\/media\/93565"}],"wp:attachment":[{"href":"https:\/\/metal-badge.ch\/fr\/wp-json\/wp\/v2\/media?parent=19425"}],"wp:term":[{"taxonomy":"product_brand","embeddable":true,"href":"https:\/\/metal-badge.ch\/fr\/wp-json\/wp\/v2\/product_brand?post=19425"},{"taxonomy":"product_cat","embeddable":true,"href":"https:\/\/metal-badge.ch\/fr\/wp-json\/wp\/v2\/product_cat?post=19425"},{"taxonomy":"product_tag","embeddable":true,"href":"https:\/\/metal-badge.ch\/fr\/wp-json\/wp\/v2\/product_tag?post=19425"}],"curies":[{"name":"wp","href":"https:\/\/api.w.org\/{rel}","templated":true}]}}