{"id":19418,"date":"2011-07-17T11:14:20","date_gmt":"2011-07-17T11:14:20","guid":{"rendered":"https:\/\/shop.metal-badge.ch\/?product=backpack-35-l"},"modified":"2011-07-17T15:45:06","modified_gmt":"2011-07-17T15:45:06","slug":"backpack-35-l","status":"publish","type":"product","link":"https:\/\/metal-badge.ch\/fr\/product\/19418\/backpack-35-l\/","title":{"rendered":"Backpack 35 L"},"content":{"rendered":"<p>Sac fourre-tout 100% \u00e9tanche.<br \/>\nFermeture par glissi\u00e8re plastique et 3 tours depuis le col du sac.<br \/>\n1 compartiment \u00e9tanche. <br \/>\n1 poche avant perfor\u00e9e et zipp\u00e9e.<br \/>\n1 poche plaqu\u00e9e et zipp\u00e9e. <br \/>\nDos et bretelles en mousse E.V.A. haute densit\u00e9.<br \/>\nSangle poitrine et 2 poign\u00e9es de portage lat\u00e9rales.<br \/>\nSangles de compression lat\u00e9rales.<\/p>\n<p>Dimensions : 45 x 35 x 20 cm <\/p>\n<p>Mati\u00e8re : Nylon 420 D double enduction PVC <\/p>\n","protected":false},"excerpt":{"rendered":"<p>Sac fourre-tout 100% \u00e9tanche. Fermeture par glissi\u00e8re plastique et 3 tours depuis le col du sac. 1 compartiment \u00e9tanche. 1 poche avant perfor\u00e9e et zipp\u00e9e. 1 poche plaqu\u00e9e et zipp\u00e9e. Dos et bretelles en mousse E.V.A. haute densit\u00e9. Sangle poitrine et 2 poign\u00e9es de portage lat\u00e9rales. Sangles de compression lat\u00e9rales. Dimensions : 45 x 35 [&hellip;]<\/p>\n","protected":false},"featured_media":93567,"comment_status":"open","ping_status":"closed","template":"","meta":{"inline_featured_image":false},"product_brand":[],"product_cat":[1059,1831,1815],"product_tag":[1777,1773,1765],"class_list":{"0":"post-19418","1":"product","2":"type-product","3":"status-publish","4":"has-post-thumbnail","6":"product_cat-sacs","7":"product_cat-sacs-demballage","8":"product_cat-sacs-de-transport-de-voyage","9":"product_tag-camping-voyage","10":"product_tag-chasse-peche","11":"product_tag-sport-outdoor-fr","13":"first","14":"instock","15":"taxable","16":"shipping-taxable","17":"purchasable","18":"product-type-simple"},"_links":{"self":[{"href":"https:\/\/metal-badge.ch\/fr\/wp-json\/wp\/v2\/product\/19418","targetHints":{"allow":["GET"]}}],"collection":[{"href":"https:\/\/metal-badge.ch\/fr\/wp-json\/wp\/v2\/product"}],"about":[{"href":"https:\/\/metal-badge.ch\/fr\/wp-json\/wp\/v2\/types\/product"}],"replies":[{"embeddable":true,"href":"https:\/\/metal-badge.ch\/fr\/wp-json\/wp\/v2\/comments?post=19418"}],"wp:featuredmedia":[{"embeddable":true,"href":"https:\/\/metal-badge.ch\/fr\/wp-json\/wp\/v2\/media\/93567"}],"wp:attachment":[{"href":"https:\/\/metal-badge.ch\/fr\/wp-json\/wp\/v2\/media?parent=19418"}],"wp:term":[{"taxonomy":"product_brand","embeddable":true,"href":"https:\/\/metal-badge.ch\/fr\/wp-json\/wp\/v2\/product_brand?post=19418"},{"taxonomy":"product_cat","embeddable":true,"href":"https:\/\/metal-badge.ch\/fr\/wp-json\/wp\/v2\/product_cat?post=19418"},{"taxonomy":"product_tag","embeddable":true,"href":"https:\/\/metal-badge.ch\/fr\/wp-json\/wp\/v2\/product_tag?post=19418"}],"curies":[{"name":"wp","href":"https:\/\/api.w.org\/{rel}","templated":true}]}}