{"id":19396,"date":"2011-07-11T19:24:42","date_gmt":"2011-07-11T19:24:42","guid":{"rendered":"https:\/\/shop.metal-badge.ch\/?product=etui-en-cuir-secure-garde-suisse"},"modified":"2017-04-16T15:47:40","modified_gmt":"2017-04-16T15:47:40","slug":"etui-en-cuir-secure-garde-suisse","status":"publish","type":"product","link":"https:\/\/metal-badge.ch\/fr\/product\/19396\/etui-en-cuir-secure-garde-suisse\/","title":{"rendered":"Etui en cuir  \u00ab\u00a0Secure\u00a0\u00bb Garde Suisse"},"content":{"rendered":"<p>\u00c9tui en cuir noir avec un cha\u00eenette en acier inoxydable. La cha\u00eenette est munie d&rsquo;une fermeture de s\u00e9curit\u00e9. Compartiment avec fen\u00eatre transparente sur l&rsquo;arri\u00e8re. Cet \u00e9tui peut \u00eatre port\u00e9 sur la ceinture en retirant la cha\u00eenette. De plus, un porte-stylo \u00e9lastique est \u00e9galement pr\u00e9sent sur le c\u00f4t\u00e9 ext\u00e9rieur de l&rsquo;\u00e9tui.<\/p>\n<p>\u00c0 l&rsquo;int\u00e9rieur, on trouve deux compartiments pour cartes de cr\u00e9dit.<br \/>\nDimensions \/ mesures : 7.5 cm \/ hauteur 10 cm<\/p>\n<p><strong>Stylo bille pas inclus dans la livraison. <\/strong><\/p>\n","protected":false},"excerpt":{"rendered":"<p>\u00c9tui en cuir noir avec un cha\u00eenette en acier inoxydable. La cha\u00eenette est munie d&rsquo;une fermeture de s\u00e9curit\u00e9. Compartiment avec fen\u00eatre transparente sur l&rsquo;arri\u00e8re. Cet \u00e9tui peut \u00eatre port\u00e9 sur la ceinture en retirant la cha\u00eenette. De plus, un porte-stylo \u00e9lastique est \u00e9galement pr\u00e9sent sur le c\u00f4t\u00e9 ext\u00e9rieur de l&rsquo;\u00e9tui. \u00c0 l&rsquo;int\u00e9rieur, on trouve deux [&hellip;]<\/p>\n","protected":false},"featured_media":93581,"comment_status":"open","ping_status":"closed","template":"","meta":{"inline_featured_image":false},"product_brand":[],"product_cat":[1047],"product_tag":[],"class_list":{"0":"post-19396","1":"product","2":"type-product","3":"status-publish","4":"has-post-thumbnail","6":"product_cat-garde-suisse","8":"first","9":"instock","10":"taxable","11":"shipping-taxable","12":"purchasable","13":"product-type-simple"},"_links":{"self":[{"href":"https:\/\/metal-badge.ch\/fr\/wp-json\/wp\/v2\/product\/19396","targetHints":{"allow":["GET"]}}],"collection":[{"href":"https:\/\/metal-badge.ch\/fr\/wp-json\/wp\/v2\/product"}],"about":[{"href":"https:\/\/metal-badge.ch\/fr\/wp-json\/wp\/v2\/types\/product"}],"replies":[{"embeddable":true,"href":"https:\/\/metal-badge.ch\/fr\/wp-json\/wp\/v2\/comments?post=19396"}],"wp:featuredmedia":[{"embeddable":true,"href":"https:\/\/metal-badge.ch\/fr\/wp-json\/wp\/v2\/media\/93581"}],"wp:attachment":[{"href":"https:\/\/metal-badge.ch\/fr\/wp-json\/wp\/v2\/media?parent=19396"}],"wp:term":[{"taxonomy":"product_brand","embeddable":true,"href":"https:\/\/metal-badge.ch\/fr\/wp-json\/wp\/v2\/product_brand?post=19396"},{"taxonomy":"product_cat","embeddable":true,"href":"https:\/\/metal-badge.ch\/fr\/wp-json\/wp\/v2\/product_cat?post=19396"},{"taxonomy":"product_tag","embeddable":true,"href":"https:\/\/metal-badge.ch\/fr\/wp-json\/wp\/v2\/product_tag?post=19396"}],"curies":[{"name":"wp","href":"https:\/\/api.w.org\/{rel}","templated":true}]}}