{"id":19325,"date":"2011-07-11T19:21:56","date_gmt":"2011-07-11T19:21:56","guid":{"rendered":"https:\/\/shop.metal-badge.ch\/?product=bois-noyer-a-suspendre-garde-suisse"},"modified":"2017-04-16T15:27:13","modified_gmt":"2017-04-16T15:27:13","slug":"bois-noyer-a-suspendre-garde-suisse","status":"publish","type":"product","link":"https:\/\/metal-badge.ch\/fr\/product\/19325\/bois-noyer-a-suspendre-garde-suisse\/","title":{"rendered":"Bois (Noyer)  \u00e0 suspendre Garde Suisse"},"content":{"rendered":"<p>Id\u00e9al comme cadeau ou comme distinction. 100% bois noyer suisse, \u00e0 suspendre.<\/p>\n","protected":false},"excerpt":{"rendered":"<p>Id\u00e9al comme cadeau ou comme distinction. 100% bois noyer suisse, \u00e0 suspendre.<\/p>\n","protected":false},"featured_media":93637,"comment_status":"open","ping_status":"closed","template":"","meta":{"inline_featured_image":false},"product_brand":[],"product_cat":[1047],"product_tag":[],"class_list":{"0":"post-19325","1":"product","2":"type-product","3":"status-publish","4":"has-post-thumbnail","6":"product_cat-garde-suisse","8":"first","9":"instock","10":"taxable","11":"shipping-taxable","12":"purchasable","13":"product-type-simple"},"_links":{"self":[{"href":"https:\/\/metal-badge.ch\/fr\/wp-json\/wp\/v2\/product\/19325","targetHints":{"allow":["GET"]}}],"collection":[{"href":"https:\/\/metal-badge.ch\/fr\/wp-json\/wp\/v2\/product"}],"about":[{"href":"https:\/\/metal-badge.ch\/fr\/wp-json\/wp\/v2\/types\/product"}],"replies":[{"embeddable":true,"href":"https:\/\/metal-badge.ch\/fr\/wp-json\/wp\/v2\/comments?post=19325"}],"wp:featuredmedia":[{"embeddable":true,"href":"https:\/\/metal-badge.ch\/fr\/wp-json\/wp\/v2\/media\/93637"}],"wp:attachment":[{"href":"https:\/\/metal-badge.ch\/fr\/wp-json\/wp\/v2\/media?parent=19325"}],"wp:term":[{"taxonomy":"product_brand","embeddable":true,"href":"https:\/\/metal-badge.ch\/fr\/wp-json\/wp\/v2\/product_brand?post=19325"},{"taxonomy":"product_cat","embeddable":true,"href":"https:\/\/metal-badge.ch\/fr\/wp-json\/wp\/v2\/product_cat?post=19325"},{"taxonomy":"product_tag","embeddable":true,"href":"https:\/\/metal-badge.ch\/fr\/wp-json\/wp\/v2\/product_tag?post=19325"}],"curies":[{"name":"wp","href":"https:\/\/api.w.org\/{rel}","templated":true}]}}