{"id":19315,"date":"2011-07-11T19:21:37","date_gmt":"2011-07-11T19:21:37","guid":{"rendered":"https:\/\/shop.metal-badge.ch\/?product=badge-garde-suisse-sans-etui"},"modified":"2024-04-29T19:22:39","modified_gmt":"2024-04-29T17:22:39","slug":"badge-garde-suisse-sans-etui","status":"publish","type":"product","link":"https:\/\/metal-badge.ch\/fr\/product\/19315\/badge-garde-suisse-sans-etui\/","title":{"rendered":"Badge Garde Suisse (sans \u00e9tui)"},"content":{"rendered":"<p>Badge de l&rsquo;Garde Suisse, sans \u00e9tui ni bois. Au choix en argent ou en or.<\/p>\n<p>Badge Taille: 82,5 mm x 55,5 mm \/ insigne poids avec clip: 58 gr.<\/p>\n<p>Cette jolie bo\u00eete cadeau en alu argent\u00e9 avec fen\u00eatre est comprise dans le prix.<\/p>\n","protected":false},"excerpt":{"rendered":"<p>Badge de l&rsquo;Garde Suisse, sans \u00e9tui ni bois. Au choix en argent ou en or. Badge Taille: 82,5 mm x 55,5 mm \/ insigne poids avec clip: 58 gr. Cette jolie bo\u00eete cadeau en alu argent\u00e9 avec fen\u00eatre est comprise dans le prix.<\/p>\n","protected":false},"featured_media":75871,"comment_status":"open","ping_status":"closed","template":"","meta":{"inline_featured_image":false},"product_brand":[],"product_cat":[1047],"product_tag":[],"class_list":{"0":"post-19315","1":"product","2":"type-product","3":"status-publish","4":"has-post-thumbnail","6":"product_cat-garde-suisse","8":"first","9":"instock","10":"taxable","11":"shipping-taxable","12":"purchasable","13":"product-type-simple"},"_links":{"self":[{"href":"https:\/\/metal-badge.ch\/fr\/wp-json\/wp\/v2\/product\/19315","targetHints":{"allow":["GET"]}}],"collection":[{"href":"https:\/\/metal-badge.ch\/fr\/wp-json\/wp\/v2\/product"}],"about":[{"href":"https:\/\/metal-badge.ch\/fr\/wp-json\/wp\/v2\/types\/product"}],"replies":[{"embeddable":true,"href":"https:\/\/metal-badge.ch\/fr\/wp-json\/wp\/v2\/comments?post=19315"}],"wp:featuredmedia":[{"embeddable":true,"href":"https:\/\/metal-badge.ch\/fr\/wp-json\/wp\/v2\/media\/75871"}],"wp:attachment":[{"href":"https:\/\/metal-badge.ch\/fr\/wp-json\/wp\/v2\/media?parent=19315"}],"wp:term":[{"taxonomy":"product_brand","embeddable":true,"href":"https:\/\/metal-badge.ch\/fr\/wp-json\/wp\/v2\/product_brand?post=19315"},{"taxonomy":"product_cat","embeddable":true,"href":"https:\/\/metal-badge.ch\/fr\/wp-json\/wp\/v2\/product_cat?post=19315"},{"taxonomy":"product_tag","embeddable":true,"href":"https:\/\/metal-badge.ch\/fr\/wp-json\/wp\/v2\/product_tag?post=19315"}],"curies":[{"name":"wp","href":"https:\/\/api.w.org\/{rel}","templated":true}]}}