{"id":19064,"date":"2011-04-09T13:15:54","date_gmt":"2011-04-09T13:15:54","guid":{"rendered":"https:\/\/shop.metal-badge.ch\/?product=victorinox-traveller"},"modified":"2024-02-19T05:24:39","modified_gmt":"2024-02-19T04:24:39","slug":"victorinox-traveller","status":"publish","type":"product","link":"https:\/\/metal-badge.ch\/fr\/product\/19064\/victorinox-traveller\/","title":{"rendered":"Victorinox Traveller"},"content":{"rendered":"<p>Un v\u00e9ritable globe-trotter qui peut aussi affronter les intemp\u00e9ries.<\/p>\n<p>\nSP\u00c9CIFICATIONS<\/p>\n<p>Que vous soyez au N\u00e9pal ou au Cap Nord: vous atteindrez votre objectif gr\u00e2ce aux aides intelligentes \u00e0 l\u2019orientation telles que l\u2019altim\u00e8tre et le barom\u00e8tre ainsi qu\u2019aux nombreuses autres fonctions.<\/p>\n<p>\n1.\tgrande lame<br \/>\n2.\tpetite lame<br \/>\n3.\ttire-bouchons<br \/>\n4.\touvre-bo\u00eetes avec<br \/>\n5.\t&#8211; petit tournevis  <br \/>\n6.\td\u00e9capsuleur avec<br \/>\n7.\t&#8211; tournevis <br \/>\n8.\t&#8211; encoche fils \u00e9lectr. <br \/>\n9.\tpoin\u00e7on al\u00e9soir<br \/>\n10.\tanneau, inox<br \/>\n11.\tpincettes<br \/>\n12.\tcure-dents<br \/>\n13.\tciseaux<br \/>\n14.\tcrochet multi-usages avec<br \/>\n15.\t&#8211; lime \u00e0 ongles <br \/>\n16.\tStylo \u00e0 bille  <br \/>\n17.\t\u00e9pingle, inox<br \/>\n18.\tmini-tournevis<br \/>\n19.\tmontre digitale 12h\/24h avec<br \/>\n20.\t&#8211; r\u00e9veil <br \/>\n21.\t&#8211; minuteur <br \/>\n22.\t&#8211; temps de marche <br \/>\n23.\t&#8211; altim\u00e8tre m\/feet <br \/>\n24.\t&#8211; barom\u00e8tre <br \/>\n25.\t&#8211; thermom\u00e8tre \u00b0C\/\u00b0F <\/p>\n<p>\nCouleur:\trouge<br \/>\nTransparent:\toui<br \/>\nLongueur:\t91 mm<br \/>\nLargeur:\t27 mm<br \/>\nHauteur:\t21 mm<br \/>\nPoids net:\t90 g<\/p>\n","protected":false},"excerpt":{"rendered":"<p>Un v\u00e9ritable globe-trotter qui peut aussi affronter les intemp\u00e9ries. SP\u00c9CIFICATIONS Que vous soyez au N\u00e9pal ou au Cap Nord: vous atteindrez votre objectif gr\u00e2ce aux aides intelligentes \u00e0 l\u2019orientation telles que l\u2019altim\u00e8tre et le barom\u00e8tre ainsi qu\u2019aux nombreuses autres fonctions. 1. grande lame 2. petite lame 3. tire-bouchons 4. ouvre-bo\u00eetes avec 5. &#8211; petit tournevis [&hellip;]<\/p>\n","protected":false},"featured_media":93775,"comment_status":"open","ping_status":"closed","template":"","meta":{"inline_featured_image":false},"product_brand":[],"product_cat":[1347,1035],"product_tag":[1769,1773,1765,1838],"class_list":{"0":"post-19064","1":"product","2":"type-product","3":"status-publish","4":"has-post-thumbnail","6":"product_cat-accessoires-militaires-de-chasse","7":"product_cat-couteaux-machettes","8":"product_tag-army-survival-fr","9":"product_tag-chasse-peche","10":"product_tag-sport-outdoor-fr","11":"product_tag-victorinox-fr","13":"first","14":"outofstock","15":"taxable","16":"shipping-taxable","17":"purchasable","18":"product-type-simple"},"_links":{"self":[{"href":"https:\/\/metal-badge.ch\/fr\/wp-json\/wp\/v2\/product\/19064","targetHints":{"allow":["GET"]}}],"collection":[{"href":"https:\/\/metal-badge.ch\/fr\/wp-json\/wp\/v2\/product"}],"about":[{"href":"https:\/\/metal-badge.ch\/fr\/wp-json\/wp\/v2\/types\/product"}],"replies":[{"embeddable":true,"href":"https:\/\/metal-badge.ch\/fr\/wp-json\/wp\/v2\/comments?post=19064"}],"wp:featuredmedia":[{"embeddable":true,"href":"https:\/\/metal-badge.ch\/fr\/wp-json\/wp\/v2\/media\/93775"}],"wp:attachment":[{"href":"https:\/\/metal-badge.ch\/fr\/wp-json\/wp\/v2\/media?parent=19064"}],"wp:term":[{"taxonomy":"product_brand","embeddable":true,"href":"https:\/\/metal-badge.ch\/fr\/wp-json\/wp\/v2\/product_brand?post=19064"},{"taxonomy":"product_cat","embeddable":true,"href":"https:\/\/metal-badge.ch\/fr\/wp-json\/wp\/v2\/product_cat?post=19064"},{"taxonomy":"product_tag","embeddable":true,"href":"https:\/\/metal-badge.ch\/fr\/wp-json\/wp\/v2\/product_tag?post=19064"}],"curies":[{"name":"wp","href":"https:\/\/api.w.org\/{rel}","templated":true}]}}