{"id":19055,"date":"2011-04-09T10:06:22","date_gmt":"2011-04-09T10:06:22","guid":{"rendered":"https:\/\/shop.metal-badge.ch\/?product=victorinox-classic-rouge-transparent"},"modified":"2015-05-11T14:59:46","modified_gmt":"2015-05-11T14:59:46","slug":"victorinox-classic-rouge-transparent","status":"publish","type":"product","link":"https:\/\/metal-badge.ch\/fr\/product\/19055\/victorinox-classic-rouge-transparent\/","title":{"rendered":"Victorinox Classic, rouge  transparent"},"content":{"rendered":"<p>Pratique et \u00e9l\u00e9gant: le classique recherch\u00e9.<\/p>\n<p>\nSP\u00c9CIFICATIONS<\/p>\n<p>Petit et \u00e9l\u00e9gant, cet outil de poche vous accompagne au quotidien. Pratique: le petit tournevis qui permet par exemple de resserrer une branche de lunettes l\u00e2che.<\/p>\n<p>\n1.\tlame<br \/>\n2.\tlime \u00e0 ongles avec<br \/>\n3.\t&#8211; tournevis <br \/>\n4.\tciseaux<br \/>\n5.\tanneau, inox<br \/>\n6.\tpincettes<br \/>\n7.\tcure-dents<\/p>\n<p>\nCouleur:\trouge<br \/>\nTransparent:\toui<br \/>\nLongueur:\t58 mm<br \/>\nLargeur:\t18 mm<br \/>\nHauteur:\t9 mm<br \/>\nPoids net:\t22 g<\/p>\n","protected":false},"excerpt":{"rendered":"<p>Pratique et \u00e9l\u00e9gant: le classique recherch\u00e9. SP\u00c9CIFICATIONS Petit et \u00e9l\u00e9gant, cet outil de poche vous accompagne au quotidien. Pratique: le petit tournevis qui permet par exemple de resserrer une branche de lunettes l\u00e2che. 1. lame 2. lime \u00e0 ongles avec 3. &#8211; tournevis 4. ciseaux 5. anneau, inox 6. pincettes 7. cure-dents Couleur: rouge Transparent: [&hellip;]<\/p>\n","protected":false},"featured_media":93777,"comment_status":"open","ping_status":"closed","template":"","meta":{"inline_featured_image":false},"product_brand":[],"product_cat":[1347,1035],"product_tag":[1769,1773,1765,1838],"class_list":{"0":"post-19055","1":"product","2":"type-product","3":"status-publish","4":"has-post-thumbnail","6":"product_cat-accessoires-militaires-de-chasse","7":"product_cat-couteaux-machettes","8":"product_tag-army-survival-fr","9":"product_tag-chasse-peche","10":"product_tag-sport-outdoor-fr","11":"product_tag-victorinox-fr","13":"first","14":"instock","15":"taxable","16":"shipping-taxable","17":"purchasable","18":"product-type-simple"},"_links":{"self":[{"href":"https:\/\/metal-badge.ch\/fr\/wp-json\/wp\/v2\/product\/19055","targetHints":{"allow":["GET"]}}],"collection":[{"href":"https:\/\/metal-badge.ch\/fr\/wp-json\/wp\/v2\/product"}],"about":[{"href":"https:\/\/metal-badge.ch\/fr\/wp-json\/wp\/v2\/types\/product"}],"replies":[{"embeddable":true,"href":"https:\/\/metal-badge.ch\/fr\/wp-json\/wp\/v2\/comments?post=19055"}],"wp:featuredmedia":[{"embeddable":true,"href":"https:\/\/metal-badge.ch\/fr\/wp-json\/wp\/v2\/media\/93777"}],"wp:attachment":[{"href":"https:\/\/metal-badge.ch\/fr\/wp-json\/wp\/v2\/media?parent=19055"}],"wp:term":[{"taxonomy":"product_brand","embeddable":true,"href":"https:\/\/metal-badge.ch\/fr\/wp-json\/wp\/v2\/product_brand?post=19055"},{"taxonomy":"product_cat","embeddable":true,"href":"https:\/\/metal-badge.ch\/fr\/wp-json\/wp\/v2\/product_cat?post=19055"},{"taxonomy":"product_tag","embeddable":true,"href":"https:\/\/metal-badge.ch\/fr\/wp-json\/wp\/v2\/product_tag?post=19055"}],"curies":[{"name":"wp","href":"https:\/\/api.w.org\/{rel}","templated":true}]}}