{"id":19045,"date":"2011-04-08T23:42:08","date_gmt":"2011-04-08T23:42:08","guid":{"rendered":"https:\/\/shop.metal-badge.ch\/?product=victorinox-tinker-rouge"},"modified":"2015-05-11T14:52:16","modified_gmt":"2015-05-11T14:52:16","slug":"victorinox-tinker-rouge","status":"publish","type":"product","link":"https:\/\/metal-badge.ch\/fr\/product\/19045\/victorinox-tinker-rouge\/","title":{"rendered":"Victorinox Tinker, rouge"},"content":{"rendered":"<p>Toujours bien \u00e9quip\u00e9 \u2013 m\u00eame en route.<\/p>\n<p>\nSP\u00c9CIFICATIONS<\/p>\n<p>Avec ce petit \u00ab couteau d\u2019officier \u00bb, vous disposez toujours de l\u2019outil appropri\u00e9 en main.<\/p>\n<p>\n1.\tgrande lame<br \/>\n2.\tpetite lame<br \/>\n3.\touvre-bo\u00eetes avec<br \/>\n4.\t&#8211; tournevis petit <br \/>\n5.\td\u00e9capsuleur avec<br \/>\n6.\t&#8211; tournevis <br \/>\n7.\t&#8211; encoche fils \u00e9lectr. <br \/>\n8.\tpoin\u00e7on al\u00e9soir<br \/>\n9.\tanneau, inox<br \/>\n10.\tpincettes<br \/>\n11.\tcure-dents<br \/>\n12.\ttournevis Philips  <\/p>\n<p>\nCouleur:\trouge<br \/>\nTransparent:\tnon<br \/>\nLongueur:\t91 mm<br \/>\nLargeur:\t26 mm<br \/>\nHauteur:\t14 mm<br \/>\nPoids net:\t63 g<\/p>\n","protected":false},"excerpt":{"rendered":"<p>Toujours bien \u00e9quip\u00e9 \u2013 m\u00eame en route. SP\u00c9CIFICATIONS Avec ce petit \u00ab couteau d\u2019officier \u00bb, vous disposez toujours de l\u2019outil appropri\u00e9 en main. 1. grande lame 2. petite lame 3. ouvre-bo\u00eetes avec 4. &#8211; tournevis petit 5. d\u00e9capsuleur avec 6. &#8211; tournevis 7. &#8211; encoche fils \u00e9lectr. 8. poin\u00e7on al\u00e9soir 9. anneau, inox 10. pincettes [&hellip;]<\/p>\n","protected":false},"featured_media":93781,"comment_status":"open","ping_status":"closed","template":"","meta":{"inline_featured_image":false},"product_brand":[],"product_cat":[1347,1035],"product_tag":[1769,1773,1765,1838],"class_list":{"0":"post-19045","1":"product","2":"type-product","3":"status-publish","4":"has-post-thumbnail","6":"product_cat-accessoires-militaires-de-chasse","7":"product_cat-couteaux-machettes","8":"product_tag-army-survival-fr","9":"product_tag-chasse-peche","10":"product_tag-sport-outdoor-fr","11":"product_tag-victorinox-fr","13":"first","14":"instock","15":"taxable","16":"shipping-taxable","17":"purchasable","18":"product-type-simple"},"_links":{"self":[{"href":"https:\/\/metal-badge.ch\/fr\/wp-json\/wp\/v2\/product\/19045","targetHints":{"allow":["GET"]}}],"collection":[{"href":"https:\/\/metal-badge.ch\/fr\/wp-json\/wp\/v2\/product"}],"about":[{"href":"https:\/\/metal-badge.ch\/fr\/wp-json\/wp\/v2\/types\/product"}],"replies":[{"embeddable":true,"href":"https:\/\/metal-badge.ch\/fr\/wp-json\/wp\/v2\/comments?post=19045"}],"wp:featuredmedia":[{"embeddable":true,"href":"https:\/\/metal-badge.ch\/fr\/wp-json\/wp\/v2\/media\/93781"}],"wp:attachment":[{"href":"https:\/\/metal-badge.ch\/fr\/wp-json\/wp\/v2\/media?parent=19045"}],"wp:term":[{"taxonomy":"product_brand","embeddable":true,"href":"https:\/\/metal-badge.ch\/fr\/wp-json\/wp\/v2\/product_brand?post=19045"},{"taxonomy":"product_cat","embeddable":true,"href":"https:\/\/metal-badge.ch\/fr\/wp-json\/wp\/v2\/product_cat?post=19045"},{"taxonomy":"product_tag","embeddable":true,"href":"https:\/\/metal-badge.ch\/fr\/wp-json\/wp\/v2\/product_tag?post=19045"}],"curies":[{"name":"wp","href":"https:\/\/api.w.org\/{rel}","templated":true}]}}