{"id":19040,"date":"2011-04-08T23:35:38","date_gmt":"2011-04-08T23:35:38","guid":{"rendered":"https:\/\/shop.metal-badge.ch\/?product=victorinox-swiss-card-lite-onyx"},"modified":"2015-05-11T14:53:29","modified_gmt":"2015-05-11T14:53:29","slug":"victorinox-swiss-card-lite-onyx","status":"publish","type":"product","link":"https:\/\/metal-badge.ch\/fr\/product\/19040\/victorinox-swiss-card-lite-onyx\/","title":{"rendered":"Victorinox Swiss Card Lite Onyx"},"content":{"rendered":"<p>L&rsquo;outil de poche au format d&rsquo;une carte de cr\u00e9dit surprend avec 13 fonctions ing\u00e9nieuses.<\/p>\n<p>\nSP\u00c9CIFICATIONS<\/p>\n<p>La SwissCard au format d&rsquo;une carte de cr\u00e9dit comporte 13 fonctions \u2013 notamment une puissante lampe LED. Divers tournevis Phillips permettent m\u00eame d&rsquo;effectuer de simples r\u00e9parations sur des appareils \u00e9lectroniques ou l&rsquo;ordinateur. Pas \u00e9tonnant que cet outil de poche r\u00e9volutionnaire ait re\u00e7u \u00e0 l&rsquo;occasion du \u00abred dot award\u00bb la plus haute distinction dans la cat\u00e9gorie \u00ab\u00a0Design de produit.<\/p>\n<p>\n1.\touvre-lettres (lame)<br \/>\n2.\tciseaux<br \/>\n3.\t\u00e9pingle, inox<br \/>\n4.\tStylo \u00e0 bille  <br \/>\n5.\tpincettes<br \/>\n6.\tloupe 5x<br \/>\n7.\ttournevis 3 mm<br \/>\n8.\ttournevis 5 mm<br \/>\n9.\ttournevis Philips 00-0<br \/>\n10.\ttournevis Philips pour PH1 et PH2<br \/>\n11.\tLED, blanche<br \/>\n12.\tmesure cm<br \/>\n13.\tmesure pouces<\/p>\n<p>\nCouleur:\tanthracitev<br \/>\nTransparent:\toui<br \/>\nLongueur:\t82 mm<br \/>\nLargeur:\t54,5 mm<br \/>\nHauteur:\t4,5 mm<br \/>\nPoids net:\t26 gv<\/p>\n","protected":false},"excerpt":{"rendered":"<p>L&rsquo;outil de poche au format d&rsquo;une carte de cr\u00e9dit surprend avec 13 fonctions ing\u00e9nieuses. SP\u00c9CIFICATIONS La SwissCard au format d&rsquo;une carte de cr\u00e9dit comporte 13 fonctions \u2013 notamment une puissante lampe LED. Divers tournevis Phillips permettent m\u00eame d&rsquo;effectuer de simples r\u00e9parations sur des appareils \u00e9lectroniques ou l&rsquo;ordinateur. Pas \u00e9tonnant que cet outil de poche r\u00e9volutionnaire [&hellip;]<\/p>\n","protected":false},"featured_media":93783,"comment_status":"open","ping_status":"closed","template":"","meta":{"inline_featured_image":false},"product_brand":[],"product_cat":[1347,1035],"product_tag":[1769,1773,1765,1838],"class_list":{"0":"post-19040","1":"product","2":"type-product","3":"status-publish","4":"has-post-thumbnail","6":"product_cat-accessoires-militaires-de-chasse","7":"product_cat-couteaux-machettes","8":"product_tag-army-survival-fr","9":"product_tag-chasse-peche","10":"product_tag-sport-outdoor-fr","11":"product_tag-victorinox-fr","13":"first","14":"instock","15":"taxable","16":"shipping-taxable","17":"purchasable","18":"product-type-simple"},"_links":{"self":[{"href":"https:\/\/metal-badge.ch\/fr\/wp-json\/wp\/v2\/product\/19040","targetHints":{"allow":["GET"]}}],"collection":[{"href":"https:\/\/metal-badge.ch\/fr\/wp-json\/wp\/v2\/product"}],"about":[{"href":"https:\/\/metal-badge.ch\/fr\/wp-json\/wp\/v2\/types\/product"}],"replies":[{"embeddable":true,"href":"https:\/\/metal-badge.ch\/fr\/wp-json\/wp\/v2\/comments?post=19040"}],"wp:featuredmedia":[{"embeddable":true,"href":"https:\/\/metal-badge.ch\/fr\/wp-json\/wp\/v2\/media\/93783"}],"wp:attachment":[{"href":"https:\/\/metal-badge.ch\/fr\/wp-json\/wp\/v2\/media?parent=19040"}],"wp:term":[{"taxonomy":"product_brand","embeddable":true,"href":"https:\/\/metal-badge.ch\/fr\/wp-json\/wp\/v2\/product_brand?post=19040"},{"taxonomy":"product_cat","embeddable":true,"href":"https:\/\/metal-badge.ch\/fr\/wp-json\/wp\/v2\/product_cat?post=19040"},{"taxonomy":"product_tag","embeddable":true,"href":"https:\/\/metal-badge.ch\/fr\/wp-json\/wp\/v2\/product_tag?post=19040"}],"curies":[{"name":"wp","href":"https:\/\/api.w.org\/{rel}","templated":true}]}}