{"id":19035,"date":"2011-04-08T23:26:17","date_gmt":"2011-04-08T23:26:17","guid":{"rendered":"https:\/\/shop.metal-badge.ch\/?product=victorinox-sportsman"},"modified":"2015-05-11T14:53:50","modified_gmt":"2015-05-11T14:53:50","slug":"victorinox-sportsman","status":"publish","type":"product","link":"https:\/\/metal-badge.ch\/fr\/product\/19035\/victorinox-sportsman\/","title":{"rendered":"Victorinox Sportsman"},"content":{"rendered":"<p>Toujours actif et soign\u00e9.<\/p>\n<p>\nSP\u00c9CIFICATIONS<\/p>\n<p>Celui qui est un v\u00e9ritable \u00abSportsman\u00bb voue une grande importance \u00e0 la pr\u00e9sentation, m\u00eame lorsqu\u2019il est en route.<\/p>\n<p>\n1.\tgrande lame<br \/>\n2.\tlime \u00e0 ongles avec<br \/>\n3.\t&#8211; cure-ongles <br \/>\n4.\ttire-bouchons<br \/>\n5.\touvre-bo\u00eetes avec<br \/>\n6.\t&#8211; tournevis petit <br \/>\n7.\td\u00e9capsuleur avec<br \/>\n8.\t&#8211; tournevis <br \/>\n9.\t&#8211; encoche fils \u00e9lectr. <br \/>\n10.\tpoin\u00e7on al\u00e9soir avec chas d\u2019aiguille<br \/>\n11.\tanneau, inox<br \/>\n12.\tpincettes<br \/>\n13.\tcure-dents<\/p>\n<p>\nCouleur:\trouge EcoLine<br \/>\nTransparent:\tnon<br \/>\nLongueur:\t84 mm<br \/>\nLargeur:\t26 mm<br \/>\nHauteur:\t15 mm<br \/>\nPoids net:\t52 g<\/p>\n","protected":false},"excerpt":{"rendered":"<p>Toujours actif et soign\u00e9. SP\u00c9CIFICATIONS Celui qui est un v\u00e9ritable \u00abSportsman\u00bb voue une grande importance \u00e0 la pr\u00e9sentation, m\u00eame lorsqu\u2019il est en route. 1. grande lame 2. lime \u00e0 ongles avec 3. &#8211; cure-ongles 4. tire-bouchons 5. ouvre-bo\u00eetes avec 6. &#8211; tournevis petit 7. d\u00e9capsuleur avec 8. &#8211; tournevis 9. &#8211; encoche fils \u00e9lectr. 10. [&hellip;]<\/p>\n","protected":false},"featured_media":93785,"comment_status":"open","ping_status":"closed","template":"","meta":{"inline_featured_image":false},"product_brand":[],"product_cat":[1347,1035],"product_tag":[1769,1773,1765,1838],"class_list":{"0":"post-19035","1":"product","2":"type-product","3":"status-publish","4":"has-post-thumbnail","6":"product_cat-accessoires-militaires-de-chasse","7":"product_cat-couteaux-machettes","8":"product_tag-army-survival-fr","9":"product_tag-chasse-peche","10":"product_tag-sport-outdoor-fr","11":"product_tag-victorinox-fr","13":"first","14":"instock","15":"taxable","16":"shipping-taxable","17":"purchasable","18":"product-type-simple"},"_links":{"self":[{"href":"https:\/\/metal-badge.ch\/fr\/wp-json\/wp\/v2\/product\/19035","targetHints":{"allow":["GET"]}}],"collection":[{"href":"https:\/\/metal-badge.ch\/fr\/wp-json\/wp\/v2\/product"}],"about":[{"href":"https:\/\/metal-badge.ch\/fr\/wp-json\/wp\/v2\/types\/product"}],"replies":[{"embeddable":true,"href":"https:\/\/metal-badge.ch\/fr\/wp-json\/wp\/v2\/comments?post=19035"}],"wp:featuredmedia":[{"embeddable":true,"href":"https:\/\/metal-badge.ch\/fr\/wp-json\/wp\/v2\/media\/93785"}],"wp:attachment":[{"href":"https:\/\/metal-badge.ch\/fr\/wp-json\/wp\/v2\/media?parent=19035"}],"wp:term":[{"taxonomy":"product_brand","embeddable":true,"href":"https:\/\/metal-badge.ch\/fr\/wp-json\/wp\/v2\/product_brand?post=19035"},{"taxonomy":"product_cat","embeddable":true,"href":"https:\/\/metal-badge.ch\/fr\/wp-json\/wp\/v2\/product_cat?post=19035"},{"taxonomy":"product_tag","embeddable":true,"href":"https:\/\/metal-badge.ch\/fr\/wp-json\/wp\/v2\/product_tag?post=19035"}],"curies":[{"name":"wp","href":"https:\/\/api.w.org\/{rel}","templated":true}]}}