{"id":19025,"date":"2011-04-08T23:11:33","date_gmt":"2011-04-08T23:11:33","guid":{"rendered":"https:\/\/shop.metal-badge.ch\/?product=victorinox-signature-lite-silver-tech"},"modified":"2015-05-11T14:54:33","modified_gmt":"2015-05-11T14:54:33","slug":"victorinox-signature-lite-silver-tech","status":"publish","type":"product","link":"https:\/\/metal-badge.ch\/fr\/product\/19025\/victorinox-signature-lite-silver-tech\/","title":{"rendered":"Victorinox Signature Lite Silver Tech"},"content":{"rendered":"<p>Bien arriv\u00e9 \u2013 \u00e0 chaque heure du jour.<\/p>\n<p>\nSP\u00c9CIFICATIONS<\/p>\n<p>Vous pouvez aussi \u00e9crire dans le noir gr\u00e2ce \u00e0 son LED lumineux.<\/p>\n<p>\n1.\tlame<br \/>\n2.\tlime \u00e0 ongles avec<br \/>\n3.\t&#8211; tournevis <br \/>\n4.\tciseaux<br \/>\n5.\tanneau, inox<br \/>\n6.\tLED, blanche<br \/>\n7.\tstylo \u00e0 bille  <\/p>\n<p>Couleur:\targent<br \/>\nTransparent:\tnon<br \/>\nLongueur:\t58 mm<br \/>\nLargeur:\t18 mm<br \/>\nHauteur:\t12 mm<br \/>\nPoids net:\t23 g<\/p>\n","protected":false},"excerpt":{"rendered":"<p>Bien arriv\u00e9 \u2013 \u00e0 chaque heure du jour. SP\u00c9CIFICATIONS Vous pouvez aussi \u00e9crire dans le noir gr\u00e2ce \u00e0 son LED lumineux. 1. lame 2. lime \u00e0 ongles avec 3. &#8211; tournevis 4. ciseaux 5. anneau, inox 6. LED, blanche 7. stylo \u00e0 bille Couleur: argent Transparent: non Longueur: 58 mm Largeur: 18 mm Hauteur: 12 [&hellip;]<\/p>\n","protected":false},"featured_media":93789,"comment_status":"open","ping_status":"closed","template":"","meta":{"inline_featured_image":false},"product_brand":[],"product_cat":[1347,1035],"product_tag":[1769,1773,1765,1838],"class_list":{"0":"post-19025","1":"product","2":"type-product","3":"status-publish","4":"has-post-thumbnail","6":"product_cat-accessoires-militaires-de-chasse","7":"product_cat-couteaux-machettes","8":"product_tag-army-survival-fr","9":"product_tag-chasse-peche","10":"product_tag-sport-outdoor-fr","11":"product_tag-victorinox-fr","13":"first","14":"instock","15":"taxable","16":"shipping-taxable","17":"purchasable","18":"product-type-simple"},"_links":{"self":[{"href":"https:\/\/metal-badge.ch\/fr\/wp-json\/wp\/v2\/product\/19025","targetHints":{"allow":["GET"]}}],"collection":[{"href":"https:\/\/metal-badge.ch\/fr\/wp-json\/wp\/v2\/product"}],"about":[{"href":"https:\/\/metal-badge.ch\/fr\/wp-json\/wp\/v2\/types\/product"}],"replies":[{"embeddable":true,"href":"https:\/\/metal-badge.ch\/fr\/wp-json\/wp\/v2\/comments?post=19025"}],"wp:featuredmedia":[{"embeddable":true,"href":"https:\/\/metal-badge.ch\/fr\/wp-json\/wp\/v2\/media\/93789"}],"wp:attachment":[{"href":"https:\/\/metal-badge.ch\/fr\/wp-json\/wp\/v2\/media?parent=19025"}],"wp:term":[{"taxonomy":"product_brand","embeddable":true,"href":"https:\/\/metal-badge.ch\/fr\/wp-json\/wp\/v2\/product_brand?post=19025"},{"taxonomy":"product_cat","embeddable":true,"href":"https:\/\/metal-badge.ch\/fr\/wp-json\/wp\/v2\/product_cat?post=19025"},{"taxonomy":"product_tag","embeddable":true,"href":"https:\/\/metal-badge.ch\/fr\/wp-json\/wp\/v2\/product_tag?post=19025"}],"curies":[{"name":"wp","href":"https:\/\/api.w.org\/{rel}","templated":true}]}}