{"id":19020,"date":"2011-04-08T23:00:55","date_gmt":"2011-04-08T23:00:55","guid":{"rendered":"https:\/\/shop.metal-badge.ch\/?product=victorinox-rucksack"},"modified":"2015-05-11T14:54:57","modified_gmt":"2015-05-11T14:54:57","slug":"victorinox-rucksack","status":"publish","type":"product","link":"https:\/\/metal-badge.ch\/fr\/product\/19020\/victorinox-rucksack\/","title":{"rendered":"Victorinox Rucksack"},"content":{"rendered":"<p>A sortir pour chaque aventure<\/p>\n<p>\nSP\u00c9CIFICATIONS<\/p>\n<p>Dot\u00e9 d\u2019une scie \u00e0 bois et de 11 fonctions standards, ce Multi Tool de poche vous accompagne partout.<\/p>\n<p>1.\tlame \u00e0 cran<br \/>\n2.\ttire-bouchons<br \/>\n3.\touvre-bo\u00eetes con<br \/>\n4.\t&#8211; tournevis petit <br \/>\n5.\td\u00e9capsuleur con<br \/>\n6.\t&#8211; tournevis <br \/>\n7.\t&#8211; encoche fils \u00e9lectr. <br \/>\n8.\tpoin\u00e7on al\u00e9soir<br \/>\n9.\tAnneau, inox<br \/>\n10.\tpincettes<br \/>\n11.\tcure-dents<br \/>\n12.\tscie \u00e0 bois<\/p>\n<p>\nCouleur:\tRouge<br \/>\nTransparent:\tNon<br \/>\nLongueur:\t111 mm<br \/>\nLargeur:\t31,5 mm<br \/>\nHauteur:\t18,5 mm<br \/>\nPoids net:\t105 g<\/p>\n","protected":false},"excerpt":{"rendered":"<p>A sortir pour chaque aventure SP\u00c9CIFICATIONS Dot\u00e9 d\u2019une scie \u00e0 bois et de 11 fonctions standards, ce Multi Tool de poche vous accompagne partout. 1. lame \u00e0 cran 2. tire-bouchons 3. ouvre-bo\u00eetes con 4. &#8211; tournevis petit 5. d\u00e9capsuleur con 6. &#8211; tournevis 7. &#8211; encoche fils \u00e9lectr. 8. poin\u00e7on al\u00e9soir 9. Anneau, inox 10. [&hellip;]<\/p>\n","protected":false},"featured_media":93791,"comment_status":"open","ping_status":"closed","template":"","meta":{"inline_featured_image":false},"product_brand":[],"product_cat":[1347,1035],"product_tag":[1769,1773,1765,1838],"class_list":{"0":"post-19020","1":"product","2":"type-product","3":"status-publish","4":"has-post-thumbnail","6":"product_cat-accessoires-militaires-de-chasse","7":"product_cat-couteaux-machettes","8":"product_tag-army-survival-fr","9":"product_tag-chasse-peche","10":"product_tag-sport-outdoor-fr","11":"product_tag-victorinox-fr","13":"first","14":"instock","15":"taxable","16":"shipping-taxable","17":"purchasable","18":"product-type-simple"},"_links":{"self":[{"href":"https:\/\/metal-badge.ch\/fr\/wp-json\/wp\/v2\/product\/19020","targetHints":{"allow":["GET"]}}],"collection":[{"href":"https:\/\/metal-badge.ch\/fr\/wp-json\/wp\/v2\/product"}],"about":[{"href":"https:\/\/metal-badge.ch\/fr\/wp-json\/wp\/v2\/types\/product"}],"replies":[{"embeddable":true,"href":"https:\/\/metal-badge.ch\/fr\/wp-json\/wp\/v2\/comments?post=19020"}],"wp:featuredmedia":[{"embeddable":true,"href":"https:\/\/metal-badge.ch\/fr\/wp-json\/wp\/v2\/media\/93791"}],"wp:attachment":[{"href":"https:\/\/metal-badge.ch\/fr\/wp-json\/wp\/v2\/media?parent=19020"}],"wp:term":[{"taxonomy":"product_brand","embeddable":true,"href":"https:\/\/metal-badge.ch\/fr\/wp-json\/wp\/v2\/product_brand?post=19020"},{"taxonomy":"product_cat","embeddable":true,"href":"https:\/\/metal-badge.ch\/fr\/wp-json\/wp\/v2\/product_cat?post=19020"},{"taxonomy":"product_tag","embeddable":true,"href":"https:\/\/metal-badge.ch\/fr\/wp-json\/wp\/v2\/product_tag?post=19020"}],"curies":[{"name":"wp","href":"https:\/\/api.w.org\/{rel}","templated":true}]}}