{"id":19009,"date":"2011-04-08T22:39:47","date_gmt":"2011-04-08T22:39:47","guid":{"rendered":"https:\/\/shop.metal-badge.ch\/?product=victorinox-recruit"},"modified":"2015-05-11T14:55:58","modified_gmt":"2015-05-11T14:55:58","slug":"victorinox-recruit","status":"publish","type":"product","link":"https:\/\/metal-badge.ch\/fr\/product\/19009\/victorinox-recruit\/","title":{"rendered":"Victorinox Recruit"},"content":{"rendered":"<p>Le compagnon fiable dans tous les cas.<\/p>\n<p>\nSP\u00c9CIFICATIONS<br \/>\nRecruit est un allrounder disponible et fiable. Tout comme un futur soldat.<\/p>\n<p>\n1.\tgrande lame<br \/>\n2.\tpetite lame<br \/>\n3.\touvre-bo\u00eetes avec<br \/>\n4.\t&#8211; tournevis petit <br \/>\n5.\td\u00e9capsuleur avec<br \/>\n6.\t&#8211; tournevis <br \/>\n7.\t&#8211; encoche fils \u00e9lectr. <br \/>\n8.\tanneau, inox<br \/>\n9.\tpincettes<br \/>\n10.\tcure-dents<\/p>\n<p>\nCouleur:\trouge EcoLine<br \/>\nTransparent:\tnon<br \/>\nLongueur:\t84 mm<br \/>\nLargeur:\t23 mm<br \/>\nHauteur:\t14 mm<br \/>\nPoids net:\t49 g<\/p>\n","protected":false},"excerpt":{"rendered":"<p>Le compagnon fiable dans tous les cas. SP\u00c9CIFICATIONS Recruit est un allrounder disponible et fiable. Tout comme un futur soldat. 1. grande lame 2. petite lame 3. ouvre-bo\u00eetes avec 4. &#8211; tournevis petit 5. d\u00e9capsuleur avec 6. &#8211; tournevis 7. &#8211; encoche fils \u00e9lectr. 8. anneau, inox 9. pincettes 10. cure-dents Couleur: rouge EcoLine Transparent: [&hellip;]<\/p>\n","protected":false},"featured_media":93795,"comment_status":"open","ping_status":"closed","template":"","meta":{"inline_featured_image":false},"product_brand":[],"product_cat":[1347,1035],"product_tag":[1769,1773,1765,1838],"class_list":{"0":"post-19009","1":"product","2":"type-product","3":"status-publish","4":"has-post-thumbnail","6":"product_cat-accessoires-militaires-de-chasse","7":"product_cat-couteaux-machettes","8":"product_tag-army-survival-fr","9":"product_tag-chasse-peche","10":"product_tag-sport-outdoor-fr","11":"product_tag-victorinox-fr","13":"first","14":"outofstock","15":"taxable","16":"shipping-taxable","17":"purchasable","18":"product-type-simple"},"_links":{"self":[{"href":"https:\/\/metal-badge.ch\/fr\/wp-json\/wp\/v2\/product\/19009","targetHints":{"allow":["GET"]}}],"collection":[{"href":"https:\/\/metal-badge.ch\/fr\/wp-json\/wp\/v2\/product"}],"about":[{"href":"https:\/\/metal-badge.ch\/fr\/wp-json\/wp\/v2\/types\/product"}],"replies":[{"embeddable":true,"href":"https:\/\/metal-badge.ch\/fr\/wp-json\/wp\/v2\/comments?post=19009"}],"wp:featuredmedia":[{"embeddable":true,"href":"https:\/\/metal-badge.ch\/fr\/wp-json\/wp\/v2\/media\/93795"}],"wp:attachment":[{"href":"https:\/\/metal-badge.ch\/fr\/wp-json\/wp\/v2\/media?parent=19009"}],"wp:term":[{"taxonomy":"product_brand","embeddable":true,"href":"https:\/\/metal-badge.ch\/fr\/wp-json\/wp\/v2\/product_brand?post=19009"},{"taxonomy":"product_cat","embeddable":true,"href":"https:\/\/metal-badge.ch\/fr\/wp-json\/wp\/v2\/product_cat?post=19009"},{"taxonomy":"product_tag","embeddable":true,"href":"https:\/\/metal-badge.ch\/fr\/wp-json\/wp\/v2\/product_tag?post=19009"}],"curies":[{"name":"wp","href":"https:\/\/api.w.org\/{rel}","templated":true}]}}