{"id":19004,"date":"2011-04-08T22:34:03","date_gmt":"2011-04-08T22:34:03","guid":{"rendered":"https:\/\/shop.metal-badge.ch\/?product=victorinox-pionier-serie-alox-farmer"},"modified":"2015-05-11T14:56:20","modified_gmt":"2015-05-11T14:56:20","slug":"victorinox-pionier-serie-alox-farmer","status":"publish","type":"product","link":"https:\/\/metal-badge.ch\/fr\/product\/19004\/victorinox-pionier-serie-alox-farmer\/","title":{"rendered":"Victorinox Pionier-Serie,  Alox, Farmer"},"content":{"rendered":"<p>Le couteau de soldat classique avec une scie.<\/p>\n<p>\nSP\u00c9CIFICATIONS<br \/>\nS&rsquo;inspirant du couteau de soldat classique, ce couteau robuste regroupe de nombreuses fonctions utiles dans une coque nervur\u00e9e en Alox r\u00e9sistante \u2013 y compris une scie \u00e0 bois et un poin\u00e7on al\u00e9soir.<\/p>\n<p>\n1.\tgrande lame<br \/>\n2.\tpoin\u00e7on al\u00e9soir<br \/>\n3.\touvre-bo\u00eetes avec<br \/>\n4.\t&#8211; tournevis petit <br \/>\n5.\td\u00e9capsuleur avec<br \/>\n6.\t&#8211; tournevis <br \/>\n7.\t&#8211; encoche fils \u00e9lectr. <br \/>\n8.\tscie \u00e0 bois<br \/>\n9.\tanneau, inox<\/p>\n<p>\nCouleur:\targent<br \/>\nTransparent:\tnon<br \/>\nLongueur:\t93 mm<br \/>\nLargeur:\t22 mm<br \/>\nHauteur:\t14 mm<br \/>\nPoids net:\t86 g<\/p>\n","protected":false},"excerpt":{"rendered":"<p>Le couteau de soldat classique avec une scie. SP\u00c9CIFICATIONS S&rsquo;inspirant du couteau de soldat classique, ce couteau robuste regroupe de nombreuses fonctions utiles dans une coque nervur\u00e9e en Alox r\u00e9sistante \u2013 y compris une scie \u00e0 bois et un poin\u00e7on al\u00e9soir. 1. grande lame 2. poin\u00e7on al\u00e9soir 3. ouvre-bo\u00eetes avec 4. &#8211; tournevis petit 5. [&hellip;]<\/p>\n","protected":false},"featured_media":93797,"comment_status":"open","ping_status":"closed","template":"","meta":{"inline_featured_image":false},"product_brand":[],"product_cat":[1347,1035],"product_tag":[1769,1773,1765,1838],"class_list":{"0":"post-19004","1":"product","2":"type-product","3":"status-publish","4":"has-post-thumbnail","6":"product_cat-accessoires-militaires-de-chasse","7":"product_cat-couteaux-machettes","8":"product_tag-army-survival-fr","9":"product_tag-chasse-peche","10":"product_tag-sport-outdoor-fr","11":"product_tag-victorinox-fr","13":"first","14":"instock","15":"taxable","16":"shipping-taxable","17":"purchasable","18":"product-type-simple"},"_links":{"self":[{"href":"https:\/\/metal-badge.ch\/fr\/wp-json\/wp\/v2\/product\/19004","targetHints":{"allow":["GET"]}}],"collection":[{"href":"https:\/\/metal-badge.ch\/fr\/wp-json\/wp\/v2\/product"}],"about":[{"href":"https:\/\/metal-badge.ch\/fr\/wp-json\/wp\/v2\/types\/product"}],"replies":[{"embeddable":true,"href":"https:\/\/metal-badge.ch\/fr\/wp-json\/wp\/v2\/comments?post=19004"}],"wp:featuredmedia":[{"embeddable":true,"href":"https:\/\/metal-badge.ch\/fr\/wp-json\/wp\/v2\/media\/93797"}],"wp:attachment":[{"href":"https:\/\/metal-badge.ch\/fr\/wp-json\/wp\/v2\/media?parent=19004"}],"wp:term":[{"taxonomy":"product_brand","embeddable":true,"href":"https:\/\/metal-badge.ch\/fr\/wp-json\/wp\/v2\/product_brand?post=19004"},{"taxonomy":"product_cat","embeddable":true,"href":"https:\/\/metal-badge.ch\/fr\/wp-json\/wp\/v2\/product_cat?post=19004"},{"taxonomy":"product_tag","embeddable":true,"href":"https:\/\/metal-badge.ch\/fr\/wp-json\/wp\/v2\/product_tag?post=19004"}],"curies":[{"name":"wp","href":"https:\/\/api.w.org\/{rel}","templated":true}]}}