{"id":18999,"date":"2011-04-08T22:25:09","date_gmt":"2011-04-08T22:25:09","guid":{"rendered":"https:\/\/shop.metal-badge.ch\/?product=victorinox-hunter"},"modified":"2015-05-11T14:57:10","modified_gmt":"2015-05-11T14:57:10","slug":"victorinox-hunter","status":"publish","type":"product","link":"https:\/\/metal-badge.ch\/fr\/product\/18999\/victorinox-hunter\/","title":{"rendered":"Victorinox Hunter"},"content":{"rendered":"<p>Un chasseur habile et versatile.<\/p>\n<p>\nSP\u00c9CIFICATIONS<\/p>\n<p>Gr\u00e2ce \u00e0 ses lames \u00e0 cran et l\u2019ensemble de ses fonctions utiles, le Hunter vous sera d\u2019un secours pr\u00e9cieux \u00e0 la chasse.<\/p>\n<p>\n1.\tlame \u00e0 cran<br \/>\n2.\ttire-bouchons<br \/>\n3.\tscie \u00e0 bois<br \/>\n4.\tlame \u00e0 d\u00e9pecer<br \/>\nlame multi-usages:<br \/>\n5.\t&#8211; d\u00e9capsuleur <br \/>\n6.\t&#8211; ouvre-bo\u00eetes <br \/>\n7.\t&#8211; tournevis <br \/>\n8.\t&#8211; encoche fils \u00e9lectr. <br \/>\n9.\tpoin\u00e7on al\u00e9soir<br \/>\n10.\tanneau, inox<br \/>\n11.\tpincettes<br \/>\n12.\tcure-dents<\/p>\n<p>\nCouleur:\trouge<br \/>\nTransparent:\tnon<br \/>\nLongueur:\t111 mm<br \/>\nLargeur:\t31,5 mm<br \/>\nHauteur:\t18,5 mm<br \/>\nPoids net:\t105 g<\/p>\n","protected":false},"excerpt":{"rendered":"<p>Un chasseur habile et versatile. SP\u00c9CIFICATIONS Gr\u00e2ce \u00e0 ses lames \u00e0 cran et l\u2019ensemble de ses fonctions utiles, le Hunter vous sera d\u2019un secours pr\u00e9cieux \u00e0 la chasse. 1. lame \u00e0 cran 2. tire-bouchons 3. scie \u00e0 bois 4. lame \u00e0 d\u00e9pecer lame multi-usages: 5. &#8211; d\u00e9capsuleur 6. &#8211; ouvre-bo\u00eetes 7. &#8211; tournevis 8. &#8211; [&hellip;]<\/p>\n","protected":false},"featured_media":93799,"comment_status":"open","ping_status":"closed","template":"","meta":{"inline_featured_image":false},"product_brand":[],"product_cat":[1347,1035],"product_tag":[1769,1773,1765,1838],"class_list":{"0":"post-18999","1":"product","2":"type-product","3":"status-publish","4":"has-post-thumbnail","6":"product_cat-accessoires-militaires-de-chasse","7":"product_cat-couteaux-machettes","8":"product_tag-army-survival-fr","9":"product_tag-chasse-peche","10":"product_tag-sport-outdoor-fr","11":"product_tag-victorinox-fr","13":"first","14":"instock","15":"taxable","16":"shipping-taxable","17":"purchasable","18":"product-type-simple"},"_links":{"self":[{"href":"https:\/\/metal-badge.ch\/fr\/wp-json\/wp\/v2\/product\/18999","targetHints":{"allow":["GET"]}}],"collection":[{"href":"https:\/\/metal-badge.ch\/fr\/wp-json\/wp\/v2\/product"}],"about":[{"href":"https:\/\/metal-badge.ch\/fr\/wp-json\/wp\/v2\/types\/product"}],"replies":[{"embeddable":true,"href":"https:\/\/metal-badge.ch\/fr\/wp-json\/wp\/v2\/comments?post=18999"}],"wp:featuredmedia":[{"embeddable":true,"href":"https:\/\/metal-badge.ch\/fr\/wp-json\/wp\/v2\/media\/93799"}],"wp:attachment":[{"href":"https:\/\/metal-badge.ch\/fr\/wp-json\/wp\/v2\/media?parent=18999"}],"wp:term":[{"taxonomy":"product_brand","embeddable":true,"href":"https:\/\/metal-badge.ch\/fr\/wp-json\/wp\/v2\/product_brand?post=18999"},{"taxonomy":"product_cat","embeddable":true,"href":"https:\/\/metal-badge.ch\/fr\/wp-json\/wp\/v2\/product_cat?post=18999"},{"taxonomy":"product_tag","embeddable":true,"href":"https:\/\/metal-badge.ch\/fr\/wp-json\/wp\/v2\/product_tag?post=18999"}],"curies":[{"name":"wp","href":"https:\/\/api.w.org\/{rel}","templated":true}]}}