{"id":18994,"date":"2011-04-07T22:52:41","date_gmt":"2011-04-07T22:52:41","guid":{"rendered":"https:\/\/shop.metal-badge.ch\/?product=victorinox-cyber-tool-29"},"modified":"2025-07-30T03:42:29","modified_gmt":"2025-07-30T01:42:29","slug":"victorinox-cyber-tool-m-rouge-transparent","status":"publish","type":"product","link":"https:\/\/metal-badge.ch\/fr\/product\/18994\/victorinox-cyber-tool-m-rouge-transparent\/","title":{"rendered":"Victorinox Cyber Tool M rouge transparent"},"content":{"rendered":"<p><span style=\"font-weight: 400;\">Toujours par\u00e9&nbsp;: l&rsquo;outil informatique pour les professionnels du PC.<\/span><\/p>\n<p><b>SP\u00c9CIFICATIONS<\/b><\/p>\n<p><span style=\"font-weight: 400;\">Avec son look technologique transparent et ses nombreuses fonctions r\u00e9volutionnaires, ce couteau suisse l\u00e9gendaire entre dans l&rsquo;\u00e8re de l&rsquo;informatique.<\/span><\/p>\n<p><b>Caract\u00e9ristiques principales<\/b><\/p>\n<ul>\n<li style=\"font-weight: 400;\" aria-level=\"1\"><span style=\"font-weight: 400;\">Avec cl\u00e9 \u00e0 embout pour serrer les vis de vos appareils \u00e9lectriques<\/span><\/li>\n<li style=\"font-weight: 400;\" aria-level=\"1\"><span style=\"font-weight: 400;\">Couteau de poche 32 fonctions, fabriqu\u00e9 en Suisse.<\/span><\/li>\n<li style=\"font-weight: 400;\" aria-level=\"1\"><span style=\"font-weight: 400;\">Avec porte-embouts rabattable et pince<\/span><\/li>\n<\/ul>\n<p><span style=\"font-weight: 400;\">Couteau de poche de taille moyenne avec porte-embouts rabattable<\/span><\/p>\n<p><span style=\"font-weight: 400;\">Pour r\u00e9pondre aux nouvelles exigences de l&rsquo;industrie \u00e9lectronique, nous avons ajout\u00e9 au couteau d&rsquo;officier \u00e9prouv\u00e9 des outils innovants, comme une cl\u00e9 \u00e0 embouts. Cette l\u00e9gende poursuit son histoire \u00e0 l&rsquo;\u00e8re du num\u00e9rique avec le couteau de poche Cyber Tool. Il a tout ce qu&rsquo;il faut pour devenir un accessoire dont vous ne saurez vous passer.<\/span><\/p>\n<p><b>Outils<\/b><\/p>\n<p><span style=\"font-weight: 400;\">Grande lame \/ Petite lame \/ Tire-bouchon \/ Mini-tournevis 1,5&nbsp;mm \/ Ouvre-bo\u00eete | Tournevis 3&nbsp;mm \/ D\u00e9capsuleur | Tournevis&nbsp;6 mm | Pince \u00e0 d\u00e9nuder \/ Al\u00e9soir \/ Ciseaux \/ Crochet multifonctions \/ Pince universelle | Coupe-fils | Pince \u00e0 sertir \/ Cl\u00e9 \u00e0 embouts | Douille six pans pour embouts de connecteur D-SUB de 5&nbsp;mm | Douille six pans pour embouts de 4&nbsp;mm | Embout six pans&nbsp;4 | Embout Torx&nbsp;8 \/ Porte-embouts | Embout plat 4&nbsp;mm | Embout Phillips&nbsp;0 | Embout&nbsp;Phillips 1 | Embout&nbsp;Phillips 2 | Embout Torx&nbsp;10 | Embout&nbsp;Torx 15 \/ Anneau \/ \u00c9pingle \/ Pince \u00e0 \u00e9piler \/ Cure-dents \/ Stylo \u00e0 bille r\u00e9tractable \/ Ouvre-bo\u00eete \/ D\u00e9capsuleur \/ Pince universelle \/ Cl\u00e9 \u00e0 embouts \/ Porte-embouts<\/span><\/p>\n<p><b>Dimensions<\/b><\/p>\n<ul>\n<li style=\"font-weight: 400;\" aria-level=\"1\"><b>Hauteur :&nbsp;<\/b><span style=\"font-weight: 400;\">28 cm<\/span><\/li>\n<li style=\"font-weight: 400;\" aria-level=\"1\"><b>Longueur&nbsp;:&nbsp;<\/b><span style=\"font-weight: 400;\">91 cm<\/span><\/li>\n<li style=\"font-weight: 400;\" aria-level=\"1\"><b>Largeur&nbsp;:&nbsp;<\/b><span style=\"font-weight: 400;\">28 cm<\/span><\/li>\n<li style=\"font-weight: 400;\" aria-level=\"1\"><b>Poids&nbsp;:&nbsp;<\/b><span style=\"font-weight: 400;\">153 g<\/span><\/li>\n<li style=\"font-weight: 400;\" aria-level=\"1\"><b>Num\u00e9ro d\u2019article&nbsp;:&nbsp;<\/b><span style=\"font-weight: 400;\">1.7725.T<\/span><\/li>\n<li style=\"font-weight: 400;\" aria-level=\"1\"><b>Pays d\u2019origine&nbsp;<\/b><span style=\"font-weight: 400;\">Suisse<\/span><\/li>\n<li style=\"font-weight: 400;\" aria-level=\"1\"><b>Mati\u00e8re&nbsp;:&nbsp;<\/b><span style=\"font-weight: 400;\">ABS\/Cellidor<\/span><\/li>\n<li style=\"font-weight: 400;\" aria-level=\"1\"><b>Lame verrouillable&nbsp;:&nbsp;<\/b><span style=\"font-weight: 400;\">Non<\/span><\/li>\n<li style=\"font-weight: 400;\" aria-level=\"1\"><b>Lame \u00e0 ouverture \u00e0 une main&nbsp;<\/b><span style=\"font-weight: 400;\">Non<\/span><\/li>\n<li style=\"font-weight: 400;\" aria-level=\"1\"><b>Nombre d\u2019accessoires&nbsp;:&nbsp;<\/b><span style=\"font-weight: 400;\">32<\/span><\/li>\n<li style=\"font-weight: 400;\" aria-level=\"1\"><b>Couleur&nbsp;:&nbsp;<\/b><span>Rouge<\/span><\/li>\n<\/ul>\n","protected":false},"excerpt":{"rendered":"<p><span style=\"font-weight: 400;\">Toujours par\u00e9&nbsp;: l&rsquo;outil informatique pour les professionnels du PC.<\/span><\/p>\n<p><b>SP\u00c9CIFICATIONS<\/b><\/p>\n<p><span style=\"font-weight: 400;\">Avec son look technologique transparent et ses nombreuses fonctions r\u00e9volutionnaires, ce couteau suisse l\u00e9gendaire entre dans l&rsquo;\u00e8re de l&rsquo;informatique.<\/span><\/p>\n","protected":false},"featured_media":150068,"comment_status":"open","ping_status":"closed","template":"","meta":{"inline_featured_image":false},"product_brand":[],"product_cat":[1347,1035],"product_tag":[1769,1773,1765,1838],"class_list":{"0":"post-18994","1":"product","2":"type-product","3":"status-publish","4":"has-post-thumbnail","6":"product_cat-accessoires-militaires-de-chasse","7":"product_cat-couteaux-machettes","8":"product_tag-army-survival-fr","9":"product_tag-chasse-peche","10":"product_tag-sport-outdoor-fr","11":"product_tag-victorinox-fr","13":"first","14":"instock","15":"taxable","16":"shipping-taxable","17":"purchasable","18":"product-type-simple"},"_links":{"self":[{"href":"https:\/\/metal-badge.ch\/fr\/wp-json\/wp\/v2\/product\/18994","targetHints":{"allow":["GET"]}}],"collection":[{"href":"https:\/\/metal-badge.ch\/fr\/wp-json\/wp\/v2\/product"}],"about":[{"href":"https:\/\/metal-badge.ch\/fr\/wp-json\/wp\/v2\/types\/product"}],"replies":[{"embeddable":true,"href":"https:\/\/metal-badge.ch\/fr\/wp-json\/wp\/v2\/comments?post=18994"}],"wp:featuredmedia":[{"embeddable":true,"href":"https:\/\/metal-badge.ch\/fr\/wp-json\/wp\/v2\/media\/150068"}],"wp:attachment":[{"href":"https:\/\/metal-badge.ch\/fr\/wp-json\/wp\/v2\/media?parent=18994"}],"wp:term":[{"taxonomy":"product_brand","embeddable":true,"href":"https:\/\/metal-badge.ch\/fr\/wp-json\/wp\/v2\/product_brand?post=18994"},{"taxonomy":"product_cat","embeddable":true,"href":"https:\/\/metal-badge.ch\/fr\/wp-json\/wp\/v2\/product_cat?post=18994"},{"taxonomy":"product_tag","embeddable":true,"href":"https:\/\/metal-badge.ch\/fr\/wp-json\/wp\/v2\/product_tag?post=18994"}],"curies":[{"name":"wp","href":"https:\/\/api.w.org\/{rel}","templated":true}]}}