{"id":18989,"date":"2011-04-07T22:41:18","date_gmt":"2011-04-07T22:41:18","guid":{"rendered":"https:\/\/shop.metal-badge.ch\/?product=victorinox-classic-jaune"},"modified":"2015-05-11T15:00:08","modified_gmt":"2015-05-11T15:00:08","slug":"victorinox-classic-jaune","status":"publish","type":"product","link":"https:\/\/metal-badge.ch\/fr\/product\/18989\/victorinox-classic-jaune\/","title":{"rendered":"Victorinox Classic, jaune"},"content":{"rendered":"<p>Pratique et \u00e9l\u00e9gant: le classique recherch\u00e9<\/p>\n<p>\nSP\u00c9CIFICATIONS<\/p>\n<p>Petit et \u00e9l\u00e9gant, cet outil de poche vous accompagne au quotidien. Pratique: le petit tournevis qui permet par exemple de resserrer une branche de lunettes l\u00e2che.<\/p>\n<p>1.\tlame<br \/>\n2.\tlime \u00e0 ongles avec<br \/>\n3.\t&#8211; tournevis <br \/>\n4.\tciseaux<br \/>\n5.\tanneau, inox<br \/>\n6.\tpincettes<br \/>\n7.\tcure-dents<\/p>\n<p>Couleur:\tjaune<br \/>\nTransparent:\tnon<br \/>\nLongueur:\t58 mm<br \/>\nLargeur:\t18 mm<br \/>\nHauteur:\t9 mm<br \/>\nPoids net:\t22 g<\/p>\n","protected":false},"excerpt":{"rendered":"<p>Pratique et \u00e9l\u00e9gant: le classique recherch\u00e9 SP\u00c9CIFICATIONS Petit et \u00e9l\u00e9gant, cet outil de poche vous accompagne au quotidien. Pratique: le petit tournevis qui permet par exemple de resserrer une branche de lunettes l\u00e2che. 1. lame 2. lime \u00e0 ongles avec 3. &#8211; tournevis 4. ciseaux 5. anneau, inox 6. pincettes 7. cure-dents Couleur: jaune Transparent: [&hellip;]<\/p>\n","protected":false},"featured_media":93803,"comment_status":"open","ping_status":"closed","template":"","meta":{"inline_featured_image":false},"product_brand":[],"product_cat":[1347,1035],"product_tag":[1769,1773,1765,1838],"class_list":{"0":"post-18989","1":"product","2":"type-product","3":"status-publish","4":"has-post-thumbnail","6":"product_cat-accessoires-militaires-de-chasse","7":"product_cat-couteaux-machettes","8":"product_tag-army-survival-fr","9":"product_tag-chasse-peche","10":"product_tag-sport-outdoor-fr","11":"product_tag-victorinox-fr","13":"first","14":"instock","15":"taxable","16":"shipping-taxable","17":"purchasable","18":"product-type-simple"},"_links":{"self":[{"href":"https:\/\/metal-badge.ch\/fr\/wp-json\/wp\/v2\/product\/18989","targetHints":{"allow":["GET"]}}],"collection":[{"href":"https:\/\/metal-badge.ch\/fr\/wp-json\/wp\/v2\/product"}],"about":[{"href":"https:\/\/metal-badge.ch\/fr\/wp-json\/wp\/v2\/types\/product"}],"replies":[{"embeddable":true,"href":"https:\/\/metal-badge.ch\/fr\/wp-json\/wp\/v2\/comments?post=18989"}],"wp:featuredmedia":[{"embeddable":true,"href":"https:\/\/metal-badge.ch\/fr\/wp-json\/wp\/v2\/media\/93803"}],"wp:attachment":[{"href":"https:\/\/metal-badge.ch\/fr\/wp-json\/wp\/v2\/media?parent=18989"}],"wp:term":[{"taxonomy":"product_brand","embeddable":true,"href":"https:\/\/metal-badge.ch\/fr\/wp-json\/wp\/v2\/product_brand?post=18989"},{"taxonomy":"product_cat","embeddable":true,"href":"https:\/\/metal-badge.ch\/fr\/wp-json\/wp\/v2\/product_cat?post=18989"},{"taxonomy":"product_tag","embeddable":true,"href":"https:\/\/metal-badge.ch\/fr\/wp-json\/wp\/v2\/product_tag?post=18989"}],"curies":[{"name":"wp","href":"https:\/\/api.w.org\/{rel}","templated":true}]}}