{"id":18984,"date":"2011-04-06T22:57:24","date_gmt":"2011-04-06T22:57:24","guid":{"rendered":"https:\/\/shop.metal-badge.ch\/?product=victorinox-angler"},"modified":"2015-05-11T14:50:40","modified_gmt":"2015-05-11T14:50:40","slug":"victorinox-angler","status":"publish","type":"product","link":"https:\/\/metal-badge.ch\/fr\/product\/18984\/victorinox-angler\/","title":{"rendered":"Victorinox Angler"},"content":{"rendered":"<p>P\u00eacher en toute d\u00e9tente \u2013 mais seulement avec le couteau appropri\u00e9.<\/p>\n<p>Envie d\u2019une partie de p\u00eache? Pas sans l\u2019Angler, le couteau d\u2019officier.<\/p>\n<p>\nSP\u00c9CIFICATIONS<\/p>\n<p>1.\tgrande lame<br \/>\n2.\tpetite lame<br \/>\n3.\ttire-bouchons<br \/>\n4.\touvre-bo\u00eetes avec<br \/>\n5.\t&#8211; tournevis petit <br \/>\n6.\td\u00e9capsuleur avec<br \/>\n7.\t&#8211; tournevis <br \/>\n8.\t&#8211; encoche fils \u00e9lectr. <br \/>\n9.\tpoin\u00e7on al\u00e9soir<br \/>\n10.\tanneau, inox<br \/>\n11.\tpincettes<br \/>\n12.\tcure-dents<br \/>\n13.\t\u00e9cailleur \u00e0 poisson avec<br \/>\n14.\t&#8211; degorgeoir <br \/>\n15.\t&#8211; mesure (cm + pouces) <br \/>\n16.\tpince multi-usages avec<br \/>\n17.\t&#8211; serre-cosses <br \/>\n18.\t\u2013 coupe fil de fer <\/p>\n<p>Couleur:\trouge<br \/>\nTransparent:\tnon<br \/>\nLongueur:\t91 mm<br \/>\nLargeur:\t27 mm<br \/>\nHauteur:\t22 mm<br \/>\nPoids net:\t115 g<\/p>\n","protected":false},"excerpt":{"rendered":"<p>P\u00eacher en toute d\u00e9tente \u2013 mais seulement avec le couteau appropri\u00e9. Envie d\u2019une partie de p\u00eache? Pas sans l\u2019Angler, le couteau d\u2019officier. SP\u00c9CIFICATIONS 1. grande lame 2. petite lame 3. tire-bouchons 4. ouvre-bo\u00eetes avec 5. &#8211; tournevis petit 6. d\u00e9capsuleur avec 7. &#8211; tournevis 8. &#8211; encoche fils \u00e9lectr. 9. poin\u00e7on al\u00e9soir 10. anneau, inox [&hellip;]<\/p>\n","protected":false},"featured_media":93805,"comment_status":"open","ping_status":"closed","template":"","meta":{"inline_featured_image":false},"product_brand":[],"product_cat":[1347,1035],"product_tag":[1769,1773,1765,1838],"class_list":{"0":"post-18984","1":"product","2":"type-product","3":"status-publish","4":"has-post-thumbnail","6":"product_cat-accessoires-militaires-de-chasse","7":"product_cat-couteaux-machettes","8":"product_tag-army-survival-fr","9":"product_tag-chasse-peche","10":"product_tag-sport-outdoor-fr","11":"product_tag-victorinox-fr","13":"first","14":"instock","15":"taxable","16":"shipping-taxable","17":"purchasable","18":"product-type-simple"},"_links":{"self":[{"href":"https:\/\/metal-badge.ch\/fr\/wp-json\/wp\/v2\/product\/18984","targetHints":{"allow":["GET"]}}],"collection":[{"href":"https:\/\/metal-badge.ch\/fr\/wp-json\/wp\/v2\/product"}],"about":[{"href":"https:\/\/metal-badge.ch\/fr\/wp-json\/wp\/v2\/types\/product"}],"replies":[{"embeddable":true,"href":"https:\/\/metal-badge.ch\/fr\/wp-json\/wp\/v2\/comments?post=18984"}],"wp:featuredmedia":[{"embeddable":true,"href":"https:\/\/metal-badge.ch\/fr\/wp-json\/wp\/v2\/media\/93805"}],"wp:attachment":[{"href":"https:\/\/metal-badge.ch\/fr\/wp-json\/wp\/v2\/media?parent=18984"}],"wp:term":[{"taxonomy":"product_brand","embeddable":true,"href":"https:\/\/metal-badge.ch\/fr\/wp-json\/wp\/v2\/product_brand?post=18984"},{"taxonomy":"product_cat","embeddable":true,"href":"https:\/\/metal-badge.ch\/fr\/wp-json\/wp\/v2\/product_cat?post=18984"},{"taxonomy":"product_tag","embeddable":true,"href":"https:\/\/metal-badge.ch\/fr\/wp-json\/wp\/v2\/product_tag?post=18984"}],"curies":[{"name":"wp","href":"https:\/\/api.w.org\/{rel}","templated":true}]}}