{"id":18785,"date":"2011-01-22T01:56:54","date_gmt":"2011-01-22T01:56:54","guid":{"rendered":"https:\/\/shop.metal-badge.ch\/?product=etui-en-cuir-trendy-sapeurs-pompiers-gravure"},"modified":"2020-11-22T20:28:55","modified_gmt":"2020-11-22T19:28:55","slug":"etui-en-cuir-trendy-sapeurs-pompiers-gravure","status":"publish","type":"product","link":"https:\/\/metal-badge.ch\/fr\/product\/18785\/etui-en-cuir-trendy-sapeurs-pompiers-gravure\/","title":{"rendered":"Etui en cuir \u00ab\u00a0Trendy\u00a0\u00bb Sapeurs-Pompiers, gravure"},"content":{"rendered":"<p>Etui en cuir vachette \u00e0 la mode avec tr\u00e8s belle finition, rabattable lat\u00e9ralement, bleu \/ gris. L&rsquo;\u00e9tui au format horizontal offre un grand compartiment pour la monnaie avec fermeture \u00e0 pression ainsi que deux compartiments s\u00e9par\u00e9s pour billets de banque. Une fen\u00eatre pour les cartes ID plus 3 compartiments pour les cartes de cr\u00e9dit, pour au moins 6 \u00e0 9 cartes de cr\u00e9dit. Un \u00e9tui \u00e9l\u00e9gant de tr\u00e8s grande qualit\u00e9 avec couture externe visible qui donne \u00e0 l&rsquo;\u00e9tui une touche moderne.<\/p>\n<p>Mat\u00e9riel: cuir vachette v\u00e9ritable<\/p>\n<p>Dimensions: hauteur 9 cm \/ largeur 12 cm<\/p>\n<p class=\"GravurAnmerkung\">S&rsquo;il vous pla\u00eet entrez le texte de votre gravure dans commentaires \u00e0 l&rsquo;ordre (voir troisi\u00e8me photo). La longueur maximale du texte est de 10 caract\u00e8res.<\/p>\n<p class=\"GravurZahlung\">Attention: les badges avec gravure sont envoy\u00e9s seulement contre paiement d&rsquo;avance (pas contre-remboursement).<\/p>\n<p class=\"GravurPreise\">Prix gravure : 1 badge = CHF 30.-<\/p>\n<p>Prix gravure : 2 &#8211; 5 badges = CHF 25.-<\/p>\n<p>Prix gravure : 6 &#8211; 10 badges = CHF 20.-<\/p>\n<p>Prix gravure : d\u00e8s 10 pi\u00e8ces = CHF 15.-<\/p>\n<p class=\"GravurBestellungen\">Pour les commandes de \u201ebadges avec gravure\u201c, le d\u00e9lai de livraison est de 3 \u00e0 4 semaines.<\/p>\n","protected":false},"excerpt":{"rendered":"<p>Etui en cuir vachette \u00e0 la mode avec tr\u00e8s belle finition, rabattable lat\u00e9ralement, bleu \/ gris. L&rsquo;\u00e9tui au format horizontal offre un grand compartiment pour la monnaie avec fermeture \u00e0 pression ainsi que deux compartiments s\u00e9par\u00e9s pour billets de banque. Une fen\u00eatre pour les cartes ID plus 3 compartiments pour les cartes de cr\u00e9dit, pour [&hellip;]<\/p>\n","protected":false},"featured_media":18783,"comment_status":"open","ping_status":"closed","template":"","meta":{"inline_featured_image":false},"product_brand":[],"product_cat":[1019],"product_tag":[],"class_list":{"0":"post-18785","1":"product","2":"type-product","3":"status-publish","4":"has-post-thumbnail","6":"product_cat-sapeurs-pompiers-gravures","8":"first","9":"instock","10":"taxable","11":"shipping-taxable","12":"purchasable","13":"product-type-simple"},"_links":{"self":[{"href":"https:\/\/metal-badge.ch\/fr\/wp-json\/wp\/v2\/product\/18785","targetHints":{"allow":["GET"]}}],"collection":[{"href":"https:\/\/metal-badge.ch\/fr\/wp-json\/wp\/v2\/product"}],"about":[{"href":"https:\/\/metal-badge.ch\/fr\/wp-json\/wp\/v2\/types\/product"}],"replies":[{"embeddable":true,"href":"https:\/\/metal-badge.ch\/fr\/wp-json\/wp\/v2\/comments?post=18785"}],"wp:featuredmedia":[{"embeddable":true,"href":"https:\/\/metal-badge.ch\/fr\/wp-json\/wp\/v2\/media\/18783"}],"wp:attachment":[{"href":"https:\/\/metal-badge.ch\/fr\/wp-json\/wp\/v2\/media?parent=18785"}],"wp:term":[{"taxonomy":"product_brand","embeddable":true,"href":"https:\/\/metal-badge.ch\/fr\/wp-json\/wp\/v2\/product_brand?post=18785"},{"taxonomy":"product_cat","embeddable":true,"href":"https:\/\/metal-badge.ch\/fr\/wp-json\/wp\/v2\/product_cat?post=18785"},{"taxonomy":"product_tag","embeddable":true,"href":"https:\/\/metal-badge.ch\/fr\/wp-json\/wp\/v2\/product_tag?post=18785"}],"curies":[{"name":"wp","href":"https:\/\/api.w.org\/{rel}","templated":true}]}}