{"id":18551,"date":"2010-11-28T00:08:08","date_gmt":"2010-11-28T00:08:08","guid":{"rendered":"https:\/\/shop.metal-badge.ch\/?product=etui-en-cuir-passion-ipa-suisse"},"modified":"2011-07-25T09:54:54","modified_gmt":"2011-07-25T09:54:54","slug":"etui-en-cuir-passion-ipa-suisse","status":"publish","type":"product","link":"https:\/\/metal-badge.ch\/fr\/product\/18551\/etui-en-cuir-passion-ipa-suisse\/","title":{"rendered":"Etui en cuir \u00ab\u00a0Passion\u00a0\u00bb IPA Suisse"},"content":{"rendered":"<p>Etui en cuir vachette rouge de grande qualit\u00e9 avec un beau motif brod\u00e9 \u00e0 la mode. L&rsquo;\u00e9tui pratique au format vertical contient une fen\u00eatre pour carte d&rsquo;identit\u00e9 et 3 compartiments pour cartes de cr\u00e9dit, pour 6 \u00e0 9 cartes de cr\u00e9dit. L&rsquo;\u00e9tui a \u00e9galement deux compartiments \u00e0 billets de banque s\u00e9par\u00e9s ainsi qu&rsquo;un grand compartiment pour la monnaie avec fermeture \u00e0 pression. L&rsquo;\u00e9tui est \u00e9quip\u00e9 \u00e0 l&rsquo;ext\u00e9rieur d&rsquo;une fermeture de s\u00e9curit\u00e9 \u00e0 pression.<\/p>\n<p>Dimensions: hauteur 12 cm \/ largeurs 8.5 cm<\/p>\n<p class=\"red_underline\"> Attention: badge uniquement disponible pour les membres IPA!<\/p>\n","protected":false},"excerpt":{"rendered":"<p>Etui en cuir vachette rouge de grande qualit\u00e9 avec un beau motif brod\u00e9 \u00e0 la mode. L&rsquo;\u00e9tui pratique au format vertical contient une fen\u00eatre pour carte d&rsquo;identit\u00e9 et 3 compartiments pour cartes de cr\u00e9dit, pour 6 \u00e0 9 cartes de cr\u00e9dit. L&rsquo;\u00e9tui a \u00e9galement deux compartiments \u00e0 billets de banque s\u00e9par\u00e9s ainsi qu&rsquo;un grand compartiment [&hellip;]<\/p>\n","protected":false},"featured_media":93921,"comment_status":"open","ping_status":"closed","template":"","meta":{"inline_featured_image":false},"product_brand":[],"product_cat":[839],"product_tag":[],"class_list":{"0":"post-18551","1":"product","2":"type-product","3":"status-publish","4":"has-post-thumbnail","6":"product_cat-suisse","8":"first","9":"instock","10":"taxable","11":"shipping-taxable","12":"purchasable","13":"product-type-simple"},"_links":{"self":[{"href":"https:\/\/metal-badge.ch\/fr\/wp-json\/wp\/v2\/product\/18551","targetHints":{"allow":["GET"]}}],"collection":[{"href":"https:\/\/metal-badge.ch\/fr\/wp-json\/wp\/v2\/product"}],"about":[{"href":"https:\/\/metal-badge.ch\/fr\/wp-json\/wp\/v2\/types\/product"}],"replies":[{"embeddable":true,"href":"https:\/\/metal-badge.ch\/fr\/wp-json\/wp\/v2\/comments?post=18551"}],"wp:featuredmedia":[{"embeddable":true,"href":"https:\/\/metal-badge.ch\/fr\/wp-json\/wp\/v2\/media\/93921"}],"wp:attachment":[{"href":"https:\/\/metal-badge.ch\/fr\/wp-json\/wp\/v2\/media?parent=18551"}],"wp:term":[{"taxonomy":"product_brand","embeddable":true,"href":"https:\/\/metal-badge.ch\/fr\/wp-json\/wp\/v2\/product_brand?post=18551"},{"taxonomy":"product_cat","embeddable":true,"href":"https:\/\/metal-badge.ch\/fr\/wp-json\/wp\/v2\/product_cat?post=18551"},{"taxonomy":"product_tag","embeddable":true,"href":"https:\/\/metal-badge.ch\/fr\/wp-json\/wp\/v2\/product_tag?post=18551"}],"curies":[{"name":"wp","href":"https:\/\/api.w.org\/{rel}","templated":true}]}}