{"id":18455,"date":"2010-11-20T16:15:27","date_gmt":"2010-11-20T16:15:27","guid":{"rendered":"https:\/\/shop.metal-badge.ch\/?product=etui-en-cuir-vip-sapeurs-pompiers-gravure"},"modified":"2026-03-31T20:03:00","modified_gmt":"2026-03-31T18:03:00","slug":"etui-en-cuir-vip-sapeurs-pompiers-gravure","status":"publish","type":"product","link":"https:\/\/metal-badge.ch\/fr\/product\/18455\/etui-en-cuir-vip-sapeurs-pompiers-gravure\/","title":{"rendered":"Etui en cuir \u00ab\u00a0VIP\u00a0\u00bb Sapeurs-Pompiers, gravure"},"content":{"rendered":"<p>Cet \u00e9tui a trois fonctions : en passant de ceinture, \u00e0 suspendre en cha\u00eenette ou en suppl\u00e9ment auto en tant que support d&rsquo;\u00e9criture \u00c9tui en cuir ovale noir avec un cha\u00eenette en acier inoxydable. La cha\u00eenette est munie d&rsquo;une fermeture de s\u00e9curit\u00e9. L&rsquo;arri\u00e8re de cet \u00e9tui compote un clip afin de la porter \u00e0 la ceinture. Taille : Hauteur d&rsquo;env. 10 cm, largeur d&rsquo;environ 7,5 cm<\/p>\n<p><strong>Nouveau:<\/strong> fixation sur le pare-brise de la voiture Mesures : Peut \u00eatre ocmmand\u00e9 en suppl\u00e9ment \u00e0 tout moment.<\/p>\n<p>S&rsquo;il vous pla\u00eet entrez le texte de votre gravure dans commentaires \u00e0 l&rsquo;ordre (voir troisi\u00e8me photo). La longueur maximale du texte est de 10 caract\u00e8res.<\/p>\n<p>Attention: les badges avec gravure sont envoy\u00e9s seulement contre paiement d&rsquo;avance (pas contre-remboursement).<\/p>\n<p>Prix gravure : 1 badge = CHF 30.-<\/p>\n<p>Prix gravure : 2 &#8211; 5 badges = CHF 25.-<\/p>\n<p>Prix gravure : 6 &#8211; 10 badges = CHF 20.-<\/p>\n<p>Prix gravure : d\u00e8s 10 pi\u00e8ces = CHF 15.-<\/p>\n<p>Pour les commandes de \u201ebadges avec gravure\u201c, le d\u00e9lai de livraison est de 3 \u00e0 4 semaines.<\/p>\n","protected":false},"excerpt":{"rendered":"<p>Cet \u00e9tui a trois fonctions : en passant de ceinture, \u00e0 suspendre en cha\u00eenette ou en suppl\u00e9ment auto en tant que support d&rsquo;\u00e9criture \u00c9tui en cuir ovale noir avec un cha\u00eenette en acier inoxydable. La cha\u00eenette est munie d&rsquo;une fermeture de s\u00e9curit\u00e9. L&rsquo;arri\u00e8re de cet \u00e9tui compote un clip afin de la porter \u00e0 la [&hellip;]<\/p>\n","protected":false},"featured_media":18453,"comment_status":"open","ping_status":"closed","template":"","meta":{"inline_featured_image":false},"product_brand":[],"product_cat":[1019],"product_tag":[],"class_list":{"0":"post-18455","1":"product","2":"type-product","3":"status-publish","4":"has-post-thumbnail","6":"product_cat-sapeurs-pompiers-gravures","8":"first","9":"instock","10":"taxable","11":"shipping-taxable","12":"purchasable","13":"product-type-simple"},"_links":{"self":[{"href":"https:\/\/metal-badge.ch\/fr\/wp-json\/wp\/v2\/product\/18455","targetHints":{"allow":["GET"]}}],"collection":[{"href":"https:\/\/metal-badge.ch\/fr\/wp-json\/wp\/v2\/product"}],"about":[{"href":"https:\/\/metal-badge.ch\/fr\/wp-json\/wp\/v2\/types\/product"}],"replies":[{"embeddable":true,"href":"https:\/\/metal-badge.ch\/fr\/wp-json\/wp\/v2\/comments?post=18455"}],"wp:featuredmedia":[{"embeddable":true,"href":"https:\/\/metal-badge.ch\/fr\/wp-json\/wp\/v2\/media\/18453"}],"wp:attachment":[{"href":"https:\/\/metal-badge.ch\/fr\/wp-json\/wp\/v2\/media?parent=18455"}],"wp:term":[{"taxonomy":"product_brand","embeddable":true,"href":"https:\/\/metal-badge.ch\/fr\/wp-json\/wp\/v2\/product_brand?post=18455"},{"taxonomy":"product_cat","embeddable":true,"href":"https:\/\/metal-badge.ch\/fr\/wp-json\/wp\/v2\/product_cat?post=18455"},{"taxonomy":"product_tag","embeddable":true,"href":"https:\/\/metal-badge.ch\/fr\/wp-json\/wp\/v2\/product_tag?post=18455"}],"curies":[{"name":"wp","href":"https:\/\/api.w.org\/{rel}","templated":true}]}}