{"id":18415,"date":"2010-11-20T16:14:16","date_gmt":"2010-11-20T16:14:16","guid":{"rendered":"https:\/\/shop.metal-badge.ch\/?product=etui-en-cuir-exclusive-sapeurs-pompiers-gravure"},"modified":"2020-12-26T00:06:41","modified_gmt":"2020-12-25T23:06:41","slug":"etui-en-cuir-exclusive-sapeurs-pompiers-gravure","status":"publish","type":"product","link":"https:\/\/metal-badge.ch\/fr\/product\/18415\/etui-en-cuir-exclusive-sapeurs-pompiers-gravure\/","title":{"rendered":"Etui en cuir \u00ab\u00a0Exclusive\u00a0\u00bb Sapeurs-Pompiers, gravure"},"content":{"rendered":"<p>Etui en cuir noir petit et pratique avec une fen\u00eatre pour carte d&rsquo;identit\u00e9 et deux emplacements pour cartes de cr\u00e9dit et un compartiment \u00e0 monnaie avec bouton pression. En plus, deux compartiments s\u00e9par\u00e9s pour billets de banque. Un petit compartiment pour diverses cartes, notes, etc. compl\u00e8te cet \u00e9tui. Tr\u00e8s bonne qualit\u00e9. Dimensions: largeur 10 cm \/ hauteur 8 cm.<\/p>\n<p>S&rsquo;il vous pla\u00eet entrez le texte de votre gravure dans commentaires \u00e0 l&rsquo;ordre (voir troisi\u00e8me photo). La longueur maximale du texte est de 10 caract\u00e8res.<\/p>\n<p>Attention: les badges avec gravure sont envoy\u00e9s seulement contre paiement d&rsquo;avance (pas contre-remboursement).<\/p>\n<p>Prix gravure : 1 badge = CHF 30.-<\/p>\n<p>Prix gravure : 2 &#8211; 5 badges = CHF 25.-<\/p>\n<p>Prix gravure : 6 &#8211; 10 badges = CHF 20.-<\/p>\n<p>Prix gravure : d\u00e8s 10 pi\u00e8ces = CHF 15.-<\/p>\n<p>Pour les commandes de \u201ebadges avec gravure\u201c, le d\u00e9lai de livraison est de 3 \u00e0 4 semaines.<\/p>\n","protected":false},"excerpt":{"rendered":"<p>Etui en cuir noir petit et pratique avec une fen\u00eatre pour carte d&rsquo;identit\u00e9 et deux emplacements pour cartes de cr\u00e9dit et un compartiment \u00e0 monnaie avec bouton pression. En plus, deux compartiments s\u00e9par\u00e9s pour billets de banque. Un petit compartiment pour diverses cartes, notes, etc. compl\u00e8te cet \u00e9tui. Tr\u00e8s bonne qualit\u00e9. Dimensions: largeur 10 cm [&hellip;]<\/p>\n","protected":false},"featured_media":18413,"comment_status":"open","ping_status":"closed","template":"","meta":{"inline_featured_image":false},"product_brand":[],"product_cat":[1019],"product_tag":[],"class_list":{"0":"post-18415","1":"product","2":"type-product","3":"status-publish","4":"has-post-thumbnail","6":"product_cat-sapeurs-pompiers-gravures","8":"first","9":"instock","10":"taxable","11":"shipping-taxable","12":"purchasable","13":"product-type-simple"},"_links":{"self":[{"href":"https:\/\/metal-badge.ch\/fr\/wp-json\/wp\/v2\/product\/18415","targetHints":{"allow":["GET"]}}],"collection":[{"href":"https:\/\/metal-badge.ch\/fr\/wp-json\/wp\/v2\/product"}],"about":[{"href":"https:\/\/metal-badge.ch\/fr\/wp-json\/wp\/v2\/types\/product"}],"replies":[{"embeddable":true,"href":"https:\/\/metal-badge.ch\/fr\/wp-json\/wp\/v2\/comments?post=18415"}],"wp:featuredmedia":[{"embeddable":true,"href":"https:\/\/metal-badge.ch\/fr\/wp-json\/wp\/v2\/media\/18413"}],"wp:attachment":[{"href":"https:\/\/metal-badge.ch\/fr\/wp-json\/wp\/v2\/media?parent=18415"}],"wp:term":[{"taxonomy":"product_brand","embeddable":true,"href":"https:\/\/metal-badge.ch\/fr\/wp-json\/wp\/v2\/product_brand?post=18415"},{"taxonomy":"product_cat","embeddable":true,"href":"https:\/\/metal-badge.ch\/fr\/wp-json\/wp\/v2\/product_cat?post=18415"},{"taxonomy":"product_tag","embeddable":true,"href":"https:\/\/metal-badge.ch\/fr\/wp-json\/wp\/v2\/product_tag?post=18415"}],"curies":[{"name":"wp","href":"https:\/\/api.w.org\/{rel}","templated":true}]}}