{"id":18360,"date":"2010-11-19T20:22:14","date_gmt":"2010-11-19T20:22:14","guid":{"rendered":"https:\/\/shop.metal-badge.ch\/?product=etui-en-cuir-small-agent-de-securite-suisse-gravure"},"modified":"2020-11-24T03:42:56","modified_gmt":"2020-11-24T02:42:56","slug":"etui-en-cuir-small-agent-de-securite-suisse-gravure","status":"publish","type":"product","link":"https:\/\/metal-badge.ch\/fr\/product\/18360\/etui-en-cuir-small-agent-de-securite-suisse-gravure\/","title":{"rendered":"Etui en cuir  \u00ab\u00a0Small\u00a0\u00bb Agent de S\u00e9curit\u00e9 Suisse, gravure"},"content":{"rendered":"<p>Etui en cuir noir, format pratique, avec fen\u00eatre pour carte d&rsquo;identit\u00e9. S&rsquo;ouvre vers le haut. Dimensions: largeur 7,5 cm \/ hauteur 10 cm.<\/p>\n<p>S&rsquo;il vous pla\u00eet entrez le texte de votre gravure dans commentaires \u00e0 l&rsquo;ordre (voir troisi\u00e8me photo). La longueur maximale du texte est de 10 caract\u00e8res.<\/p>\n<p>Attention: les badges avec gravure sont envoy\u00e9s seulement contre paiement d&rsquo;avance (pas contre-remboursement).<\/p>\n<p>Prix gravure : 1 badge = CHF 30.-<\/p>\n<p>Prix gravure : 2 &#8211; 5 badges = CHF 25.-<\/p>\n<p>Prix gravure : 6 &#8211; 10 badges = CHF 20.-<\/p>\n<p>Prix gravure : d\u00e8s 10 pi\u00e8ces = CHF 15.-<\/p>\n<p>Pour les commandes de \u201ebadges avec gravure\u201c, le d\u00e9lai de livraison est de 3 \u00e0 4 semaines.<\/p>\n","protected":false},"excerpt":{"rendered":"<p>Etui en cuir noir, format pratique, avec fen\u00eatre pour carte d&rsquo;identit\u00e9. S&rsquo;ouvre vers le haut. Dimensions: largeur 7,5 cm \/ hauteur 10 cm. S&rsquo;il vous pla\u00eet entrez le texte de votre gravure dans commentaires \u00e0 l&rsquo;ordre (voir troisi\u00e8me photo). La longueur maximale du texte est de 10 caract\u00e8res. Attention: les badges avec gravure sont envoy\u00e9s [&hellip;]<\/p>\n","protected":false},"featured_media":18358,"comment_status":"open","ping_status":"closed","template":"","meta":{"inline_featured_image":false},"product_brand":[],"product_cat":[1015],"product_tag":[],"class_list":{"0":"post-18360","1":"product","2":"type-product","3":"status-publish","4":"has-post-thumbnail","6":"product_cat-agent-de-securite-suisse-gravure","8":"first","9":"instock","10":"taxable","11":"shipping-taxable","12":"purchasable","13":"product-type-simple"},"_links":{"self":[{"href":"https:\/\/metal-badge.ch\/fr\/wp-json\/wp\/v2\/product\/18360","targetHints":{"allow":["GET"]}}],"collection":[{"href":"https:\/\/metal-badge.ch\/fr\/wp-json\/wp\/v2\/product"}],"about":[{"href":"https:\/\/metal-badge.ch\/fr\/wp-json\/wp\/v2\/types\/product"}],"replies":[{"embeddable":true,"href":"https:\/\/metal-badge.ch\/fr\/wp-json\/wp\/v2\/comments?post=18360"}],"wp:featuredmedia":[{"embeddable":true,"href":"https:\/\/metal-badge.ch\/fr\/wp-json\/wp\/v2\/media\/18358"}],"wp:attachment":[{"href":"https:\/\/metal-badge.ch\/fr\/wp-json\/wp\/v2\/media?parent=18360"}],"wp:term":[{"taxonomy":"product_brand","embeddable":true,"href":"https:\/\/metal-badge.ch\/fr\/wp-json\/wp\/v2\/product_brand?post=18360"},{"taxonomy":"product_cat","embeddable":true,"href":"https:\/\/metal-badge.ch\/fr\/wp-json\/wp\/v2\/product_cat?post=18360"},{"taxonomy":"product_tag","embeddable":true,"href":"https:\/\/metal-badge.ch\/fr\/wp-json\/wp\/v2\/product_tag?post=18360"}],"curies":[{"name":"wp","href":"https:\/\/api.w.org\/{rel}","templated":true}]}}