{"id":18103,"date":"2010-11-12T18:53:01","date_gmt":"2010-11-12T18:53:01","guid":{"rendered":"https:\/\/shop.metal-badge.ch\/?product=badge-garde-frontiere-suisse-sans-etui"},"modified":"2024-01-11T17:17:35","modified_gmt":"2024-01-11T16:17:35","slug":"badge-garde-frontiere-suisse-sans-etui","status":"publish","type":"product","link":"https:\/\/metal-badge.ch\/fr\/product\/18103\/badge-garde-frontiere-suisse-sans-etui\/","title":{"rendered":"Badge Garde-Frontiere Suisse (sans \u00e9tui)"},"content":{"rendered":"<p>Badge de Garde-Frontiere Suisse, sans \u00e9tui ni bois. Au choix en argent ou en or.<\/p>\n<p>Badge Taille: 82,5 mm x 55,5 mm \/ insigne poids avec clip: 58 gr.<\/p>\n<p>Attention: badge uniquement disponible pour les membres Garde-Frontiere!<\/p>\n<p>Cette jolie bo\u00eete cadeau en alu argent\u00e9 avec fen\u00eatre est comprise dans le prix.&nbsp;<\/p>\n<p><span style=\"color: #ff0000;\"><strong>Attention: badge uniquement disponible pour les membres Garde-Frontiere!<\/strong><\/span><\/p>\n","protected":false},"excerpt":{"rendered":"<p>Badge de Garde-Frontiere Suisse, sans \u00e9tui ni bois. Au choix en argent ou en or.<\/p>\n<p>Badge Taille: 82,5 mm x 55,5 mm \/ insigne poids avec clip: 58 gr.<\/p>\n<p>Attention: badge uniquement disponible pour les membres Garde-Frontiere!<\/p>\n<p>Cette jolie bo\u00eete cadeau en alu argent\u00e9 avec fen\u00eatre est comprise dans le prix.&nbsp;<\/p>\n<p><span style=\"color: #ff0000;\"><strong>Attention: badge uniquement disponible pour les membres Garde-Frontiere!<\/strong><\/span><\/p>\n","protected":false},"featured_media":75771,"comment_status":"open","ping_status":"closed","template":"","meta":{"inline_featured_image":false},"product_brand":[],"product_cat":[1007],"product_tag":[],"class_list":{"0":"post-18103","1":"product","2":"type-product","3":"status-publish","4":"has-post-thumbnail","6":"product_cat-garde-frontiere-suisse","8":"first","9":"instock","10":"taxable","11":"shipping-taxable","12":"purchasable","13":"product-type-simple"},"_links":{"self":[{"href":"https:\/\/metal-badge.ch\/fr\/wp-json\/wp\/v2\/product\/18103","targetHints":{"allow":["GET"]}}],"collection":[{"href":"https:\/\/metal-badge.ch\/fr\/wp-json\/wp\/v2\/product"}],"about":[{"href":"https:\/\/metal-badge.ch\/fr\/wp-json\/wp\/v2\/types\/product"}],"replies":[{"embeddable":true,"href":"https:\/\/metal-badge.ch\/fr\/wp-json\/wp\/v2\/comments?post=18103"}],"wp:featuredmedia":[{"embeddable":true,"href":"https:\/\/metal-badge.ch\/fr\/wp-json\/wp\/v2\/media\/75771"}],"wp:attachment":[{"href":"https:\/\/metal-badge.ch\/fr\/wp-json\/wp\/v2\/media?parent=18103"}],"wp:term":[{"taxonomy":"product_brand","embeddable":true,"href":"https:\/\/metal-badge.ch\/fr\/wp-json\/wp\/v2\/product_brand?post=18103"},{"taxonomy":"product_cat","embeddable":true,"href":"https:\/\/metal-badge.ch\/fr\/wp-json\/wp\/v2\/product_cat?post=18103"},{"taxonomy":"product_tag","embeddable":true,"href":"https:\/\/metal-badge.ch\/fr\/wp-json\/wp\/v2\/product_tag?post=18103"}],"curies":[{"name":"wp","href":"https:\/\/api.w.org\/{rel}","templated":true}]}}