{"id":18003,"date":"2010-09-05T14:46:14","date_gmt":"2010-09-05T14:46:14","guid":{"rendered":"https:\/\/shop.metal-badge.ch\/?product=etui-en-cuir-advanced-sans-badge"},"modified":"2023-05-29T11:03:38","modified_gmt":"2023-05-29T09:03:38","slug":"etui-en-cuir-advanced-sans-badge","status":"publish","type":"product","link":"https:\/\/metal-badge.ch\/fr\/product\/18003\/etui-en-cuir-advanced-sans-badge\/","title":{"rendered":"\u00c9tui porte-badge en cuir \u00ab\u00a0Advanced\u00a0\u00bb (sans badge)"},"content":{"rendered":"<p>\u00c9tui porte-badge en cuir \u00ab\u00a0Advanced\u00a0\u00bb (sans badge)<\/p>\n<p>\u00c9tui de cuir vachette noir rabattable au format pratique. \u00c9quip\u00e9 d&rsquo;un compartiment \u00e0 monnaie avec fermeture avec bouton \u00e0 pression sur la partie ext\u00e9rieure de l&rsquo;\u00e9tui.<\/p>\n<p>Fen\u00eatre pour carte d&rsquo;identit\u00e9 ainsi que compartiments suppl\u00e9mentaires pour 6 \u00e0 7 cartes de cr\u00e9dit.<\/p>\n<p>Un compartiment \u00e0 billets est \u00e9galement compris dans l\u2019\u00e9tui.<\/p>\n<p>Dimensions: largeur 10,5 cm \/ hauteur 7,5 cm.<\/p>\n","protected":false},"excerpt":{"rendered":"<p>\u00c9tui porte-badge en cuir de vachette : noir, rabattable, au format pratique, avec compartiment \u00e0 monnaie et fermeture avec bouton \u00e0 pression.<\/p>\n","protected":false},"featured_media":93989,"comment_status":"open","ping_status":"closed","template":"","meta":{"inline_featured_image":false},"product_brand":[],"product_cat":[907,947],"product_tag":[],"class_list":{"0":"post-18003","1":"product","2":"type-product","3":"status-publish","4":"has-post-thumbnail","6":"product_cat-etuis-en-cuir-sans-badge","7":"product_cat-portemonnaies-etuis-en-cuir","9":"first","10":"instock","11":"taxable","12":"shipping-taxable","13":"purchasable","14":"product-type-simple"},"_links":{"self":[{"href":"https:\/\/metal-badge.ch\/fr\/wp-json\/wp\/v2\/product\/18003","targetHints":{"allow":["GET"]}}],"collection":[{"href":"https:\/\/metal-badge.ch\/fr\/wp-json\/wp\/v2\/product"}],"about":[{"href":"https:\/\/metal-badge.ch\/fr\/wp-json\/wp\/v2\/types\/product"}],"replies":[{"embeddable":true,"href":"https:\/\/metal-badge.ch\/fr\/wp-json\/wp\/v2\/comments?post=18003"}],"wp:featuredmedia":[{"embeddable":true,"href":"https:\/\/metal-badge.ch\/fr\/wp-json\/wp\/v2\/media\/93989"}],"wp:attachment":[{"href":"https:\/\/metal-badge.ch\/fr\/wp-json\/wp\/v2\/media?parent=18003"}],"wp:term":[{"taxonomy":"product_brand","embeddable":true,"href":"https:\/\/metal-badge.ch\/fr\/wp-json\/wp\/v2\/product_brand?post=18003"},{"taxonomy":"product_cat","embeddable":true,"href":"https:\/\/metal-badge.ch\/fr\/wp-json\/wp\/v2\/product_cat?post=18003"},{"taxonomy":"product_tag","embeddable":true,"href":"https:\/\/metal-badge.ch\/fr\/wp-json\/wp\/v2\/product_tag?post=18003"}],"curies":[{"name":"wp","href":"https:\/\/api.w.org\/{rel}","templated":true}]}}