{"id":17997,"date":"2010-09-05T01:49:32","date_gmt":"2010-09-05T01:49:32","guid":{"rendered":"https:\/\/shop.metal-badge.ch\/?product=etui-en-cuir-advanced-securite-ue-gravure"},"modified":"2020-11-25T05:00:17","modified_gmt":"2020-11-25T04:00:17","slug":"etui-en-cuir-advanced-securite-ue-gravure","status":"publish","type":"product","link":"https:\/\/metal-badge.ch\/fr\/product\/17997\/etui-en-cuir-advanced-securite-ue-gravure\/","title":{"rendered":"Etui en cuir \u00ab\u00a0Advanced\u00a0\u00bb S\u00e9curit\u00e9 UE, gravure"},"content":{"rendered":"<p>Etui de cuir vachette noir rabattable au format pratique. Un compartiment \u00e0 monnaie avec fermeture avec bouton \u00e0 pression et badge sur la partie ext\u00e9rieure sont appropri\u00e9s \u00e0 cet \u00e9tui. Fen\u00eatre pour carte d&rsquo;identit\u00e9 ainsi que compartiments suppl\u00e9mentaires pour 6 \u00e0 7 cartes de cr\u00e9dit. Un compartiment \u00e0 billets est \u00e9galement compris dans l\u2019\u00e9tui. Dimensions: largeur 10,5 cm \/ hauteur 7,5 cm.<\/p>\n<p>S&rsquo;il vous pla\u00eet entrez le texte de votre gravure dans commentaires \u00e0 l&rsquo;ordre (voir troisi\u00e8me photo). La longueur maximale du texte est de 10 caract\u00e8res.<\/p>\n<p>Attention: les badges avec gravure sont envoy\u00e9s seulement contre paiement d&rsquo;avance (pas contre-remboursement).<\/p>\n<p>Prix gravure : 1 badge = CHF 30.-<\/p>\n<p>Prix gravure : 2 &#8211; 5 badges = CHF 25.-<\/p>\n<p>Prix gravure : 6 &#8211; 10 badges = CHF 20.-<\/p>\n<p>Prix gravure : d\u00e8s 10 pi\u00e8ces = CHF 15.-<\/p>\n<p>Pour les commandes de \u201ebadges avec gravure\u201c, le d\u00e9lai de livraison est de 3 \u00e0 4 semaines.<\/p>\n","protected":false},"excerpt":{"rendered":"<p>Etui de cuir vachette noir rabattable au format pratique. Un compartiment \u00e0 monnaie avec fermeture avec bouton \u00e0 pression et badge sur la partie ext\u00e9rieure sont appropri\u00e9s \u00e0 cet \u00e9tui. Fen\u00eatre pour carte d&rsquo;identit\u00e9 ainsi que compartiments suppl\u00e9mentaires pour 6 \u00e0 7 cartes de cr\u00e9dit. Un compartiment \u00e0 billets est \u00e9galement compris dans l\u2019\u00e9tui. Dimensions: [&hellip;]<\/p>\n","protected":false},"featured_media":17994,"comment_status":"open","ping_status":"closed","template":"","meta":{"inline_featured_image":false},"product_brand":[],"product_cat":[991],"product_tag":[],"class_list":{"0":"post-17997","1":"product","2":"type-product","3":"status-publish","4":"has-post-thumbnail","6":"product_cat-securite-ue-gravure","8":"first","9":"instock","10":"taxable","11":"shipping-taxable","12":"purchasable","13":"product-type-simple"},"_links":{"self":[{"href":"https:\/\/metal-badge.ch\/fr\/wp-json\/wp\/v2\/product\/17997","targetHints":{"allow":["GET"]}}],"collection":[{"href":"https:\/\/metal-badge.ch\/fr\/wp-json\/wp\/v2\/product"}],"about":[{"href":"https:\/\/metal-badge.ch\/fr\/wp-json\/wp\/v2\/types\/product"}],"replies":[{"embeddable":true,"href":"https:\/\/metal-badge.ch\/fr\/wp-json\/wp\/v2\/comments?post=17997"}],"wp:featuredmedia":[{"embeddable":true,"href":"https:\/\/metal-badge.ch\/fr\/wp-json\/wp\/v2\/media\/17994"}],"wp:attachment":[{"href":"https:\/\/metal-badge.ch\/fr\/wp-json\/wp\/v2\/media?parent=17997"}],"wp:term":[{"taxonomy":"product_brand","embeddable":true,"href":"https:\/\/metal-badge.ch\/fr\/wp-json\/wp\/v2\/product_brand?post=17997"},{"taxonomy":"product_cat","embeddable":true,"href":"https:\/\/metal-badge.ch\/fr\/wp-json\/wp\/v2\/product_cat?post=17997"},{"taxonomy":"product_tag","embeddable":true,"href":"https:\/\/metal-badge.ch\/fr\/wp-json\/wp\/v2\/product_tag?post=17997"}],"curies":[{"name":"wp","href":"https:\/\/api.w.org\/{rel}","templated":true}]}}