{"id":17883,"date":"2010-09-04T18:57:50","date_gmt":"2010-09-04T18:57:50","guid":{"rendered":"https:\/\/shop.metal-badge.ch\/?product=etui-en-cuir-advanced-ipa-suisse"},"modified":"2017-04-13T01:10:43","modified_gmt":"2017-04-13T01:10:43","slug":"etui-en-cuir-advanced-ipa-suisse","status":"publish","type":"product","link":"https:\/\/metal-badge.ch\/fr\/product\/17883\/etui-en-cuir-advanced-ipa-suisse\/","title":{"rendered":"Etui en cuir \u00ab\u00a0Advanced\u00a0\u00bb IPA Suisse"},"content":{"rendered":"<p>Etui de cuir vachette noir rabattable au format pratique. Un compartiment \u00e0 monnaie avec fermeture avec bouton \u00e0 pression et badge sur la partie ext\u00e9rieure sont appropri\u00e9s \u00e0 cet \u00e9tui. Fen\u00eatre pour carte d&rsquo;identit\u00e9 ainsi que compartiments suppl\u00e9mentaires pour 6 \u00e0 7 cartes de cr\u00e9dit. Un compartiment \u00e0 billets est \u00e9galement compris dans l\u2019\u00e9tui. Dimensions: largeur 10,5 cm \/ hauteur 7,5 cm.<\/p>\n<p>Attention: badge uniquement disponible pour les membres IPA!<\/p>\n","protected":false},"excerpt":{"rendered":"<p>Etui de cuir vachette noir rabattable au format pratique. Un compartiment \u00e0 monnaie avec fermeture avec bouton \u00e0 pression et badge sur la partie ext\u00e9rieure sont appropri\u00e9s \u00e0 cet \u00e9tui. Fen\u00eatre pour carte d&rsquo;identit\u00e9 ainsi que compartiments suppl\u00e9mentaires pour 6 \u00e0 7 cartes de cr\u00e9dit. Un compartiment \u00e0 billets est \u00e9galement compris dans l\u2019\u00e9tui. Dimensions: [&hellip;]<\/p>\n","protected":false},"featured_media":94021,"comment_status":"open","ping_status":"closed","template":"","meta":{"inline_featured_image":false},"product_brand":[],"product_cat":[839],"product_tag":[],"class_list":{"0":"post-17883","1":"product","2":"type-product","3":"status-publish","4":"has-post-thumbnail","6":"product_cat-suisse","8":"first","9":"instock","10":"taxable","11":"shipping-taxable","12":"purchasable","13":"product-type-simple"},"_links":{"self":[{"href":"https:\/\/metal-badge.ch\/fr\/wp-json\/wp\/v2\/product\/17883","targetHints":{"allow":["GET"]}}],"collection":[{"href":"https:\/\/metal-badge.ch\/fr\/wp-json\/wp\/v2\/product"}],"about":[{"href":"https:\/\/metal-badge.ch\/fr\/wp-json\/wp\/v2\/types\/product"}],"replies":[{"embeddable":true,"href":"https:\/\/metal-badge.ch\/fr\/wp-json\/wp\/v2\/comments?post=17883"}],"wp:featuredmedia":[{"embeddable":true,"href":"https:\/\/metal-badge.ch\/fr\/wp-json\/wp\/v2\/media\/94021"}],"wp:attachment":[{"href":"https:\/\/metal-badge.ch\/fr\/wp-json\/wp\/v2\/media?parent=17883"}],"wp:term":[{"taxonomy":"product_brand","embeddable":true,"href":"https:\/\/metal-badge.ch\/fr\/wp-json\/wp\/v2\/product_brand?post=17883"},{"taxonomy":"product_cat","embeddable":true,"href":"https:\/\/metal-badge.ch\/fr\/wp-json\/wp\/v2\/product_cat?post=17883"},{"taxonomy":"product_tag","embeddable":true,"href":"https:\/\/metal-badge.ch\/fr\/wp-json\/wp\/v2\/product_tag?post=17883"}],"curies":[{"name":"wp","href":"https:\/\/api.w.org\/{rel}","templated":true}]}}