{"id":17869,"date":"2010-08-16T12:43:16","date_gmt":"2010-08-16T12:43:16","guid":{"rendered":"https:\/\/shop.metal-badge.ch\/?product=ceinture-portefeuille-vert-olive"},"modified":"2010-08-19T16:50:25","modified_gmt":"2010-08-19T16:50:25","slug":"ceinture-portefeuille-vert-olive","status":"publish","type":"product","link":"https:\/\/metal-badge.ch\/fr\/product\/17869\/ceinture-portefeuille-vert-olive\/","title":{"rendered":"Ceinture portefeuille vert olive"},"content":{"rendered":"<p>La ceinture de textile offerte ici est en t\u00e9ryl\u00e8ne, cette fibre synth\u00e9tique dont les propri\u00e9t\u00e9s sont la r\u00e9sistance aux d\u00e9chirements et \u00e0 l&rsquo;abrasion, la haute insensibilit\u00e9 aux \u00e9carts thermiques, la l\u00e9g\u00e8ret\u00e9, le peu d&rsquo;absorption d&rsquo;humidit\u00e9, donc un s\u00e9chage rapide, la r\u00e9sistance aux UV et ne se d\u00e9tend pas \u00e0 l&rsquo;humidit\u00e9. Une ceinture portefeuille classique  ou ceinture de s\u00e9curit\u00e9 avec un fermoir en m\u00e9tal platine bross\u00e9. La boucle robuste, de forme \u00e9l\u00e9gante peut \u00eatre ouverte et enlev\u00e9e de l\u2019int\u00e9rieur gr\u00e2ce \u00e0 un fermoir coulissant.  <\/p>\n<p>Les ceintures portefeuilles comptent toujours parmi les accessoires classiques pour conserver l\u2019argent lors de d\u00e9placement. La ceinture portefeuille offerte ici est disponible dans 3 longueurs diff\u00e9rentes de 100 cm \u00e0 120 cm. Les ceintures peuvent \u00eatre raccourcies individuellement. La largeur de la ceinture est de 38 mm. <\/p>\n<p>A l\u2019int\u00e9rieur se trouve un compartiment secret avec une longue fermeture \u00e9clair d\u2019environ 30 cm, dans lequel des billets de banque pli\u00e9s ou des documents peuvent \u00eatre gard\u00e9s et port\u00e9s discr\u00e8tement pr\u00e8s du corps. <\/p>\n<p>Gr\u00e2ce \u00e0 la grande largeur de 38 mm de la ceinture portefeuille \/ ceinture de s\u00e9curit\u00e9, le compartiment secret int\u00e9rieur  reste suffisamment large. <\/p>\n<p><b>Veuillez s.v.p. \u00e9galement consulter nos ceintures de cuir dans le shop.<\/b><\/p>\n<p>Informations sur le produit: ceinture en textile<\/p>\n<ul>\n<li>En t\u00e9ryl\u00e8ne<\/li>\n<li>Couleur: vert olive<\/li>\n<li>Longueur: 100 cm \u00e0 120 cm<\/li>\n<li>Largeur: 3.8 cm <\/li>\n<li>M\u00e9canisme \u00e0 rabat pour facilement raccourcir soi-m\u00eame<\/li>\n<li>Fermoir nickel\u00e9 poli mat, de forme \u00e9l\u00e9gante<\/li>\n<li>Pour les commandes plus importantes, d\u00e8s 50 pi\u00e8ces: rabais. Veuillez s.v.p. nous contacter.  <\/li>\n<\/ul>\n<p><a href=\\\"..\/shop\/pdf\/ceinture_tableau_des_dimensions_f.pdf\"?osCAdminID=63877ea2a3c383744bf9a75aed19f688&#038;osCAdminID=63877ea2a3c383744bf9a75aed19f688&#038;osCAdminID=6e99696182974fc88e1d5943e1b94b3c&#038;osCAdminID=6e99696182974fc88e1d5943e1b94b3c&#038;osCAdminID=6e99696182974fc88e1d5943e1b94b3c&#038;osCAdminID=6e99696182974fc88e1d5943e1b94b3c&#038;osCAdminID=6e99696182974fc88e1d5943e1b94b3c&#038;osCAdminID=6e99696182974fc88e1d5943e1b94b3c&#038;osCAdminID=6e99696182974fc88e1d5943e1b94b3c&#038;osCAdminID=6e99696182974fc88e1d5943e1b94b3c\n target=\\\"_blank\\\">Tableau de dimensions (PDF)<\/a><\/p>\n","protected":false},"excerpt":{"rendered":"<p>La ceinture de textile offerte ici est en t\u00e9ryl\u00e8ne, cette fibre synth\u00e9tique dont les propri\u00e9t\u00e9s sont la r\u00e9sistance aux d\u00e9chirements et \u00e0 l&rsquo;abrasion, la haute insensibilit\u00e9 aux \u00e9carts thermiques, la l\u00e9g\u00e8ret\u00e9, le peu d&rsquo;absorption d&rsquo;humidit\u00e9, donc un s\u00e9chage rapide, la r\u00e9sistance aux UV et ne se d\u00e9tend pas \u00e0 l&rsquo;humidit\u00e9. Une ceinture portefeuille classique ou [&hellip;]<\/p>\n","protected":false},"featured_media":94025,"comment_status":"open","ping_status":"closed","template":"","meta":{"inline_featured_image":false},"product_brand":[],"product_cat":[1347,1435,1646],"product_tag":[1769,1777,1773,1781,1765],"class_list":{"0":"post-17869","1":"product","2":"type-product","3":"status-publish","4":"has-post-thumbnail","6":"product_cat-accessoires-militaires-de-chasse","7":"product_cat-camping-voyage","8":"product_cat-ceintures-a-inserer","9":"product_tag-army-survival-fr","10":"product_tag-camping-voyage","11":"product_tag-chasse-peche","12":"product_tag-police-securite","13":"product_tag-sport-outdoor-fr","15":"first","16":"instock","17":"taxable","18":"shipping-taxable","19":"purchasable","20":"product-type-simple"},"_links":{"self":[{"href":"https:\/\/metal-badge.ch\/fr\/wp-json\/wp\/v2\/product\/17869","targetHints":{"allow":["GET"]}}],"collection":[{"href":"https:\/\/metal-badge.ch\/fr\/wp-json\/wp\/v2\/product"}],"about":[{"href":"https:\/\/metal-badge.ch\/fr\/wp-json\/wp\/v2\/types\/product"}],"replies":[{"embeddable":true,"href":"https:\/\/metal-badge.ch\/fr\/wp-json\/wp\/v2\/comments?post=17869"}],"wp:featuredmedia":[{"embeddable":true,"href":"https:\/\/metal-badge.ch\/fr\/wp-json\/wp\/v2\/media\/94025"}],"wp:attachment":[{"href":"https:\/\/metal-badge.ch\/fr\/wp-json\/wp\/v2\/media?parent=17869"}],"wp:term":[{"taxonomy":"product_brand","embeddable":true,"href":"https:\/\/metal-badge.ch\/fr\/wp-json\/wp\/v2\/product_brand?post=17869"},{"taxonomy":"product_cat","embeddable":true,"href":"https:\/\/metal-badge.ch\/fr\/wp-json\/wp\/v2\/product_cat?post=17869"},{"taxonomy":"product_tag","embeddable":true,"href":"https:\/\/metal-badge.ch\/fr\/wp-json\/wp\/v2\/product_tag?post=17869"}],"curies":[{"name":"wp","href":"https:\/\/api.w.org\/{rel}","templated":true}]}}