{"id":17770,"date":"2010-07-29T09:35:59","date_gmt":"2010-07-29T09:35:59","guid":{"rendered":"https:\/\/shop.metal-badge.ch\/?product=etui-en-cuir-secure-securite-ue-gravure"},"modified":"2020-11-26T03:35:36","modified_gmt":"2020-11-26T02:35:36","slug":"etui-en-cuir-secure-securite-ue-gravure","status":"publish","type":"product","link":"https:\/\/metal-badge.ch\/fr\/product\/17770\/etui-en-cuir-secure-securite-ue-gravure\/","title":{"rendered":"Etui en cuir \u00ab\u00a0Secure\u00a0\u00bb S\u00e9curit\u00e9 UE, gravure"},"content":{"rendered":"<p>\u00c9tui en cuir noir avec un cha\u00eenette en acier inoxydable. La cha\u00eenette est munie d&rsquo;une fermeture de s\u00e9curit\u00e9. Compartiment avec fen\u00eatre transparente sur l&rsquo;arri\u00e8re. Cet \u00e9tui peut \u00eatre port\u00e9 sur la ceinture en retirant la cha\u00eenette. De plus, un porte-stylo \u00e9lastique est \u00e9galement pr\u00e9sent sur le c\u00f4t\u00e9 ext\u00e9rieur de l&rsquo;\u00e9tui.<\/p>\n<p>\u00c0 l&rsquo;int\u00e9rieur, on trouve deux compartiments pour cartes de cr\u00e9dit.<br \/>\nDimensions \/ mesures : 7.5 cm \/ hauteur 10 cm<\/p>\n<p><strong>Stylo bille pas inclus dans la livraison. <\/strong><\/p>\n<p>S&rsquo;il vous pla\u00eet entrez le texte de votre gravure dans commentaires \u00e0 l&rsquo;ordre (voir troisi\u00e8me photo). La longueur maximale du texte est de 10 caract\u00e8res.<\/p>\n<p>Attention: les badges avec gravure sont envoy\u00e9s seulement contre paiement d&rsquo;avance (pas contre-remboursement).<\/p>\n<p>Prix gravure : 1 badge = CHF 30.-<\/p>\n<p>Prix gravure : 2 &#8211; 5 badges = CHF 25.-<\/p>\n<p>Prix gravure : 6 &#8211; 10 badges = CHF 20.-<\/p>\n<p>Prix gravure : d\u00e8s 10 pi\u00e8ces = CHF 15.-<\/p>\n<p>Pour les commandes de \u201ebadges avec gravure\u201c, le d\u00e9lai de livraison est de 3 \u00e0 4 semaines.<\/p>\n","protected":false},"excerpt":{"rendered":"<p>\u00c9tui en cuir noir avec un cha\u00eenette en acier inoxydable. La cha\u00eenette est munie d&rsquo;une fermeture de s\u00e9curit\u00e9. Compartiment avec fen\u00eatre transparente sur l&rsquo;arri\u00e8re. Cet \u00e9tui peut \u00eatre port\u00e9 sur la ceinture en retirant la cha\u00eenette. De plus, un porte-stylo \u00e9lastique est \u00e9galement pr\u00e9sent sur le c\u00f4t\u00e9 ext\u00e9rieur de l&rsquo;\u00e9tui. \u00c0 l&rsquo;int\u00e9rieur, on trouve deux [&hellip;]<\/p>\n","protected":false},"featured_media":17768,"comment_status":"open","ping_status":"closed","template":"","meta":{"inline_featured_image":false},"product_brand":[],"product_cat":[991],"product_tag":[],"class_list":{"0":"post-17770","1":"product","2":"type-product","3":"status-publish","4":"has-post-thumbnail","6":"product_cat-securite-ue-gravure","8":"first","9":"instock","10":"taxable","11":"shipping-taxable","12":"purchasable","13":"product-type-simple"},"_links":{"self":[{"href":"https:\/\/metal-badge.ch\/fr\/wp-json\/wp\/v2\/product\/17770","targetHints":{"allow":["GET"]}}],"collection":[{"href":"https:\/\/metal-badge.ch\/fr\/wp-json\/wp\/v2\/product"}],"about":[{"href":"https:\/\/metal-badge.ch\/fr\/wp-json\/wp\/v2\/types\/product"}],"replies":[{"embeddable":true,"href":"https:\/\/metal-badge.ch\/fr\/wp-json\/wp\/v2\/comments?post=17770"}],"wp:featuredmedia":[{"embeddable":true,"href":"https:\/\/metal-badge.ch\/fr\/wp-json\/wp\/v2\/media\/17768"}],"wp:attachment":[{"href":"https:\/\/metal-badge.ch\/fr\/wp-json\/wp\/v2\/media?parent=17770"}],"wp:term":[{"taxonomy":"product_brand","embeddable":true,"href":"https:\/\/metal-badge.ch\/fr\/wp-json\/wp\/v2\/product_brand?post=17770"},{"taxonomy":"product_cat","embeddable":true,"href":"https:\/\/metal-badge.ch\/fr\/wp-json\/wp\/v2\/product_cat?post=17770"},{"taxonomy":"product_tag","embeddable":true,"href":"https:\/\/metal-badge.ch\/fr\/wp-json\/wp\/v2\/product_tag?post=17770"}],"curies":[{"name":"wp","href":"https:\/\/api.w.org\/{rel}","templated":true}]}}