{"id":17745,"date":"2010-07-29T09:34:04","date_gmt":"2010-07-29T09:34:04","guid":{"rendered":"https:\/\/shop.metal-badge.ch\/?product=etui-en-cuir-functional-securite-ue-gravure"},"modified":"2020-11-26T03:58:16","modified_gmt":"2020-11-26T02:58:16","slug":"etui-en-cuir-functional-securite-ue-gravure","status":"publish","type":"product","link":"https:\/\/metal-badge.ch\/fr\/product\/17745\/etui-en-cuir-functional-securite-ue-gravure\/","title":{"rendered":"Etui en cuir \u00ab\u00a0Functional\u00a0\u00bb S\u00e9curit\u00e9 UE, gravure"},"content":{"rendered":"<p>Etui en cuir marron avec fen\u00eatre pour carte de cr\u00e9dit, compartiments pour cartes de cr\u00e9dit, monnaie et billets.<\/p>\n<p>S&rsquo;il vous pla\u00eet entrez le texte de votre gravure dans commentaires \u00e0 l&rsquo;ordre (voir troisi\u00e8me photo). La longueur maximale du texte est de 10 caract\u00e8res.<\/p>\n<p>Attention: les badges avec gravure sont envoy\u00e9s seulement contre paiement d&rsquo;avance (pas contre-remboursement).<\/p>\n<p>Prix gravure : 1 badge = CHF 30.-<\/p>\n<p>Prix gravure : 2 &#8211; 5 badges = CHF 25.-<\/p>\n<p>Prix gravure : 6 &#8211; 10 badges = CHF 20.-<\/p>\n<p>Prix gravure : d\u00e8s 10 pi\u00e8ces = CHF 15.-<\/p>\n<p>Pour les commandes de \u201ebadges avec gravure\u201c, le d\u00e9lai de livraison est de 3 \u00e0 4 semaines.<\/p>\n","protected":false},"excerpt":{"rendered":"<p>Etui en cuir marron avec fen\u00eatre pour carte de cr\u00e9dit, compartiments pour cartes de cr\u00e9dit, monnaie et billets. S&rsquo;il vous pla\u00eet entrez le texte de votre gravure dans commentaires \u00e0 l&rsquo;ordre (voir troisi\u00e8me photo). La longueur maximale du texte est de 10 caract\u00e8res. Attention: les badges avec gravure sont envoy\u00e9s seulement contre paiement d&rsquo;avance (pas [&hellip;]<\/p>\n","protected":false},"featured_media":17743,"comment_status":"open","ping_status":"closed","template":"","meta":{"inline_featured_image":false},"product_brand":[],"product_cat":[991],"product_tag":[],"class_list":{"0":"post-17745","1":"product","2":"type-product","3":"status-publish","4":"has-post-thumbnail","6":"product_cat-securite-ue-gravure","8":"first","9":"instock","10":"taxable","11":"shipping-taxable","12":"purchasable","13":"product-type-simple"},"_links":{"self":[{"href":"https:\/\/metal-badge.ch\/fr\/wp-json\/wp\/v2\/product\/17745","targetHints":{"allow":["GET"]}}],"collection":[{"href":"https:\/\/metal-badge.ch\/fr\/wp-json\/wp\/v2\/product"}],"about":[{"href":"https:\/\/metal-badge.ch\/fr\/wp-json\/wp\/v2\/types\/product"}],"replies":[{"embeddable":true,"href":"https:\/\/metal-badge.ch\/fr\/wp-json\/wp\/v2\/comments?post=17745"}],"wp:featuredmedia":[{"embeddable":true,"href":"https:\/\/metal-badge.ch\/fr\/wp-json\/wp\/v2\/media\/17743"}],"wp:attachment":[{"href":"https:\/\/metal-badge.ch\/fr\/wp-json\/wp\/v2\/media?parent=17745"}],"wp:term":[{"taxonomy":"product_brand","embeddable":true,"href":"https:\/\/metal-badge.ch\/fr\/wp-json\/wp\/v2\/product_brand?post=17745"},{"taxonomy":"product_cat","embeddable":true,"href":"https:\/\/metal-badge.ch\/fr\/wp-json\/wp\/v2\/product_cat?post=17745"},{"taxonomy":"product_tag","embeddable":true,"href":"https:\/\/metal-badge.ch\/fr\/wp-json\/wp\/v2\/product_tag?post=17745"}],"curies":[{"name":"wp","href":"https:\/\/api.w.org\/{rel}","templated":true}]}}